{"id":3554,"date":"2020-09-18T14:36:38","date_gmt":"2020-09-18T14:36:38","guid":{"rendered":"https:\/\/gpsites.co\/wired\/?page_id=3554"},"modified":"2026-01-26T13:00:24","modified_gmt":"2026-01-26T13:00:24","slug":"home","status":"publish","type":"page","link":"https:\/\/www.sajthotellet.com\/da\/","title":{"rendered":"Sajthotellet &#8211; Ett stabilt och p\u00e5litligt webbhotell"},"content":{"rendered":"<div class=\"gb-container gb-container-95f45c80\"><div class=\"gb-inside-container\">\n<div class=\"gb-grid-wrapper gb-grid-wrapper-779b14a4\">\n<div class=\"gb-grid-column gb-grid-column-60c49e70\"><div class=\"gb-container gb-container-60c49e70\"><div class=\"gb-inside-container\">\n\n<h1 class=\"gb-headline gb-headline-29c0d064 gb-headline-text\">Din online rejse starter p\u00e5  <mark style=\"background-color:rgba(0, 0, 0, 0)\" class=\"has-inline-color has-contrast-color\">Sajthotellet<\/mark> &#8211; <br>en webhost uden opstartsgebyrer og uden bindingsperiode. Altid med kunden i fokus. <\/h1>\n\n<\/div><\/div><\/div>\n<\/div>\n\n\n<div style=\"height:50px\" aria-hidden=\"true\" class=\"wp-block-spacer\"><\/div>\n\n\n<div class=\"gb-container gb-container-12b16fe4\"><div class=\"gb-inside-container\">\n<div class=\"gb-grid-wrapper gb-grid-wrapper-bc0dd261\">\n<div class=\"gb-grid-column gb-grid-column-3abc36d1\"><div class=\"gb-container gb-container-3abc36d1\"><div class=\"gb-inside-container\">\n\n<h4 class=\"gb-headline gb-headline-385d0e1c gb-headline-text\">WEBB START<\/h4>\n\n\n\n<h2 class=\"gb-headline gb-headline-ebc692f3 gb-headline-text\"> 10 GB<\/h2>\n\n\n\n<p class=\"has-text-align-center has-base-3-color has-text-color\" style=\"font-size:15px\"><strong>Perfekt til mindre WordPress-sites<\/strong>.<br><br>1 hjemmeside + 1 database<br>512 MB ram<br>50% CPU med 1 kerne<br>100 GB trafik<br>5 GB til hjemmeside<br>5 GB til e-mail (1 dom\u00e6ne)<br>Obgr. antal e-mailadresser<br><br>Daglige backups gemt i 14 dage med automatisk gendannelse!<br><br><strong>Installation af WordPress<\/strong> <strong>med et enkelt klik!<\/strong><\/p>\n\n\n<div class=\"gb-button-wrapper gb-button-wrapper-d009a6c1\">\n\n<a class=\"gb-button gb-button-a2f5a60a gb-button-text\" href=\"https:\/\/login.sajthotellet.com\/?cmd=cart&amp;action=add&amp;id=345\"><strong>Kom ig\u00e5ng f\u00f6r 67 kr\/m\u00e5n<\/strong><\/a>\n\n<\/div>\n<\/div><\/div><\/div>\n\n<div class=\"gb-grid-column gb-grid-column-fac2fecf\"><div class=\"gb-container gb-container-fac2fecf\"><div class=\"gb-inside-container\">\n\n<h4 class=\"gb-headline gb-headline-8aeaa86c gb-headline-text\">WEBB STANDARD<\/h4>\n\n\n\n<h2 class=\"gb-headline gb-headline-8ed80c44 gb-headline-text\">50 GB<\/h2>\n\n\n\n<p class=\"has-text-align-center has-base-3-color has-text-color\" style=\"font-size:15px\"><strong>Til kr\u00e6vende WordPress-sider som blogs og virksomheder.<\/strong>.<br><br>5 hjemmesider + 5 databaser<br>1024 MB ram<br>100% CPU med 2 kerner<br>300 GB trafik<br>40 GB til hjemmeside<br>10 GB til e-mail (1 dom\u00e6ne)<br>Obgr. antal e-mailadresser<br><br>Daglige backups gemt i 30 dage med automatisk gendannelse!<br><br><strong><strong><strong>Installation af WordPress<\/strong> <strong>med et enkelt klik!<\/strong><\/strong><\/strong><\/p>\n\n\n<div class=\"gb-button-wrapper gb-button-wrapper-7fc8d2f3\">\n\n<a class=\"gb-button gb-button-88d4c56d gb-button-text\" href=\"https:\/\/login.sajthotellet.com\/?cmd=cart&amp;action=add&amp;id=344\"><strong><strong>Kom godt i gang for<\/strong> 111 kr\/m\u00e5n<\/strong><\/a>\n\n<\/div>\n<\/div><\/div><\/div>\n\n<div class=\"gb-grid-column gb-grid-column-d25f0f2e\"><div class=\"gb-container gb-container-d25f0f2e\"><div class=\"gb-inside-container\">\n\n<h4 class=\"gb-headline gb-headline-3e7ce6ce gb-headline-text\">WEB PLUS<\/h4>\n\n\n\n<h2 class=\"gb-headline gb-headline-f4615b43 gb-headline-text\">100 GB<\/h2>\n\n\n\n<p class=\"has-text-align-center has-base-3-color has-text-color\" style=\"font-size:15px\"><strong>Det ultimative valg til webshops, der kr\u00e6ver lidt ekstra!<\/strong><br><br>20 hjemmesider + 20 databaser<br>2048 MB ram<br>100% CPU med 4 kerner<br>3000 GB trafik<br>80 GB til hjemmeside<br>20 GB til e-mail (1 dom\u00e6ne)<br>Obgr. antal e-mailadresser<br><br>Daglige backups gemt i 60 dage med automatisk gendannelse!<br><br><strong><strong><strong>Installation af WordPress<\/strong> <strong>med et enkelt klik!<\/strong><\/strong><\/strong><\/p>\n\n\n<div class=\"gb-button-wrapper gb-button-wrapper-4efeb971\">\n\n<a class=\"gb-button gb-button-21faddc9 gb-button-text\" href=\"https:\/\/login.sajthotellet.com\/?cmd=cart&amp;action=add&amp;id=343\"><strong>Kom ig\u00e5ng f\u00f6r 167 kr\/m\u00e5n<\/strong><\/a>\n\n<\/div>\n<\/div><\/div><\/div>\n<\/div>\n<\/div><\/div>\n<\/div><\/div>\n\n<div class=\"gb-container gb-container-4a1ed703\" id=\"divein\"><div class=\"gb-inside-container\">\n\n<h2 class=\"gb-headline gb-headline-f40cb7e9 gb-headline-text\"><strong>Vi prioriterer service, tilg\u00e6ngelighed og p\u00e5lidelighed.<\/strong><\/h2>\n\n\n\n<div style=\"height:30px\" aria-hidden=\"true\" class=\"wp-block-spacer\"><\/div>\n\n\n<div class=\"gb-grid-wrapper gb-grid-wrapper-2f58ca26\">\n<div class=\"gb-grid-column gb-grid-column-04258f5f\"><div class=\"gb-container gb-container-04258f5f\"><div class=\"gb-inside-container\">\n\n<figure class=\"wp-block-image size-full image-shadow img\"><img loading=\"lazy\" decoding=\"async\" width=\"800\" height=\"600\" src=\"https:\/\/www.sajthotellet.com\/wp-content\/uploads\/2023\/10\/Sajthotellet_start.webp\" alt=\"Sajthotellet Webhosting\" class=\"wp-image-4787\" srcset=\"https:\/\/www.sajthotellet.com\/wp-content\/uploads\/2023\/10\/Sajthotellet_start.webp 800w, https:\/\/www.sajthotellet.com\/wp-content\/uploads\/2023\/10\/Sajthotellet_start-300x225.webp 300w, https:\/\/www.sajthotellet.com\/wp-content\/uploads\/2023\/10\/Sajthotellet_start-768x576.webp 768w\" sizes=\"auto, (max-width: 800px) 100vw, 800px\" \/><\/figure>\n\n<\/div><\/div><\/div>\n\n<div class=\"gb-grid-column gb-grid-column-e033eea6\"><div class=\"gb-container gb-container-e033eea6\"><div class=\"gb-inside-container\">\n\n<h3 class=\"gb-headline gb-headline-a55f24cd gb-headline-text\">Komplette webhostingkonti uden skjulte gebyrer<\/h3>\n\n\n\n<p>En webkonto hos Sajthotellet indeholder alt, hvad du skal bruge for at komme i gang med din egen hjemmeside og e-mail. Hvis du har brug for mere avancerede l\u00f8sninger, er der&nbsp;<a href=\"https:\/\/www.sajthotellet.com\/da\/hjaelpetjenester\/\" data-type=\"page\" data-id=\"4096\">Yderligere tjenester<\/a>.<\/p>\n\n\n\n<p>N\u00e5r du v\u00e6lger Sajthotellet som din webhost, undg\u00e5r du opstartsgebyrer og skjulte omkostninger. Alle priser er angivet ekskl. moms.<\/p>\n\n\n<div class=\"gb-button-wrapper gb-button-wrapper-20ab8acf\">\n\n<a class=\"gb-button gb-button-9d609767\" href=\"#\"><span class=\"gb-button-text\">Bestil webhosting fra 60 kr\/m\u00e5ned<\/span><span class=\"gb-icon\"><svg xmlns=\"http:\/\/www.w3.org\/2000\/svg\" viewbox=\"0 0 256 512\" width=\"1em\" height=\"1em\" aria-hidden=\"true\"><path d=\"M224.3 273l-136 136c-9.4 9.4-24.6 9.4-33.9 0l-22.6-22.6c-9.4-9.4-9.4-24.6 0-33.9l96.4-96.4-96.4-96.4c-9.4-9.4-9.4-24.6 0-33.9L54.3 103c9.4-9.4 24.6-9.4 33.9 0l136 136c9.5 9.4 9.5 24.6.1 34z\" fill=\"currentColor\"><\/path><\/svg><\/span><\/a>\n\n<\/div>\n<\/div><\/div><\/div>\n<\/div>\n\n\n<div style=\"height:50px\" aria-hidden=\"true\" class=\"wp-block-spacer\"><\/div>\n\n\n<div class=\"gb-container gb-container-f3602b52\"><div class=\"gb-inside-container\">\n<div class=\"gb-grid-wrapper gb-grid-wrapper-956d0b80\">\n<div class=\"gb-grid-column gb-grid-column-e16a4cce\"><div class=\"gb-container gb-container-e16a4cce\"><div class=\"gb-inside-container\">\n\n<h3 class=\"gb-headline gb-headline-38b22e9b gb-headline-text\">Hotellet p\u00e5 stedet giver dig fleksibilitet<\/h3>\n\n\n\n<p>Sajthotels udvalg af tjenester er designet til at give dig s\u00e5 mange valgmuligheder som muligt. Det er derfor, vores <a href=\"https:\/\/www.sajthotellet.com\/da\/hjaelpetjenester\/\">Yderligere tjenester<\/a>, s\u00e5 du nemt kan opgradere din service, n\u00e5r du har brug for mere plads til din e-mail eller hjemmeside.<\/p>\n\n<\/div><\/div><\/div>\n\n<div class=\"gb-grid-column gb-grid-column-56f4fe0e\"><div class=\"gb-container gb-container-56f4fe0e\"><div class=\"gb-inside-container\">\n\n<h3 class=\"gb-headline gb-headline-0a8d21d8 gb-headline-text\">Webhosting siden 2000<\/h3>\n\n\n\n<p>Sajthotellet har v\u00e6ret webhost siden 2000 med tusindvis af tilfredse kunder. Langt de fleste plejer at anbefale Sajthotellet til deres omgangskreds.<br><br>L\u00e6s <a href=\"https:\/\/www.sajthotellet.com\/da\/om-stedets-hotel\/\" data-type=\"page\" data-id=\"4106\">mere om Sajthotellet<\/a><\/p>\n\n<\/div><\/div><\/div>\n\n<div class=\"gb-grid-column gb-grid-column-9b215d74\"><div class=\"gb-container gb-container-9b215d74\"><div class=\"gb-inside-container\">\n\n<h3 class=\"gb-headline gb-headline-0a5bdcbe gb-headline-text\">Webstedets hotel fungerer<\/h3>\n\n\n\n<p>Den vigtigste grund til at v\u00e6lge Sajthotellet er, at Sajthotellet er stabilt og p\u00e5lideligt. Efter mange \u00e5rs arbejde med kvalitetsforbedringer er Sajthotellet en meget stabil webhost med uovertruffen tilg\u00e6ngelighed.<\/p>\n\n<\/div><\/div><\/div>\n<\/div>\n<\/div><\/div>\n<\/div><\/div>\n\n<div class=\"gb-container gb-container-c28f30a4\"><div class=\"gb-inside-container\">\n\n<h2 class=\"gb-headline gb-headline-e9495de5 gb-headline-text\">Find det perfekte dom\u00e6nenavn til dit n\u00e6ste dr\u00f8mmeprojekt!<\/h2>\n\n\n\n<form method=\"post\" action=\"https:\/\/login.sajthotellet.com\/?cmd=checkdomain\" target=\"\">\n    <input type=\"hidden\" value=\"checkdomain\" name=\"action\">\n    <input type=\"hidden\" value=\"1\" name=\"singlecheck\">\n    <input type=\"hidden\" value=\"1\" name=\"register\">\n    <input type=\"hidden\" value=\"1\" name=\"domain_cat\">\n    <input value=\"\" name=\"sld\">\n    <select name=\"tld\"><option value=\".se\">.se<\/option>\n        <option value=\".nu\">.nu<\/option>\n        <option value=\".com\">.com<\/option>\n        <option value=\".eu\">.eu<\/option>\n        <option value=\".info\">.info<\/option>\n        <option value=\".net\">.net<\/option>\n        <option value=\".org\">.org<\/option>\n        <option value=\".pl\">.pl<\/option>\n        <option value=\".dk\">.dk<\/option>\n        <option value=\".it\">.it<\/option>\n        <option value=\".af\">.af<\/option>\n        <option value=\".co\">.co<\/option>\n        <option value=\".asia\">.asia<\/option>\n        <option value=\".fi\">.fi<\/option>\n        <option value=\".hk\">.hk<\/option>\n        <option value=\".li\">.li<\/option>\n        <option value=\".in\">.i<\/option>\n        <option value=\".de\">.de<\/option>\n        <option value=\".cz\">.cz<\/option>\n        <option value=\".ru\">.ru<\/option>\n        <option value=\".ch\">.ch<\/option>\n        <option value=\".es\">.es<\/option>\n        <option value=\".biz\">.biz<\/option>\n        <option value=\".mobi\">.mobi<\/option>\n        <option value=\".me\">.me<\/option>\n        <option value=\".ac\">.ac<\/option>\n        <option value=\".at\">.at<\/option>\n        <option value=\".tv\">.tv<\/option>\n        <option value=\".name\">.navn<\/option>\n        <option value=\".us\">.us<\/option>\n        <option value=\".jp\">.jp<\/option>\n        <\/select><br>\n    <input type=\"Submit\" value=\"S\u00d6K\">\n<\/form>\n\n<\/div><\/div>\n\n<div class=\"gb-container gb-container-3794c4e8\" id=\"varfor-sajthotellet\"><div class=\"gb-inside-container\">\n\n<h2 class=\"gb-headline gb-headline-179e0f60 gb-headline-text\">11 grunde til, at du skal v\u00e6lge Sajthotellet som din webhost<\/h2>\n\n\n\n<p><strong>Sajthotellet udm\u00e6rker sig i webhosting-branchen. Her er grundene til, at du skal v\u00e6lge os:<\/strong><\/p>\n\n\n\n<p><strong>Sajthotellet er synonymt med enest\u00e5ende stabilitet og p\u00e5lidelighed. Vi har brugt mange \u00e5r p\u00e5 l\u00f8bende kvalitetsforbedringer, hvilket har gjort Sajthotellet f\u00f8rende inden for webhosting med uovertruffen tilg\u00e6ngelighed.<\/strong><\/p>\n\n\n<div class=\"gb-container gb-container-662baf29\"><div class=\"gb-inside-container\">\n<div class=\"gb-grid-wrapper gb-grid-wrapper-0d0d7449\">\n<div class=\"gb-grid-column gb-grid-column-cccc60e9\"><div class=\"gb-container gb-container-cccc60e9\"><div class=\"gb-inside-container\">\n\n<h3 class=\"gb-headline gb-headline-6b5c29f3 gb-headline-text\">1.<\/h3>\n\n<\/div><\/div><\/div>\n\n<div class=\"gb-grid-column gb-grid-column-1da241c7\"><div class=\"gb-container gb-container-1da241c7\"><div class=\"gb-inside-container\">\n\n<h3 class=\"wp-block-heading\" style=\"font-size:26px\">Brugervenlighed<\/h3>\n\n\n\n<p>Sajthotellet tilbyder en brugervenlig platform, som er nem at bruge, selv for begyndere inden for webhosting og webudvikling. Du beh\u00f8ver ikke at v\u00e6re ekspert for at f\u00e5 succes med din hjemmeside eller e-mail. <\/p>\n\n<\/div><\/div><\/div>\n<\/div>\n\n<div class=\"gb-grid-wrapper gb-grid-wrapper-06b83e47\">\n<div class=\"gb-grid-column gb-grid-column-e48cd546\"><div class=\"gb-container gb-container-e48cd546\"><div class=\"gb-inside-container\">\n\n<h3 class=\"gb-headline gb-headline-989a7fbe gb-headline-text\">2.<\/h3>\n\n<\/div><\/div><\/div>\n\n<div class=\"gb-grid-column gb-grid-column-df131248\"><div class=\"gb-container gb-container-df131248\"><div class=\"gb-inside-container\">\n\n<h3 class=\"wp-block-heading\" style=\"font-size:26px\">P\u00e5lidelighed<\/h3>\n\n\n\n<p>Sajthotellet tilbyder h\u00f8j tilg\u00e6ngelighed og p\u00e5lidelig drift, hvilket minimerer risikoen for nedetid for din hjemmeside. Vi bruger en clustering-l\u00f8sning til at minimere risikoen for nedetid, vi laver regelm\u00e6ssige backups af alle systemer og alle kunders konti, og vi har detaljerede procedurer til at sikre, at dine tjenester altid er tilg\u00e6ngelige.<\/p>\n\n<\/div><\/div><\/div>\n<\/div>\n\n<div class=\"gb-grid-wrapper gb-grid-wrapper-c93f5be0\">\n<div class=\"gb-grid-column gb-grid-column-c9e20c18\"><div class=\"gb-container gb-container-c9e20c18\"><div class=\"gb-inside-container\">\n\n<h3 class=\"gb-headline gb-headline-f5de8571 gb-headline-text\">3.<\/h3>\n\n<\/div><\/div><\/div>\n\n<div class=\"gb-grid-column gb-grid-column-dc4ffd80\"><div class=\"gb-container gb-container-dc4ffd80\"><div class=\"gb-inside-container\">\n\n<h3 class=\"wp-block-heading\" style=\"font-size:26px\">Ydeevne<\/h3>\n\n\n\n<p>Med Sajthotels optimerede servere, indbyggede caching og h\u00f8jkapacitetsnetv\u00e6rk vil din hjemmeside have hurtige indl\u00e6sningstider, hvilket forbedrer brugeroplevelsen og placeringen i s\u00f8gemaskinerne. Vi kan ogs\u00e5 hj\u00e6lpe med at optimere din hjemmeside og give dig gode r\u00e5d til at \u00f8ge ydeevnen yderligere!<\/p>\n\n<\/div><\/div><\/div>\n<\/div>\n\n<div class=\"gb-grid-wrapper gb-grid-wrapper-5d82e142\">\n<div class=\"gb-grid-column gb-grid-column-8d418fa7\"><div class=\"gb-container gb-container-8d418fa7\"><div class=\"gb-inside-container\">\n\n<h3 class=\"gb-headline gb-headline-c2ec491c gb-headline-text\">4.<\/h3>\n\n<\/div><\/div><\/div>\n\n<div class=\"gb-grid-column gb-grid-column-066e2422\"><div class=\"gb-container gb-container-066e2422\"><div class=\"gb-inside-container\">\n\n<h3 class=\"wp-block-heading\" style=\"font-size:26px\">St\u00f8tte<\/h3>\n\n\n\n<p>Sajthotellet tilbyder kundesupport, hvis du g\u00e5r i st\u00e5 eller har brug for anden hj\u00e6lp. Via b\u00e5de billet, telefon og e-mail kan vi hj\u00e6lpe dig med alle tekniske problemer eller sp\u00f8rgsm\u00e5l. Vi er her for dig!<\/p>\n\n<\/div><\/div><\/div>\n<\/div>\n\n<div class=\"gb-grid-wrapper gb-grid-wrapper-18c06ce1\">\n<div class=\"gb-grid-column gb-grid-column-01169e9d\"><div class=\"gb-container gb-container-01169e9d\"><div class=\"gb-inside-container\">\n\n<h3 class=\"gb-headline gb-headline-bb7979ec gb-headline-text\">5.<\/h3>\n\n<\/div><\/div><\/div>\n\n<div class=\"gb-grid-column gb-grid-column-d1ca3bd9\"><div class=\"gb-container gb-container-d1ca3bd9\"><div class=\"gb-inside-container\">\n\n<h3 class=\"wp-block-heading\" style=\"font-size:26px\">Sikkerhed<\/h3>\n\n\n\n<p>Sajthotellet har robuste sikkerhedsfunktioner, der beskytter din hjemmeside mod malware og potentielle trusler, og vi har procedurer p\u00e5 plads til at h\u00e5ndtere sikkerhedstrusler, afbrydelser og andre problemer. Du er sikker hos os - hvis der sker noget, er der altid en backup, der kan gendannes!<\/p>\n\n<\/div><\/div><\/div>\n<\/div>\n\n<div class=\"gb-grid-wrapper gb-grid-wrapper-1c496286\">\n<div class=\"gb-grid-column gb-grid-column-379a5b1b\"><div class=\"gb-container gb-container-379a5b1b\"><div class=\"gb-inside-container\">\n\n<h3 class=\"gb-headline gb-headline-35132b46 gb-headline-text\">6.<\/h3>\n\n<\/div><\/div><\/div>\n\n<div class=\"gb-grid-column gb-grid-column-b465e572\"><div class=\"gb-container gb-container-b465e572\"><div class=\"gb-inside-container\">\n\n<h3 class=\"wp-block-heading\" style=\"font-size:26px\">SSL<\/h3>\n\n\n\n<p>Det skal v\u00e6re sikkert at bes\u00f8ge hjemmesider, og i dag er det sj\u00e6ldent, at man ikke bruger et SSL-certifikat p\u00e5 en hjemmeside. Sajthotellet inkluderer selvf\u00f8lgelig gratis SSL-certifikater til din hjemmeside, hvilket hj\u00e6lper med at sikre din hjemmeside og \u00f8ge brugernes tillid.<\/p>\n\n<\/div><\/div><\/div>\n<\/div>\n\n<div class=\"gb-grid-wrapper gb-grid-wrapper-0a733b7d\">\n<div class=\"gb-grid-column gb-grid-column-803c5d91\"><div class=\"gb-container gb-container-803c5d91\"><div class=\"gb-inside-container\">\n\n<h3 class=\"gb-headline gb-headline-1a690f3f gb-headline-text\">7.<\/h3>\n\n<\/div><\/div><\/div>\n\n<div class=\"gb-grid-column gb-grid-column-f2f588b5\"><div class=\"gb-container gb-container-f2f588b5\"><div class=\"gb-inside-container\">\n\n<h3 class=\"wp-block-heading\" style=\"font-size:26px\">Backup<\/h3>\n\n\n\n<p>Dine data er sikre med regelm\u00e6ssige automatiske backups, der beskytter din hjemmeside mod datatab. Du kan nemt gendanne din hjemmeside, hvis den af en eller anden grund skal gendannes, men du kan altid sp\u00f8rge os om hj\u00e6lp.<\/p>\n\n<\/div><\/div><\/div>\n<\/div>\n\n<div class=\"gb-grid-wrapper gb-grid-wrapper-9d5d4a21\">\n<div class=\"gb-grid-column gb-grid-column-7d2c25ab\"><div class=\"gb-container gb-container-7d2c25ab\"><div class=\"gb-inside-container\">\n\n<h3 class=\"gb-headline gb-headline-dd8919b8 gb-headline-text\">8.<\/h3>\n\n<\/div><\/div><\/div>\n\n<div class=\"gb-grid-column gb-grid-column-16cb6045\"><div class=\"gb-container gb-container-16cb6045\"><div class=\"gb-inside-container\">\n\n<h3 class=\"wp-block-heading\" style=\"font-size:26px\">Alsidighed<\/h3>\n\n\n\n<p>Sajthotellet tilbyder forskellige hostingplaner, herunder delt webhosting, VPS-hosting og dedikerede servere, s\u00e5 du kan skr\u00e6ddersy din hosting efter dine behov. Du skal simpelthen ikke bruge en anden udbyder - hvis du har brug for flere ressourcer eller andre muligheder, har vi dem!<\/p>\n\n<\/div><\/div><\/div>\n<\/div>\n\n<div class=\"gb-grid-wrapper gb-grid-wrapper-c0d8b84a\">\n<div class=\"gb-grid-column gb-grid-column-ec0c5dc0\"><div class=\"gb-container gb-container-ec0c5dc0\"><div class=\"gb-inside-container\">\n\n<h3 class=\"gb-headline gb-headline-ed51bc5a gb-headline-text\">9.<\/h3>\n\n<\/div><\/div><\/div>\n\n<div class=\"gb-grid-column gb-grid-column-89e4f423\"><div class=\"gb-container gb-container-89e4f423\"><div class=\"gb-inside-container\">\n\n<h3 class=\"wp-block-heading\" style=\"font-size:26px\">Installation<\/h3>\n\n\n\n<p>Sajthotellet tilbyder nem installation af popul\u00e6re webplatforme som WordPress, Joomla og Drupal, s\u00e5 du sparer tid og kr\u00e6fter med blot \u00e9t klik fra vores kundepanel. Du kan v\u00e6lge mellem snesevis af popul\u00e6re l\u00f8sninger inden for hjemmesideopbygning, CRM-systemer, webshops og meget mere og v\u00e6re i gang med en l\u00f8sning inden for f\u00e5 minutter, uden omfattende forudg\u00e5ende viden!<\/p>\n\n<\/div><\/div><\/div>\n<\/div>\n\n<div class=\"gb-grid-wrapper gb-grid-wrapper-5fc3cde0\">\n<div class=\"gb-grid-column gb-grid-column-b45fc0ab\"><div class=\"gb-container gb-container-b45fc0ab\"><div class=\"gb-inside-container\">\n\n<h3 class=\"gb-headline gb-headline-e89f70bc gb-headline-text\">10.<\/h3>\n\n<\/div><\/div><\/div>\n\n<div class=\"gb-grid-column gb-grid-column-9c426390\"><div class=\"gb-container gb-container-9c426390\"><div class=\"gb-inside-container\">\n\n<h3 class=\"wp-block-heading\" style=\"font-size:26px\">E-mail<\/h3>\n\n\n\n<p>Vi bruger markedsledende e-mail-l\u00f8sninger til at give dig en hurtig, effektiv og sikker e-mail-service, og hvis dine behov er st\u00f8rre, kan du selvf\u00f8lgelig ogs\u00e5 f\u00e5 Microsofts Office 365 gennem os. Vi hj\u00e6lper dig ogs\u00e5 med skr\u00e6ddersyede l\u00f8sninger, hvis du har brug for det.<\/p>\n\n<\/div><\/div><\/div>\n<\/div>\n\n<div class=\"gb-grid-wrapper gb-grid-wrapper-ad936d34\">\n<div class=\"gb-grid-column gb-grid-column-9210c14e\"><div class=\"gb-container gb-container-9210c14e\"><div class=\"gb-inside-container\">\n\n<h3 class=\"gb-headline gb-headline-2b3cb610 gb-headline-text\">11.<\/h3>\n\n<\/div><\/div><\/div>\n\n<div class=\"gb-grid-column gb-grid-column-cd1390ec\"><div class=\"gb-container gb-container-cd1390ec\"><div class=\"gb-inside-container\">\n\n<h3 class=\"wp-block-heading\" style=\"font-size:26px\">Milj\u00f8<\/h3>\n\n\n\n<p>Sajthotellet er engageret i vores f\u00e6lles milj\u00f8 og er meget bevidst om milj\u00f8p\u00e5virkningen fra vores aktiviteter. For at reducere vores milj\u00f8p\u00e5virkning bruger vi energieffektivt udstyr og andre b\u00e6redygtighedstiltag.<\/p>\n\n<\/div><\/div><\/div>\n<\/div>\n<\/div><\/div>\n<\/div><\/div>","protected":false},"excerpt":{"rendered":"<p>Vi s\u00e4tter service, tillg\u00e4nglighet och drifts\u00e4kerhet i f\u00f6rsta rummet. 11 anledningar till varf\u00f6r du ska v\u00e4lja Sajthotellet som ditt webbhotell Sajthotellet excellerar inom webbhotellbranschen. H\u00e4r \u00e4r varf\u00f6r du b\u00f6r v\u00e4lja oss: Sajthotellet \u00e4r synonymt med enast\u00e5ende stabilitet och p\u00e5litlighet. Vi har \u00e4gnat flera \u00e5r \u00e5t kontinuerliga kvalitetsf\u00f6rb\u00e4ttringar, vilket har gjort Sajthotellet till en ledande akt\u00f6r &#8230; <a title=\"Sajthotellet &#8211; Ett stabilt och p\u00e5litligt webbhotell\" class=\"read-more\" href=\"https:\/\/www.sajthotellet.com\/da\/\" aria-label=\"Read more about Sajthotellet &#8211; Ett stabilt och p\u00e5litligt webbhotell\">L\u00e6s Mere<\/a><\/p>","protected":false},"author":1,"featured_media":0,"parent":0,"menu_order":0,"comment_status":"closed","ping_status":"closed","template":"","meta":{"footnotes":""},"class_list":["post-3554","page","type-page","status-publish"],"featured_image_src":null,"featured_image_src_square":null,"_links":{"self":[{"href":"https:\/\/www.sajthotellet.com\/da\/wp-json\/wp\/v2\/pages\/3554","targetHints":{"allow":["GET"]}}],"collection":[{"href":"https:\/\/www.sajthotellet.com\/da\/wp-json\/wp\/v2\/pages"}],"about":[{"href":"https:\/\/www.sajthotellet.com\/da\/wp-json\/wp\/v2\/types\/page"}],"author":[{"embeddable":true,"href":"https:\/\/www.sajthotellet.com\/da\/wp-json\/wp\/v2\/users\/1"}],"replies":[{"embeddable":true,"href":"https:\/\/www.sajthotellet.com\/da\/wp-json\/wp\/v2\/comments?post=3554"}],"version-history":[{"count":5,"href":"https:\/\/www.sajthotellet.com\/da\/wp-json\/wp\/v2\/pages\/3554\/revisions"}],"predecessor-version":[{"id":4915,"href":"https:\/\/www.sajthotellet.com\/da\/wp-json\/wp\/v2\/pages\/3554\/revisions\/4915"}],"wp:attachment":[{"href":"https:\/\/www.sajthotellet.com\/da\/wp-json\/wp\/v2\/media?parent=3554"}],"curies":[{"name":"wp","href":"https:\/\/api.w.org\/{rel}","templated":true}]}}