{"id":4094,"date":"2022-06-27T14:37:35","date_gmt":"2022-06-27T14:37:35","guid":{"rendered":"https:\/\/www.sajthotellet.com\/?page_id=4094"},"modified":"2024-01-26T10:41:27","modified_gmt":"2024-01-26T10:41:27","slug":"domaener","status":"publish","type":"page","link":"https:\/\/www.sajthotellet.com\/da\/domaner\/","title":{"rendered":"Dom\u00e6ner"},"content":{"rendered":"<div class=\"gb-container gb-container-c92d00e8\"><div class=\"gb-inside-container\">\n\n<h2 class=\"wp-block-heading\">Dom\u00e6nenavnet din identitet<\/h2>\n\n\n\n<p>Dit dom\u00e6nenavn er ikke bare en simpel webadresse, det repr\u00e6senterer selve hjertet i din digitale identitet. N\u00e5r du skriver \"www\" efterfulgt af dit dom\u00e6nenavn i din browser, er m\u00e5let, at bes\u00f8gende skal komme ind p\u00e5 din hjemmeside med det samme. Derudover bruges dom\u00e6nenavnet som grundlag for din e-mailadresse.<\/p>\n\n\n\n<p><strong>Herunder kan du nemt s\u00f8ge efter og registrere et nyt dom\u00e6ne til dit n\u00e6ste projekt.<\/strong><\/p>\n\n<\/div><\/div>\n\n<div class=\"gb-container gb-container-c28f30a4\"><div class=\"gb-inside-container\">\n\n<h2 class=\"gb-headline gb-headline-e9495de5 gb-headline-text\">Find det perfekte dom\u00e6ne til dit webprojekt<\/h2>\n\n\n\n<form method=\"post\" action=\"https:\/\/login.sajthotellet.com\/?cmd=checkdomain\" target=\"\">\n    <input type=\"hidden\" value=\"checkdomain\" name=\"action\">\n    <input type=\"hidden\" value=\"1\" name=\"singlecheck\">\n    <input type=\"hidden\" value=\"1\" name=\"register\">\n    <input type=\"hidden\" value=\"1\" name=\"domain_cat\">\n    <input value=\"\" name=\"sld\">\n    <select name=\"tld\"><option value=\".se\">.se<\/option>\n        <option value=\".nu\">.nu<\/option>\n        <option value=\".com\">.com<\/option>\n        <option value=\".eu\">.eu<\/option>\n        <option value=\".info\">.info<\/option>\n        <option value=\".net\">.net<\/option>\n        <option value=\".org\">.org<\/option>\n        <option value=\".pl\">.pl<\/option>\n        <option value=\".dk\">.dk<\/option>\n        <option value=\".it\">.it<\/option>\n        <option value=\".af\">.af<\/option>\n        <option value=\".co\">.co<\/option>\n        <option value=\".asia\">.asia<\/option>\n        <option value=\".fi\">.fi<\/option>\n        <option value=\".hk\">.hk<\/option>\n        <option value=\".li\">.li<\/option>\n        <option value=\".in\">.i<\/option>\n        <option value=\".de\">.de<\/option>\n        <option value=\".cz\">.cz<\/option>\n        <option value=\".ru\">.ru<\/option>\n        <option value=\".ch\">.ch<\/option>\n        <option value=\".es\">.es<\/option>\n        <option value=\".biz\">.biz<\/option>\n        <option value=\".mobi\">.mobi<\/option>\n        <option value=\".me\">.me<\/option>\n        <option value=\".ac\">.ac<\/option>\n        <option value=\".at\">.at<\/option>\n        <option value=\".tv\">.tv<\/option>\n        <option value=\".name\">.navn<\/option>\n        <option value=\".us\">.us<\/option>\n        <option value=\".jp\">.jp<\/option>\n        <\/select><br>\n    <input type=\"Submit\" value=\"S\u00d6K\">\n<\/form>\n\n<\/div><\/div>\n\n<div class=\"gb-container gb-container-ad0057e2\"><div class=\"gb-inside-container\">\n\n<h2 class=\"wp-block-heading\">Verdens dom\u00e6ner p\u00e5 Sajthotellet<\/h2>\n\n\n\n<p>Du kan registrere forskellige typer af dom\u00e6ner afh\u00e6ngigt af dine specifikke behov og m\u00e5l. Her er en oversigt over nogle af de mest almindelige typer af dom\u00e6ner, du kan registrere:<\/p>\n\n\n\n<ol class=\"wp-block-list\">\n<li><strong>Generiske topdom\u00e6ner (gTLD'er)<\/strong>Det er de mest almindelige dom\u00e6ner og omfatter f.eks. .com, .net, .org og .info. De er meget popul\u00e6re og bruges i vid udstr\u00e6kning af virksomheder over hele verden. De giver virksomheder en bred og global tilstedev\u00e6relse p\u00e5 internettet.<\/li>\n\n\n\n<li><strong>Topdom\u00e6ner med landekoder (ccTLD'er)<\/strong>Hvert land har sit eget topdom\u00e6ne (f.eks. .se for Sverige og .no for Norge). Virksomheder kan bruge disse dom\u00e6ner til at signalere en lokal tilstedev\u00e6relse eller m\u00e5lrette sig mod et specifikt geografisk marked.<\/li>\n\n\n\n<li><strong>Niche-topdom\u00e6ner (nTLD'er)<\/strong>De er relativt nye og omfatter dom\u00e6ner som .app, .blog, .tech og mange andre. Virksomheder kan bruge disse til at oprette specifikke webadresser, der er tilpasset deres branche eller form\u00e5l. For eksempel kan en teknologivirksomhed bruge .tech til tydeligt at signalere sit fokus.<\/li>\n\n\n\n<li><strong>Opk\u00f8bte eller premium-dom\u00e6ner<\/strong>Nogle dom\u00e6ner er eftertragtede og kan v\u00e6re tilg\u00e6ngelige p\u00e5 det sekund\u00e6re marked til en h\u00f8jere pris. Virksomheder kan overveje at k\u00f8be s\u00e5danne dom\u00e6ner, hvis de har en st\u00e6rk forbindelse til deres brand eller forretning.<\/li>\n\n\n\n<li><strong>Beskyttede dom\u00e6ner<\/strong>: For at sikre deres brand og undg\u00e5 varem\u00e6rkekr\u00e6nkelser kan virksomheder registrere forskellige variationer af deres dom\u00e6nenavn, herunder stavefejl og forskellige topdom\u00e6ner, for at forhindre andre i at udnytte deres brand.<\/li>\n<\/ol>\n\n\n\n<div style=\"height:20px\" aria-hidden=\"true\" class=\"wp-block-spacer\"><\/div>\n\n\n\n<h2 class=\"wp-block-heading\">Et godt dom\u00e6nenavn<\/h2>\n\n\n\n<p>Da dom\u00e6nenavnet vil v\u00e6re adressen p\u00e5 din hjemmeside, skal det v\u00e6re kort og let at huske. Det er en fordel, hvis stavem\u00e5den er indlysende, s\u00e5 du kan formidle navnet over telefonen uden at skulle stave det.<\/p>\n\n\n\n<p><strong>Selvom det er muligt at registrere dom\u00e6nenavne, der indeholder tegnene \u00e5, \u00e4 og \u00f6, er det en fordel, hvis dit dom\u00e6nenavn ikke indeholder disse tegn.<\/strong><\/p>\n\n\n\n<p>Det er selvf\u00f8lgelig almindeligt, at virksomheder i dag inkluderer \".se\" efter deres firmanavn. Men det er ogs\u00e5 klogt at overveje at supplere dette ved at registrere specifikke produktnavne eller generelle ord, der er relevante for virksomheden. Hvis din virksomhed f.eks. laver stole, kan det v\u00e6re en stor fordel at registrere en webadresse, der p\u00e5 en eller anden m\u00e5de indeholder \"stole\" for direkte at kommunikere virksomhedens fokus og g\u00f8re det lettere for potentielle kunder at finde din hjemmeside.<\/p>\n\n\n\n<p><\/p>\n\n<\/div><\/div>","protected":false},"excerpt":{"rendered":"<p>Dom\u00e4nnamnet din identitet Ditt dom\u00e4nnamn \u00e4r inte bara en enkel webbadress utan det representerar sj\u00e4lva hj\u00e4rtat av din digitala identitet. N\u00e4r du skriver in &#8221;www&#8221; f\u00f6ljt av ditt dom\u00e4nnamn i webbl\u00e4saren, \u00e4r m\u00e5let att bes\u00f6kare omedelbart n\u00e5r din webbplats. Dessutom anv\u00e4nds dom\u00e4nnamnet som grund f\u00f6r din e-postadress. H\u00e4r nedan kan du enkelt s\u00f6ka efter och &#8230; <a title=\"Dom\u00e6ner\" class=\"read-more\" href=\"https:\/\/www.sajthotellet.com\/da\/domaner\/\" aria-label=\"Read more about Dom\u00e4ner\">L\u00e6s Mere<\/a><\/p>","protected":false},"author":1,"featured_media":0,"parent":0,"menu_order":0,"comment_status":"closed","ping_status":"closed","template":"","meta":{"footnotes":""},"class_list":["post-4094","page","type-page","status-publish"],"featured_image_src":null,"featured_image_src_square":null,"_links":{"self":[{"href":"https:\/\/www.sajthotellet.com\/da\/wp-json\/wp\/v2\/pages\/4094","targetHints":{"allow":["GET"]}}],"collection":[{"href":"https:\/\/www.sajthotellet.com\/da\/wp-json\/wp\/v2\/pages"}],"about":[{"href":"https:\/\/www.sajthotellet.com\/da\/wp-json\/wp\/v2\/types\/page"}],"author":[{"embeddable":true,"href":"https:\/\/www.sajthotellet.com\/da\/wp-json\/wp\/v2\/users\/1"}],"replies":[{"embeddable":true,"href":"https:\/\/www.sajthotellet.com\/da\/wp-json\/wp\/v2\/comments?post=4094"}],"version-history":[{"count":5,"href":"https:\/\/www.sajthotellet.com\/da\/wp-json\/wp\/v2\/pages\/4094\/revisions"}],"predecessor-version":[{"id":4889,"href":"https:\/\/www.sajthotellet.com\/da\/wp-json\/wp\/v2\/pages\/4094\/revisions\/4889"}],"wp:attachment":[{"href":"https:\/\/www.sajthotellet.com\/da\/wp-json\/wp\/v2\/media?parent=4094"}],"curies":[{"name":"wp","href":"https:\/\/api.w.org\/{rel}","templated":true}]}}