{"id":4096,"date":"2022-06-27T14:37:51","date_gmt":"2022-06-27T14:37:51","guid":{"rendered":"https:\/\/www.sajthotellet.com\/?page_id=4096"},"modified":"2023-10-24T12:40:51","modified_gmt":"2023-10-24T12:40:51","slug":"hjaelpetjenester","status":"publish","type":"page","link":"https:\/\/www.sajthotellet.com\/da\/tillaggstjanster\/","title":{"rendered":"Yderligere tjenester"},"content":{"rendered":"<p>Et webhotel hos Sajthotellet indeholder alt, hvad der er brug for til en gennemsnitlig hjemmeside. Men hvis du har brug for yderligere tjenester, tilbyder vi dette som ekstra tjenester, som du kan l\u00e6se om nedenfor:<\/p>\n\n\n\n<h2 class=\"wp-block-heading\">Flere e-mail-konti<\/h2>\n\n\n\n<p>Sajthotellet tilbyder som standard 1 dom\u00e6ne med e-mail i den grundl\u00e6ggende webhostingpakke, for at kunne f\u00e5 mere e-mail til flere dom\u00e6ner, eller hvis du bare vil have e-mail uden et websted, kan du k\u00f8be dette separat via kundepanelet:<br><br>10 GB - \u00a3600 + moms pr. \u00e5r og dom\u00e6ne<br>20 GB - \u00a3750 + moms pr. \u00e5r og dom\u00e6ne<br>40 GB - 950 kr + moms pr. \u00e5r og dom\u00e6ne<\/p>\n\n\n\n<h2 class=\"wp-block-heading\">Office365<\/h2>\n\n\n\n<p>Sajthotellet kan tilbyde dig Office365 til fantastiske priser. <a href=\"https:\/\/www.sajthotellet.com\/da\/kontakt\/\" data-type=\"page\" data-id=\"4626\">Kontakt<\/a> med os for at diskutere dette yderligere.<\/p>\n\n\n\n<p><strong><strong>Microsoft SQL Server<\/strong><\/strong> (MSSQL)<br>Hvis du har brug for MSSQL, s\u00e5 <a href=\"https:\/\/www.sajthotellet.com\/da\/kontakt\/\" data-type=\"page\" data-id=\"4626\">Kontakt<\/a> os, og vi vil hj\u00e6lpe dig.<\/p>\n\n\n\n<h2 class=\"wp-block-heading\">Fejlfinding i WordPress<\/h2>\n\n\n\n<p>Har du problemer med din WordPress-hjemmeside? Bare rolig, vi er her for at hj\u00e6lpe dig. Vores team af erfarne webudviklere er klar til at hj\u00e6lpe dig med at reparere og fejlfinde p\u00e5 din WordPress-hjemmeside for kun \u20ac645 pr. halve time.<\/p>\n\n\n\n<p>Vores specialister har omfattende viden om WordPress og kan effektivt identificere og l\u00f8se problemer af enhver art, hvad enten det drejer sig om fejl, performanceoptimering eller andre udfordringer. Vi bestr\u00e6ber os altid p\u00e5 at levere hurtige og p\u00e5lidelige l\u00f8sninger, s\u00e5 din hjemmeside hurtigt kan vende tilbage til top performance.<\/p>\n\n\n\n<p>Kontakt os i dag for at drage fordel af vores ekspertise og f\u00e5 dit WordPress-site i optimal stand. Vi er her for at g\u00f8re din digitale tilstedev\u00e6relse s\u00e5 problemfri og succesfuld som muligt.<\/p>\n\n\n\n<h2 class=\"wp-block-heading\">Administreret WordPress<\/h2>\n\n\n\n<p>Hvis du synes, det er tidskr\u00e6vende at holde din WordPress-hjemmeside opdateret og sikker, kan vi hj\u00e6lpe dig med dette til en fast pris p\u00e5 kun 499 kr. + moms pr. m\u00e5ned, det betyder, at vi s\u00f8rger for, at din hjemmeside er opdateret og sikker, n\u00e5r det g\u00e6lder de grundl\u00e6ggende plugins, der findes i WordPress, n\u00e5r det g\u00e6lder mere avancerede plugins, kr\u00e6ves det, at du har et aktivt abonnement, for at vi kan f\u00e5 disse plugins opdateret for dig. Hvis du vil k\u00f8be vores Managed WordPress, s\u00e5 ring til os p\u00e5 0771-319 319 og bed om at tale med en s\u00e6lger af Managed WordPress.<\/p>\n\n\n\n<h2 class=\"wp-block-heading\">Sikker forbindelse<\/h2>\n\n\n\n<p>Hvis du har brug for et premiumcertifikat, bedes du kontakte os for en pris, da det afh\u00e6nger af det certifikat, du er interesseret i. Normalt er LE (Let's encrypt) inkluderet gratis i alle vores webhosting-pakker.<\/p>\n\n\n\n<p>Et certifikat til sikker forbindelse og indeb\u00e6rer ogs\u00e5 en dedikeret IP-adresse til hjemmesiden (45 \u20ac + moms\/m\u00e5ned). <\/p>\n\n\n\n<h2 class=\"wp-block-heading\">Yderligere overf\u00f8rsel<\/h2>\n\n\n\n<p>M\u00e6ngden af datatrafik, som du f\u00e5r p\u00e5 dit webhotel, er begr\u00e6nset til en datam\u00e6ngde, der er angivet for den pakke, du har valgt, og hvis du n\u00e5r gr\u00e6nsen, skal du opgradere pakken. Men hvis du bruger vores st\u00f8rste pakke, og trafikken ikke er nok, kan du kontakte os for at diskutere en anden l\u00f8sning, f.eks. din egen server (VPS).<\/p>\n\n\n\n<h2 class=\"wp-block-heading\">Andre tjenester<\/h2>\n\n\n\n<p>Gendannelse fra backup - SEK 645\/gendannelse - g\u00e6lder for e-mail, hvis du har filer, som du skal gendanne via din hjemmeside, kan du selv g\u00f8re dette gratis. Hvis det er tilf\u00e6ldet, at du stadig \u00f8nsker hj\u00e6lp til at gendanne din hjemmeside, er der en ekstra omkostning p\u00e5 SEK 645 \/ gendannelse.<br><br><em>Opkr\u00e6vning pr. halve time for gendannelse, der ikke skyldes Sajthotellets fejl, f.eks. hvis kunden ved et uheld sletter materiale.<\/em><\/p>","protected":false},"excerpt":{"rendered":"<p>Ett webbhotellskonto p\u00e5 Sajthotellet inneh\u00e5ller allt som beh\u00f6vs f\u00f6r en genomsnittlig hemsida. Beh\u00f6ver du d\u00e4remot ytterligare tj\u00e4nster s\u00e5 erbjuder vi detta som till\u00e4ggstj\u00e4nster som du kan l\u00e4sa om nedan: Fler e-post konton Sajthotellet erbjuder som standard 1 dom\u00e4n med e-post i grundutf\u00f6randet i webbhotellspaket, f\u00f6r att kunna f\u00e5 mer e-post till fler dom\u00e4ner, eller om &#8230; <a title=\"Yderligere tjenester\" class=\"read-more\" href=\"https:\/\/www.sajthotellet.com\/da\/tillaggstjanster\/\" aria-label=\"Read more about Till\u00e4ggstj\u00e4nster\">L\u00e6s Mere<\/a><\/p>","protected":false},"author":1,"featured_media":0,"parent":0,"menu_order":0,"comment_status":"closed","ping_status":"closed","template":"","meta":{"footnotes":""},"class_list":["post-4096","page","type-page","status-publish"],"featured_image_src":null,"featured_image_src_square":null,"_links":{"self":[{"href":"https:\/\/www.sajthotellet.com\/da\/wp-json\/wp\/v2\/pages\/4096","targetHints":{"allow":["GET"]}}],"collection":[{"href":"https:\/\/www.sajthotellet.com\/da\/wp-json\/wp\/v2\/pages"}],"about":[{"href":"https:\/\/www.sajthotellet.com\/da\/wp-json\/wp\/v2\/types\/page"}],"author":[{"embeddable":true,"href":"https:\/\/www.sajthotellet.com\/da\/wp-json\/wp\/v2\/users\/1"}],"replies":[{"embeddable":true,"href":"https:\/\/www.sajthotellet.com\/da\/wp-json\/wp\/v2\/comments?post=4096"}],"version-history":[{"count":5,"href":"https:\/\/www.sajthotellet.com\/da\/wp-json\/wp\/v2\/pages\/4096\/revisions"}],"predecessor-version":[{"id":4670,"href":"https:\/\/www.sajthotellet.com\/da\/wp-json\/wp\/v2\/pages\/4096\/revisions\/4670"}],"wp:attachment":[{"href":"https:\/\/www.sajthotellet.com\/da\/wp-json\/wp\/v2\/media?parent=4096"}],"curies":[{"name":"wp","href":"https:\/\/api.w.org\/{rel}","templated":true}]}}