{"id":4098,"date":"2022-06-27T14:38:05","date_gmt":"2022-06-27T14:38:05","guid":{"rendered":"https:\/\/www.sajthotellet.com\/?page_id=4098"},"modified":"2023-10-24T12:38:48","modified_gmt":"2023-10-24T12:38:48","slug":"egen-server","status":"publish","type":"page","link":"https:\/\/www.sajthotellet.com\/da\/egen-server\/","title":{"rendered":"Egen server"},"content":{"rendered":"<h2 class=\"gb-headline gb-headline-ac00a00c gb-headline-text\">Drifts- og servertjenester<\/h2>\n\n\n\n<p>Webstedsv\u00e6rten kan tilbyde tre typer hosting- og servertjenester:<\/p>\n\n\n\n<p><\/p>\n\n\n\n<div style=\"height:48px\" aria-hidden=\"true\" class=\"wp-block-spacer\"><\/div>\n\n\n<div class=\"gb-container gb-container-bef3aacc\"><div class=\"gb-inside-container\">\n<div class=\"gb-grid-wrapper gb-grid-wrapper-8a01aac9\">\n<div class=\"gb-grid-column gb-grid-column-a4eb6778\"><div class=\"gb-container gb-container-a4eb6778\"><div class=\"gb-inside-container\">\n\n<h3 class=\"gb-headline gb-headline-5b6ba408 gb-headline-text\">Samlokalisering<\/h3>\n\n\n\n<p>Den enkleste service kaldes co-location. Det betyder, at du placerer din server hos os. Vi s\u00f8rger for, at serveren er forbundet til internettet og f\u00e5r str\u00f8m og k\u00f8ling. Du ejer og er ansvarlig for b\u00e5de hardwaren og den software, der k\u00f8rer p\u00e5 serveren.<\/p>\n\n\n\n<p>Pris fra 1500 SEK\/m\u00e5ned inkl. 1 TB trafik og 1U.<\/p>\n\n<\/div><\/div><\/div>\n\n<div class=\"gb-grid-column gb-grid-column-cea500b2\"><div class=\"gb-container gb-container-cea500b2\"><div class=\"gb-inside-container\">\n\n<h3 class=\"wp-block-heading has-global-color-8-color has-text-color\">Dedikeret server<\/h3>\n\n\n\n<p>En dedikeret server ejes af Sajthotellet og udlejes til dig. Vi er ansvarlige for, at hardwaren fungerer, og du er kun ansvarlig for den software, der k\u00f8rer p\u00e5 serveren.<\/p>\n\n\n\n<p>Pris fra 3.500 SEK\/m\u00e5ned inkl. 3 TB trafik og 24 m\u00e5neders kontrakt.<\/p>\n\n\n\n<p>L\u00e6s mere om&nbsp;<a href=\"https:\/\/www.sajthotellet.com\/da\/dedikeret-server\/\" data-type=\"page\" data-id=\"4232\">Dedikeret server<\/a>.<\/p>\n\n<\/div><\/div><\/div>\n\n<div class=\"gb-grid-column gb-grid-column-2ae2cdf5\"><div class=\"gb-container gb-container-2ae2cdf5\"><div class=\"gb-inside-container\">\n\n<h3 class=\"gb-headline gb-headline-a3c114c5 gb-headline-text\">VPS<\/h3>\n\n\n\n<p>VPS, eller Virtual Private Server, er en virtuel server, der fungerer som en uafh\u00e6ngig og isoleret enhed i en fysisk server.<\/p>\n\n\n\n<p>Hvis du er interesseret i en VPS, bedes du kontakte os for et tilbud.<\/p>\n\n\n\n<p><a href=\"https:\/\/www.sajthotellet.com\/da\/kontakt\/\">Kontakt os for et tilbud<\/a>.<\/p>\n\n<\/div><\/div><\/div>\n<\/div>\n<\/div><\/div>\n\n\n<div style=\"height:48px\" aria-hidden=\"true\" class=\"wp-block-spacer\"><\/div>\n\n\n\n<h2 class=\"wp-block-heading\">Hvad er inkluderet i vores datacenter?<\/h2>\n\n\n\n<p>Sajthotellet tilbyder kun f\u00f8rsteklasses tjenester inden for co-location, dedikerede servere og managed servere. Vores internetforbindelse er redundant, hvilket betyder, at der er flere uafh\u00e6ngige forbindelser til internettet for \u00f8get p\u00e5lidelighed. Derudover har vi dobbelte k\u00f8lesystemer og garanteret sikkerhed i elnettet. UPS (Uninterruptible Power Supply) og backup-str\u00f8m i form af en dieselgenerator er inkluderet som standard.<\/p>\n\n\n\n<p>Vores airconditionsystem er pr\u00e6cist kalibreret til at styre b\u00e5de temperatur og luftfugtighed p\u00e5 et niveau, der er optimalt til at k\u00f8re servere.<\/p>\n\n\n\n<p>For at sikre den fysiske sikkerhed er adgangen til datacentret strengt reguleret. Der er ingen vinduer eller andre lette indgange til hallen. Lokalerne er udstyret med tyverialarmer, der omfatter bev\u00e6gelsesdetektorer, vibrationsdetektorer, kameraoverv\u00e5gning og d\u00f8ralarmer. Derudover er der regelm\u00e6ssige sikkerhedsrunderinger udf\u00f8rt af vagter.<\/p>\n\n\n\n<p>Vores serverhal er udstyret med et Inergen brandslukningssystem, som er specielt tilpasset til brug i datacentermilj\u00f8er.<\/p>\n\n\n\n<h2 class=\"wp-block-heading\">Hvor meget koster det?<\/h2>\n\n\n\n<p>Hostingtjenesten tilbydes kun til virksomheder og er underlagt s\u00e6rlige betingelser. Da kravene og udbuddet af servere varierer, beder vi dig om at&nbsp;<a href=\"https:\/\/www.sajthotellet.com\/da\/kontakt\/\">Kontakt<\/a>&nbsp;os for et skr\u00e6ddersyet tilbud.<\/p>","protected":false},"excerpt":{"rendered":"<p>Hosting- og servertjenester Sajthotellet kan tilbyde tre typer hosting- og servertjenester: Hvad er inkluderet i vores datacenter? Sajthotellet tilbyder kun f\u00f8rsteklasses tjenester inden for co-location, dedikerede servere og administrerede servere. Vores internetforbindelse er redundant, hvilket betyder, at der er flere uafh\u00e6ngige forbindelser til internettet for \u00f8get p\u00e5lidelighed. Derudover har vi dobbelte k\u00f8lesystemer og garanteret elnetsikkerhed... <a title=\"Egen server\" class=\"read-more\" href=\"https:\/\/www.sajthotellet.com\/da\/egen-server\/\" aria-label=\"Read more about Egen server\">L\u00e6s Mere<\/a><\/p>","protected":false},"author":1,"featured_media":0,"parent":0,"menu_order":0,"comment_status":"closed","ping_status":"closed","template":"","meta":{"footnotes":""},"class_list":["post-4098","page","type-page","status-publish"],"featured_image_src":null,"featured_image_src_square":null,"_links":{"self":[{"href":"https:\/\/www.sajthotellet.com\/da\/wp-json\/wp\/v2\/pages\/4098","targetHints":{"allow":["GET"]}}],"collection":[{"href":"https:\/\/www.sajthotellet.com\/da\/wp-json\/wp\/v2\/pages"}],"about":[{"href":"https:\/\/www.sajthotellet.com\/da\/wp-json\/wp\/v2\/types\/page"}],"author":[{"embeddable":true,"href":"https:\/\/www.sajthotellet.com\/da\/wp-json\/wp\/v2\/users\/1"}],"replies":[{"embeddable":true,"href":"https:\/\/www.sajthotellet.com\/da\/wp-json\/wp\/v2\/comments?post=4098"}],"version-history":[{"count":5,"href":"https:\/\/www.sajthotellet.com\/da\/wp-json\/wp\/v2\/pages\/4098\/revisions"}],"predecessor-version":[{"id":4649,"href":"https:\/\/www.sajthotellet.com\/da\/wp-json\/wp\/v2\/pages\/4098\/revisions\/4649"}],"wp:attachment":[{"href":"https:\/\/www.sajthotellet.com\/da\/wp-json\/wp\/v2\/media?parent=4098"}],"curies":[{"name":"wp","href":"https:\/\/api.w.org\/{rel}","templated":true}]}}