{"id":4102,"date":"2022-06-27T14:38:30","date_gmt":"2022-06-27T14:38:30","guid":{"rendered":"https:\/\/www.sajthotellet.com\/?page_id=4102"},"modified":"2025-09-22T13:06:14","modified_gmt":"2025-09-22T13:06:14","slug":"betingelser","status":"publish","type":"page","link":"https:\/\/www.sajthotellet.com\/da\/villkor\/","title":{"rendered":"Vilk\u00e5r og betingelser Sajthotellet"},"content":{"rendered":"<p><strong>Generelle betingelser for kontrakter<\/strong><\/p>\n\n\n\n<p>Disse betingelser g\u00e6lder for aftaler, der indg\u00e5s mellem dig (kunde) og AB Sajthotellet Sverige (556668-7041), i det f\u00f8lgende ben\u00e6vnt Sajthotellet. Disse betingelser g\u00e6lder fra 2023-10-16.<\/p>\n\n\n\n<p>Ved at bruge Sajthotellets webhostingtjenester eller andre tjenester, der leveres af Sajthotellet, accepterer kunden at v\u00e6re bundet af disse brugsbetingelser (\"Generelle betingelser\") for serviceaftalen (i det f\u00f8lgende ogs\u00e5 kaldet \"abonnementet\") mellem dig som kunde og Sajthotellet. Tjenesten ejes og kontrolleres af AB Sajthotellet Sweden. Disse vilk\u00e5r for brug p\u00e5virker dine juridiske rettigheder og forpligtelser. Hvis du ikke accepterer at v\u00e6re bundet af disse vilk\u00e5r for brug, b\u00f8r du ikke bruge vores tjenester og annullere dine tjenester.<\/p>\n\n\n\n<p><strong>1. Generelt<\/strong><\/p>\n\n\n\n<ol class=\"wp-block-list\">\n<li>Disse vilk\u00e5r og betingelser regulerer forholdet mellem kunden og AB Sajthotellet Sweden og, hvor det er relevant, Sajthotellets underleverand\u00f8rer eller partnere, vedr\u00f8rende webhosting-abonnementer, dom\u00e6netjenester og servertjenester og relaterede yderligere tjenester.<\/li>\n\n\n\n<li>En kunde kan v\u00e6re en fysisk person eller en juridisk person. For at indg\u00e5 kontrakten skal den fysiske person v\u00e6re myndig, og den juridiske person skal v\u00e6re bemyndiget til at indg\u00e5 kontrakten p\u00e5 vegne af den juridiske person.<\/li>\n\n\n\n<li>Aftalen mellem parterne kan ikke udvides af kunden til en anden part, medmindre der er indg\u00e5et en aftale mellem Sajthotellet og kunden. For dom\u00e6nenavne og andre tjenester har Sajthotellet ret til at v\u00e6lge en underleverand\u00f8r og \u00e6ndre en s\u00e5dan leverand\u00f8r, n\u00e5r Sajthotellet finder det passende (i vores Privatlivs- og databeskyttelsespolitik er der en komplet liste over, hvilke underleverand\u00f8rer Sajthotellet bruger). Sajthotellet har ogs\u00e5 ret til at overf\u00f8re alle aftaler til eksisterende partnere eller andre i tilf\u00e6lde, hvor Sajthotellet finder det passende for at opretholde en velfungerende service eller af andre grunde.<\/li>\n\n\n\n<li>Sajthotellet leverer tjenester s\u00e5 hurtigt som teknisk muligt (hvis bestilt via kundepanelet normalt med det samme, ellers normalt inden for 24 timer) og fysiske produkter inden for fem (5) arbejdsdage.<\/li>\n<\/ol>\n\n\n\n<p><strong>2. Web-, server- og dom\u00e6nenavnsabonnementer<\/strong><\/p>\n\n\n\n<ol class=\"wp-block-list\">\n<li>De tjenester, der er inkluderet i webabonnementet hos Sajthotellet, fremg\u00e5r af en separat ordrebekr\u00e6ftelse\/faktura\/serviceaftale eller via abonnementsoversigten i kundepanelet.<\/li>\n\n\n\n<li>Fri support p\u00e5 abonnemang under abonnemangstiden ing\u00e5r via e-post, chatt, \u00e4rendehanteringssystem (ticket) och telefon. Sajthotellets kundtj\u00e4nst n\u00e5s per telefon 0771-319 319 under kontorstid (vardagar 09.00-17.00). Vidare finns p\u00e5 Sajthotellets kundpanel (https:\/\/login.sajthotellet.com) utf\u00f6rlig beskrivning av hur funktioner p\u00e5 webbhotellet skall hanteras.<\/li>\n\n\n\n<li>Gratis support er begr\u00e6nset til, hvad der kan betragtes som normalt omfang, hvilket omfatter de dele af tjenesten, der direkte kan p\u00e5virkes af Sajthotellet, men ikke direkte sp\u00f8rgsm\u00e5l om, hvordan programmering eller lignende skal tilpasses milj\u00f8et, medmindre det er en tilpasning, der er unik for Sajthotellet.<\/li>\n\n\n\n<li>Support er begr\u00e6nset i tid for private abonnementer til maksimalt 1 time pr. \u00e5r og abonnement og for erhvervsabonnementer til maksimalt 2 timer pr. \u00e5r og abonnement, medmindre andet er specifikt aftalt for tjenesten. Hvis der kr\u00e6ves support ud over ovenst\u00e5ende forpligtelse, opkr\u00e6ves den g\u00e6ldende timepris med en minimumsafgift p\u00e5 en halv time (den aktuelle timepris er SEK 1290 eksklusive moms).<\/li>\n\n\n\n<li>For at g\u00f8re det lettere for kunden \u00f8nsker Sajthotellet i mange tilf\u00e6lde ikke at s\u00e6tte gr\u00e6nser for visse tjenester, i disse tilf\u00e6lde er ubegr\u00e6nset angivet som et udtryk. Sajthotellets definition af ubegr\u00e6nset er, at tjenesterne tilbydes inden for rimelige gr\u00e6nser for, hvad software og hardware kan h\u00e5ndtere. Sajthotellet forbeholder sig ret til at bestemme gr\u00e6nserne for, hvad der er rimeligt i hvert enkelt tilf\u00e6lde.<\/li>\n\n\n\n<li>N\u00e5r kunden \u00f8nsker at flytte et dom\u00e6ne, en hjemmeside eller en anden tjeneste fra et andet webhotel eller en anden leverand\u00f8r til Sajthotellet, hj\u00e6lper Sajthotellet med dette. Flytningen kan dog aldrig garanteres, og i tilf\u00e6lde af mere omfattende flytninger kan Sajthotellet efter aftale med kunden tage betaling for arbejdet. I tilf\u00e6lde, hvor Sajthotellet ikke overf\u00f8rer dom\u00e6net, er ansvaret for overf\u00f8rslen kundens, og Sajthotellet kan ikke holdes ansvarlig for dette.<\/li>\n<\/ol>\n\n\n\n<p><strong>3. Kontraktperiode, opsigelse osv.<\/strong><\/p>\n\n\n\n<ol class=\"wp-block-list\">\n<li>Kontraktens varighed er normalt \u00e5rlig og ubestemt, afh\u00e6ngigt af hvad der blev aftalt p\u00e5 tidspunktet for indg\u00e5elsen af servicekontrakten.<\/li>\n\n\n\n<li>Serviceaftalen kan til enhver tid opsiges og g\u00e6lder fra n\u00e6ste kontraktperiode. Opsigelse medf\u00f8rer ikke ret til tilbagebetaling af det betalte gebyr, medmindre andet er aftalt. Hvis der er udstedt en faktura for en ydelse, som kunden ikke l\u00e6ngere \u00f8nsker at have, skal kunden straks kontakte Sajthotellet for kreditering og udstedelse af en ny faktura, der d\u00e6kker de ydelser, kunden \u00f8nsker at beholde. Hvis fakturaen er betalt, kan ingen af posterne p\u00e5 fakturaen krediteres eller refunderes efterf\u00f8lgende. Hvis en tjeneste er blevet annulleret, kan kunden efter eget \u00f8nske f\u00e5 tjenesten lukket inden periodens udl\u00f8b, ellers vil den blive lukket, n\u00e5r tjenesten udl\u00f8ber.<\/li>\n\n\n\n<li>Refusion af det indbetalte gebyr sker kun i tilf\u00e6lde, hvor aflysningen er baseret p\u00e5 alvorlige driftsforstyrrelser, som Sajthotellet eller dets underleverand\u00f8r er ansvarlig for. I tilf\u00e6lde af driftsforstyrrelser refunderes gebyret svarende til varigheden af forstyrrelsen i forhold til det betalte gebyr.<\/li>\n\n\n\n<li>Kunder kan til enhver tid opsige deres abonnement, og opsigelsen kan ske enten ved at opsige tjenesten i kundepanelet, ved at sende en e-mail eller ved at sende opsigelsen med posten. For nogle tjenester kan der g\u00e6lde s\u00e6rlige opsigelsesbetingelser, og dette fremg\u00e5r af separate betingelser, der er godkendt i forbindelse med ordren.<\/li>\n\n\n\n<li>Sajthotellet er berettiget til at oph\u00e6ve aftalen, hvis kunden har misligholdt et af punkterne i aftalen. Oph\u00e6velsen skal ske skriftligt pr. brev eller e-mail. Opsigelsen anses for at v\u00e6re sket tre (3) hverdage efter, at brevet er indleveret til postbehandling eller to (2) hverdage efter afsendelse af e-mail. I tilf\u00e6lde af alvorligt misbrug af kontoen kan opsigelsen ske \u00f8jeblikkeligt, og en skriftlig meddelelse vil blive sendt samtidig med, at opsigelsen finder sted.<\/li>\n<\/ol>\n\n\n\n<p><strong>4. Betaling, gebyrer osv.<\/strong><\/p>\n\n\n\n<ol class=\"wp-block-list\">\n<li>Gebyrer faktureres forud, medmindre andet er aftalt. Bestilte tjenester aktiveres, n\u00e5r Sajthotellet har modtaget fuld betaling (bem\u00e6rk, at betaling via bankoverf\u00f8rsel tager 1-2 arbejdsdage, og ved forl\u00e6ngelse af et abonnement b\u00f8r en s\u00e5dan betaling foretages i god tid for at undg\u00e5 afbrydelser i tjenesten). Det er muligt at betale med kort via Sajthotellets hjemmeside.<\/li>\n\n\n\n<li>En kunde, der ikke betaler, vil blive suspenderet fra sit abonnement, men ikke f\u00f8r en betalingsp\u00e5mindelse er blevet sendt via e-mail og vist i kundepanelet. Bem\u00e6rk, at manglende betaling vil resultere i en afbrydelse af tjenesten (som automatisk vil blive afbrudt p\u00e5 den sidste dag i kontraktperioden). Hvis der er udest\u00e5ende fakturaer for en tjeneste, kan det p\u00e5virke andre tjenester, som ogs\u00e5 kan blive suspenderet, indtil betalingen er gennemf\u00f8rt.<\/li>\n\n\n\n<li>Sajthotellet forbeholder sig ret til at justere gebyret for en service. Gebyr\u00e6ndringer kan kun tr\u00e6de i kraft i forbindelse med en ny kontraktperiode.<\/li>\n\n\n\n<li>Dom\u00e6ner registreret af Sajthotellet p\u00e5 vegne af en kunde er registreret med ans\u00f8geren som ejer. Dom\u00e6ner registreret af Sajthotellet faktureres fortsat af Sajthotellet, med undtagelse af de dom\u00e6ner, hvor dom\u00e6neregistreringens regler ikke tillader dette.<\/li>\n\n\n\n<li>Kunder, der \u00f8nsker at overf\u00f8re et dom\u00e6ne til en anden webhost eller af andre \u00e5rsager \u00f8nsker at administrere dom\u00e6net helt selv, har ret til at g\u00f8re det, n\u00e5r de \u00f8nsker det. Gebyrer, der opkr\u00e6ves af det respektive dom\u00e6neregister i tilf\u00e6lde af ejerskifte, og andre omkostninger, der opst\u00e5r i forbindelse med overdragelsen eller ejerskiftet, betales af kunden. Gebyret for dom\u00e6net h\u00e5ndteres af Sajthotellet, indtil dom\u00e6net har skiftet ejer eller er blevet overdraget.<\/li>\n\n\n\n<li>Hvis betaling sker efter forfaldsdatoen p\u00e5 fakturaen, kan dom\u00e6nenavnet udl\u00f8be. S\u00e5 snart betalingen er foretaget, registreres eller fornyes dom\u00e6net af Sajthotellet. I nogle tilf\u00e6lde opkr\u00e6ver topdom\u00e6neadministratoren et forh\u00f8jet gebyr, og for at Sajthotellet skal kunne gennemf\u00f8re en fornyelse i disse tilf\u00e6lde, skal dette forh\u00f8jede gebyr ogs\u00e5 betales til Sajthotellet af kunden. For at undg\u00e5 disse ekstra gebyrer skal betalingen altid foretages i tide. Omkostningerne ved disse gebyrer fremg\u00e5r af prislisten for dom\u00e6nenavne. Alle dom\u00e6nenavne, der betales efter forfaldsdatoen, risikerer at blive afregistreret. Hvis dette sker, er Sajthotellet ikke ansvarlig.<\/li>\n\n\n\n<li>Betaling kan ske til en bankgiro- eller bankkonto som angivet p\u00e5 fakturaen. Betaling kan ogs\u00e5 ske via Payson og PayPal i kundepanelet.<\/li>\n\n\n\n<li>I tilf\u00e6lde af manglende betaling vil udstedte fakturaer normalt blive krediteret, og alle tjenester vil blive annulleret (medmindre andet er aftalt). I tilf\u00e6lde af opsigelse p\u00e5 grund af manglende betaling vil kundens data (hjemmesider, dom\u00e6nenavne, e-mail osv.) blive slettet inden for to uger efter tjenestens forfaldsdato. Gendannelse af slettede data er ikke mulig.<\/li>\n<\/ol>\n\n\n\n<p><strong>5. Overdragelse af kontrakter og dom\u00e6ner<\/strong><\/p>\n\n\n\n<ol class=\"wp-block-list\">\n<li>Kunden kan overdrage aftalen med Sajthotels samtykke. Overdragelsen og samtykket skal v\u00e6re skriftligt.<\/li>\n\n\n\n<li>Kunder, der \u00f8nsker at overf\u00f8re dom\u00e6nenavne, som de har gennem Sajthotellet, skal sende oplysninger om den nye ejer ved at oprette en supportsag. Sajthotellet udarbejder derefter en formular, som skal underskrives af den nuv\u00e6rende ejer. Omkostninger til det faktiske ejerskifte kan tilf\u00f8jes afh\u00e6ngigt af topniveaudom\u00e6net.<\/li>\n<\/ol>\n\n\n\n<p><strong>6. webstedsv\u00e6rtens ansvar<\/strong><\/p>\n\n\n\n<ol class=\"wp-block-list\">\n<li>Sajthotellet eller dets underleverand\u00f8rer ud\u00f8ver ingen kontrol over oplysninger eller materiale indeholdt p\u00e5 Sajthotellets eller underleverand\u00f8rers servere, jf. dog \u00a7\u00a7 6.3 og 8.2. Af driftsm\u00e6ssige \u00e5rsager forbeholder Sajthotellet sig ret til, i forbindelse med unders\u00f8gelse af fejl, funktionsfejl eller for at sikre levering af service, at unders\u00f8ge og tilg\u00e5 alle oplysninger lagret p\u00e5 Sajthotellets system, som kan v\u00e6re af betydning for en succesfuld unders\u00f8gelse. Sajthotellet er ikke ansvarlig for direkte eller indirekte skader og \u00f8konomiske tab p\u00e5 grund af fejl, forsinkelser, ufuldkommenheder, afbrydelser, manglende levering af data, manglende tilg\u00e6ngelighed eller lignende omst\u00e6ndigheder eller begivenheder, der ikke er under Sajthotellets direkte kontrol.  Sajthotellet er heller ikke ansvarlig for skader, hvis nogen kr\u00e6nker Sajthotellets eller dets underleverand\u00f8rers eller partneres computerressourcer og f\u00e5r adgang til, \u00f8del\u00e6gger eller forvr\u00e6nger information, medmindre andet er fastsat i svensk lov.<\/li>\n\n\n\n<li>Sajthotellet sletter aldrig kundens oplysninger. Vi forbeholder os dog ret til at flytte oplysninger til andre datamedier af systemtekniske \u00e5rsager. Ved opsigelse af en aftale slettes alle data p\u00e5 kundens konto to uger (14 dage) efter opsigelsen eller efter aftaleperiodens udl\u00f8b.<\/li>\n\n\n\n<li>&nbsp;Sajthotellet h\u00e5ndterer alle kundeoplysninger fortroligt, dette for at beskytte kundens integritet. Sajthotellet garanterer, at ingen oplysninger indeholdt i kunders filomr\u00e5der eller e-mailkonti videregives til uautoriserede personer eller g\u00f8res tilg\u00e6ngelige for uautoriserede personer, se dog \u00a7 6.1, andet afsnit. Sajthotellet kan ved afg\u00f8relse fra en autoriseret retsh\u00e5ndh\u00e6vende myndighed blive p\u00e5lagt at videregive s\u00e5danne oplysninger til de relevante myndigheder. I tilf\u00e6lde af mistanke om kriminalitet mod kunden kan Sajthotellet videregive oplysninger eller frivilligt rapportere til den strafferetlige efterforskningsmyndighed, uden at Sajthotellet er blevet anmodet om s\u00e5danne oplysninger.<\/li>\n\n\n\n<li>Sajthotellet garanterer en tilg\u00e6ngelighed for tjenester inkluderet i hvert abonnement p\u00e5 mindst 99% beregnet p\u00e5 m\u00e5nedsbasis.  Almindelig planlagt service finder normalt sted om natten (23.00-06.00) og er ikke et grundlag for beregning af tilg\u00e6ngelighed, medmindre denne servicetid ikke overstiger i alt 10 timer pr. m\u00e5ned. Akutte sikkerhedsopdateringer, som kr\u00e6ver \u00f8jeblikkelig handling, er heller ikke et grundlag for beregning af tilg\u00e6ngelighed. Kriminelle angreb p\u00e5 Sajthotellets eller vores leverand\u00f8rers systemer, som resulterer i driftsforstyrrelser, er heller ikke grundlag for beregning af tilg\u00e6ngelighed. Hvis garantiperioden overskrides, forl\u00e6nges det l\u00f8bende abonnement som kompensation med en m\u00e5ned uden omkostninger. Hvis garantiperioden overskrides, s\u00e5 tilg\u00e6ngeligheden falder til under 95%, er kunden berettiget til at modtage kompensation i form af et forl\u00e6nget abonnement i to m\u00e5neder uden beregning. Hvis garantiperioden overskrides, s\u00e5 tilg\u00e6ngeligheden falder til under 90%, er kunden berettiget til kompensation i form af en tre m\u00e5neders forl\u00e6ngelse af abonnementet. Anmodning om kompensation i henhold til dette aftalepunkt skal v\u00e6re Sajthotellet i h\u00e6nde senest to uger (14 dage) efter, at retten til at p\u00e5ber\u00e5be sig aftalepunktet er opst\u00e5et.<\/li>\n<\/ol>\n\n\n\n<p><strong>7. Kundens ansvar<\/strong><\/p>\n\n\n\n<ol class=\"wp-block-list\">\n<li>Kunden forpligter sig til at overholde svensk lovgivning, dette g\u00e6lder ogs\u00e5 for linkede objekter, som strider mod denne. Kunden skal ogs\u00e5 overholde andre regler, som kan v\u00e6re betingelser for udnyttelse af hele eller dele af trafikmulighederne p\u00e5 internettet.<\/li>\n\n\n\n<li>Kunden forpligter sig til ikke at g\u00f8re uautoriseret brug af de computerressourcer, der er forbundet med internettet som helhed, eller af Sajthotellet eller dets underleverand\u00f8rer eller partnere.<\/li>\n\n\n\n<li>Kunden er ansvarlig for alle handlinger, han\/hun udf\u00f8rer via sin(e) konto(er) i form af korrespondance og spam-mails etc. Spam betragtes som misbrug af kontoen og kan resultere i opsigelse.<\/li>\n\n\n\n<li>Kunden er ogs\u00e5 ansvarlig for alle oplysninger, de offentligg\u00f8r p\u00e5 deres hjemmesider eller p\u00e5 anden m\u00e5de g\u00f8r tilg\u00e6ngelige gennem deres abonnement hos Sajthotellet.<\/li>\n\n\n\n<li>Kunden m\u00e5 ikke s\u00e6lge, udleje eller give plads v\u00e6k til egne kunder inden for rammerne af sin harddiskplads uden tilladelse fra Sajthotellet.  Dette g\u00e6lder b\u00e5de for kunder med eget dom\u00e6ne og kunder under et af Sajthotellets dom\u00e6ner. Det samme g\u00e6lder for andre tjenester, herunder e-mailadresser, der leveres efter aftale med Sajthotellet. Med egne kunder menes alle, der ikke er ansat i en virksomhed, familie eller lignende. Sajthotellet har forhandlerkonti, som er velegnede til dette form\u00e5l, og disse kr\u00e6ver ikke nogen s\u00e6rlig tilladelse til videresalg.<\/li>\n<\/ol>\n\n\n\n<p><strong>8. brugerpolitik<\/strong><\/p>\n\n\n\n<ol class=\"wp-block-list\">\n<li>Sajthotellet er forpligtet til sit gode omd\u00f8mme og afviser derfor enhver useri\u00f8s brug af internettet. Sajthotellet forbeholder sig derfor ret til frit at vurdere f\u00f8lgende regler.<\/li>\n\n\n\n<li>Sajthotellet er bemyndiget til at foretage kontrol af oplysningerne p\u00e5 vores kunders lagerplads, hvis der er mistanke om, at kunden overtr\u00e6der aftalen. Hvis en bruger overtr\u00e6der aftalen, forbeholder vi os ret til at blokere den information, der anses for upassende, hvis overtr\u00e6delsen er alvorlig, kan kunden blive suspenderet helt eller delvist fra yderligere brug uden ret til tilbagebetaling af gebyrer betalt til Sajthotellet.<\/li>\n\n\n\n<li>Et webabonnement giver kunden mulighed for at publicere og levere materiale p\u00e5 internettet via http- eller ftp-teknologi.<\/li>\n\n\n\n<li>Webstedsv\u00e6rten skal altid have en direkte aftale med ejeren af det dom\u00e6nenavn, som websiderne offentligg\u00f8res under (der kan g\u00f8res undtagelser, og i tilf\u00e6lde af forhandleraftaler skal der v\u00e6re en direkte aftale mellem forhandleren og slutkunden). Offentliggjorte websider skal tydeligt identificere den person, virksomhed eller organisation, der er ansvarlig for offentligg\u00f8relsen af siderne.<\/li>\n\n\n\n<li>Kunden kan uddelegere driften af webdesign, opdatering og andet arbejde p\u00e5 abonnementet til en anden person eller organisation. Dette begr\u00e6nser ikke kundens ansvar.<\/li>\n<\/ol>\n\n\n\n<p><strong>9. Kontrakter p\u00e5 afstand<\/strong><\/p>\n\n\n\n<ol class=\"wp-block-list\">\n<li>If\u00f8lge loven (2000:274) om forbrugerbeskyttelse ved aftaler om fjernsalg og salg til private er der en fortrydelsesfrist p\u00e5 14 dage. En ordre om at registrere et dom\u00e6ne eller aktivere en webhostingtjeneste skal betragtes som levering af en tjeneste. Ydelsen begynder inden for den fortrydelsesfrist (14 dage), der er angivet i ovenn\u00e6vnte lov, og som kunden accepterer, n\u00e5r han bestiller dom\u00e6net og webhostingtjenesten. Konsekvensen af samtykket er, at der ikke er nogen fortrydelsesret, jf. ovenn\u00e6vnte lov \u00a7 14 p. 1.<\/li>\n<\/ol>\n\n\n\n<p><strong>10. Privatlivs- og databeskyttelsespolitik (GDPR)<\/strong><\/p>\n\n\n\n<ol class=\"wp-block-list\">\n<li>Som en integreret del af alle aftaler g\u00e6lder Sajthotellets Privatlivs- og databeskyttelsespolitik. Den angiver, hvordan Sajthotellet h\u00e5ndterer personlige data og kundens rettigheder som f\u00f8lge af svensk lov og GDPR.<\/li>\n\n\n\n<li>Kunden er ansvarlig for personlige data, som han eller hun h\u00e5ndterer gennem brug af ressourcer leveret af Sajthotellet. N\u00e5r en persondataassistentaftale er p\u00e5kr\u00e6vet, er en s\u00e5dan aftale tilg\u00e6ngelig som en integreret del af denne aftale, og kunden forpligter sig til at acceptere udformningen af denne. I tilf\u00e6lde af at en specielt tilpasset persondataaftale er p\u00e5kr\u00e6vet, skal kunden kontakte Sajthotellet for at udvikle en s\u00e5dan aftale i f\u00e6llesskab med Sajthotellet, og i tilf\u00e6lde af at der opst\u00e5r omkostninger til etablering af en s\u00e5dan aftale, skal omkostningerne betales af kunden.<\/li>\n<\/ol>\n\n\n\n<p><strong>11. Force majeure<\/strong><\/p>\n\n\n\n<ol class=\"wp-block-list\">\n<li>Sajthotellet er fritaget for erstatning og andre sanktioner, hvis aftalens opfyldelse forhindres eller vanskeligg\u00f8res af nogen omst\u00e6ndighed - som f.eks. krig, regeringsindgreb, uroligheder, indskr\u00e6nkninger i energiforsyningen, arbejdsmarkedsforstyrrelser, forbud, restriktioner, manglende tilladelser, ulykker, ugunstige transport- eller vejrforhold eller manglende leverancer fra underleverand\u00f8rer - som Sajthotellet ikke med rimelighed kunne forudse ved aftalens indg\u00e5else, og hvis f\u00f8lger Sajthotellet ikke kunne undg\u00e5 eller overvinde.<\/li>\n<\/ol>\n\n\n\n<p><strong>12. tvist<\/strong><\/p>\n\n\n\n<ol class=\"wp-block-list\">\n<li>Tvister vedr\u00f8rende fortolkningen eller anvendelsen af denne aftale skal afg\u00f8res ved svenske domstole i henhold til svensk lov, fortrinsvis ved Stockholms byret.<\/li>\n<\/ol>","protected":false},"excerpt":{"rendered":"<p>Generelle betingelser for aftaler Disse betingelser g\u00e6lder for aftaler indg\u00e5et mellem dig (kunde\/kunde) og AB Sajthotellet Sverige (556668-7041), i det f\u00f8lgende ben\u00e6vnt Sajthotellet. Disse vilk\u00e5r og betingelser g\u00e6lder fra 2023-10-16. Ved at bruge Sajthotellets webhostingtjenester eller andre tjenester, der leveres af Sajthotellet, accepterer kunden at v\u00e6re bundet af disse brugsbetingelser (\"Generelle vilk\u00e5r og betingelser\") for serviceaftalen (i det f\u00f8lgende ogs\u00e5 kaldet \"abonnementet\") mellem dig ... <a title=\"Vilk\u00e5r og betingelser Sajthotellet\" class=\"read-more\" href=\"https:\/\/www.sajthotellet.com\/da\/villkor\/\" aria-label=\"Read more about Villkor Sajthotellet\">L\u00e6s Mere<\/a><\/p>","protected":false},"author":1,"featured_media":0,"parent":0,"menu_order":0,"comment_status":"closed","ping_status":"closed","template":"","meta":{"footnotes":""},"class_list":["post-4102","page","type-page","status-publish"],"featured_image_src":null,"featured_image_src_square":null,"_links":{"self":[{"href":"https:\/\/www.sajthotellet.com\/da\/wp-json\/wp\/v2\/pages\/4102","targetHints":{"allow":["GET"]}}],"collection":[{"href":"https:\/\/www.sajthotellet.com\/da\/wp-json\/wp\/v2\/pages"}],"about":[{"href":"https:\/\/www.sajthotellet.com\/da\/wp-json\/wp\/v2\/types\/page"}],"author":[{"embeddable":true,"href":"https:\/\/www.sajthotellet.com\/da\/wp-json\/wp\/v2\/users\/1"}],"replies":[{"embeddable":true,"href":"https:\/\/www.sajthotellet.com\/da\/wp-json\/wp\/v2\/comments?post=4102"}],"version-history":[{"count":5,"href":"https:\/\/www.sajthotellet.com\/da\/wp-json\/wp\/v2\/pages\/4102\/revisions"}],"predecessor-version":[{"id":4910,"href":"https:\/\/www.sajthotellet.com\/da\/wp-json\/wp\/v2\/pages\/4102\/revisions\/4910"}],"wp:attachment":[{"href":"https:\/\/www.sajthotellet.com\/da\/wp-json\/wp\/v2\/media?parent=4102"}],"curies":[{"name":"wp","href":"https:\/\/api.w.org\/{rel}","templated":true}]}}