{"id":4223,"date":"2022-06-27T18:19:04","date_gmt":"2022-06-27T18:19:04","guid":{"rendered":"https:\/\/www.sajthotellet.com\/?page_id=4223"},"modified":"2023-10-24T12:40:16","modified_gmt":"2023-10-24T12:40:16","slug":"serverrum","status":"publish","type":"page","link":"https:\/\/www.sajthotellet.com\/da\/serverhall\/","title":{"rendered":"Serverhal"},"content":{"rendered":"<div class=\"gb-container gb-container-09184579\"><div class=\"gb-inside-container\">\n<div class=\"gb-grid-wrapper gb-grid-wrapper-99528aec\">\n<div class=\"gb-grid-column gb-grid-column-1c0a41e3\"><div class=\"gb-container gb-container-1c0a41e3\"><div class=\"gb-inside-container\">\n\n<p class=\"has-medium-font-size\">N\u00e5r du lejer en server hos Sajthotellet, placeres udstyret i en topmoderne serverhal i det centrale Stockholm, beliggende i V\u00e4stberga. Hallen ejes og drives af GleSYS AB.<\/p>\n\n<\/div><\/div><\/div>\n\n<div class=\"gb-grid-column gb-grid-column-d321914b\"><div class=\"gb-container gb-container-d321914b\"><div class=\"gb-inside-container\">\n\n<figure class=\"gb-block-image gb-block-image-5d230e96\"><img loading=\"lazy\" decoding=\"async\" width=\"500\" height=\"333\" class=\"gb-image gb-image-5d230e96\" src=\"https:\/\/www.sajthotellet.com\/wp-content\/uploads\/2023\/10\/datahall-sajthotellet.jpg\" alt=\"\" title=\"hotel til datacenter\" srcset=\"https:\/\/www.sajthotellet.com\/wp-content\/uploads\/2023\/10\/datahall-sajthotellet.jpg 500w, https:\/\/www.sajthotellet.com\/wp-content\/uploads\/2023\/10\/datahall-sajthotellet-300x200.jpg 300w\" sizes=\"auto, (max-width: 500px) 100vw, 500px\" \/><\/figure>\n\n<\/div><\/div><\/div>\n<\/div>\n<\/div><\/div>\n\n\n<h2 class=\"wp-block-heading\">Indbrud<\/h2>\n\n\n\n<p>Serverhallen har et veludviklet og omfattende sikkerhedssystem. Al adgang logges af adgangskontrolsystemet, og derudover er hallen kameraoverv\u00e5get og patruljeres af vagter d\u00f8gnet rundt. Der er tyverialarmer overalt i lokalerne.<\/p>\n\n\n\n<p>Kun autoriseret teknisk personale har adgang til datacentret og andre f\u00f8lsomme omr\u00e5der.<\/p>\n\n\n\n<h2 class=\"wp-block-heading\">Et datacenter, der prioriterer klima og b\u00e6redygtighed<\/h2>\n\n\n\n<p>I nutidens digitaliserede verden er datacentre en v\u00e6sentlig del af den globale udledning og st\u00e5r for hele 2% af verdens \u00e5rlige kuldioxidudledning. Det er derfor b\u00e5de gl\u00e6deligt og gavnligt at kunne fort\u00e6lle dig mere detaljeret om vores nye, klimasmarte datacenter og dets foranstaltninger til at reducere milj\u00f8p\u00e5virkningen.<\/p>\n\n\n\n<p>F\u00f8rst og fremmest er vores datacenter udelukkende drevet af vedvarende elektricitet, hvilket betyder, at vi ikke kun reducerer vores egen klimap\u00e5virkning, men ogs\u00e5 bidrager til overgangen til ren energi. Ved at bruge energikilder som sol, vind eller vandkraft kan vi v\u00e6re sikre p\u00e5, at vi ikke bidrager til stigningen i CO2-udledningen.<\/p>\n\n\n\n<p>Desuden arbejder vi aktivt p\u00e5 at genanvende den varme, der genereres i vores datacenter. I stedet for at slippe denne varme ud i atmosf\u00e6ren kan vi effektivt genbruge den i andre sammenh\u00e6nge, f.eks. til opvarmning af bygninger eller andre milj\u00f8venlige energibehov.<\/p>\n\n\n\n<p>Gennem denne indsats sikrer vi, at vores datacenter ikke kun opfylder de tekniske krav til p\u00e5lidelig hosting, men ogs\u00e5 at vi aktivt reducerer dets klimap\u00e5virkning, hvilket er en vigtig del af vores forpligtelse til en mere b\u00e6redygtig og milj\u00f8venlig fremtid.<\/p>\n\n\n\n<h2 class=\"wp-block-heading\">Konstruktionsstandard til datacentret<\/h2>\n\n\n\n<p>Vores datacenter har st\u00e5et som en s\u00f8jle for b\u00e6redygtighed og effektivitet, siden det blev skabt. Vores prim\u00e6re m\u00e5l var at skabe en infrastruktur, der ikke kun opfylder moderne krav, men ogs\u00e5 bidrager aktivt til en bedre fremtid. Nogle af vores fremtr\u00e6dende funktioner inkluderer:<\/p>\n\n\n\n<ol class=\"wp-block-list\">\n<li><strong>Overskydende varme forvandles til en ressource<\/strong>Alle dele af vores datacenter er optimeret til at genvinde overskydende varme og minimere un\u00f8dvendigt energiforbrug.<\/li>\n\n\n\n<li><strong>Streng tilg\u00e6ngelighed i henhold til Tier-2+<\/strong>Vores design og infrastruktur er designet til at sikre konstant og p\u00e5lidelig tilg\u00e6ngelighed.<\/li>\n\n\n\n<li><strong>Sikkerhed i topklasse<\/strong>: Datacentrenes skalbeskyttelse har den h\u00f8jeste beskyttelsesklassificering - klasse 3, hvilket sikrer et sikkert milj\u00f8 for dine data.<\/li>\n\n\n\n<li><strong>Milj\u00f8venlig energi<\/strong>: Vores backup-str\u00f8msystem drives af milj\u00f8br\u00e6ndstoffet EcoPar\u00ae, og vores UPS- og k\u00f8lesystemer f\u00f8lger N+1-standarderne for uafbrudt drift.<\/li>\n\n\n\n<li><strong>Brandsikkerhed<\/strong>: <strong>:<\/strong> VESDA-laser og automatisk slukningssystem med Novec\u2122 1230 som slukningsmedie<\/li>\n\n\n\n<li><strong>Direkte tilsluttede alarmer<\/strong>: Vores brand- og tyverialarmer er direkte forbundet med beredskabstjenesterne og alarmcentralen for hurtig respons.<\/li>\n\n\n\n<li><strong>Konstant forbindelse<\/strong>: Vi tilbyder et enest\u00e5ende niveau af konnektivitet med redundante netv\u00e6rksforbindelser p\u00e5 tv\u00e6rs af flere netv\u00e6rksoperat\u00f8rer, hvilket sikrer uafbrudt konnektivitet.<\/li>\n<\/ol>\n\n\n\n<p>Denne imponerende kombination af teknologi og b\u00e6redygtighed definerer vores datacenter og vores forpligtelse til at opfylde de mest kr\u00e6vende behov b\u00e5de i dag og i morgen.<\/p>\n\n\n\n<h2 class=\"wp-block-heading\">Meget redundant str\u00f8mforsyning<\/h2>\n\n\n\n<p>Vores serverhal har et str\u00f8mforsyningssystem med et imponerende niveau af redundans og sikkerhed. Her er nogle detaljer, der fremh\u00e6ver vores h\u00f8je standarder:<\/p>\n\n\n\n<ol class=\"wp-block-list\">\n<li><strong>Dobbelt fodring<\/strong>: Str\u00f8mmen til serverhallen kommer fra to separate retninger og er fuldst\u00e6ndig isoleret fra resten af bygningens elforsyning. Dette dobbelte forsyningssystem er redundant helt op til hvert enkelt rack i serverhallen og leverer b\u00e5de A- og B-str\u00f8m fra forskellige sikkerhedssystemer. Det er en sikkerhedsforanstaltning for at sikre, at str\u00f8mmen forts\u00e6tter uafbrudt, hvis en sikring springer. Hvert serverrack er normeret til 32 ampere pr. sikringsgruppe, i alt 64 ampere pr. rack.<\/li>\n\n\n\n<li><strong>UPS (uafbrydelig str\u00f8mforsyning)<\/strong>Vi bruger UPS-systemer, der beskytter mod b\u00e5de str\u00f8mafbrydelser og uj\u00e6vn str\u00f8mkvalitet, herunder oversp\u00e6nding. I tilf\u00e6lde af str\u00f8msvigt aktiveres en dieselbaseret n\u00f8dstr\u00f8msgenerator automatisk. Det sikrer, at dit udstyr altid er oppe at k\u00f8re, og at du ikke mister data i tilf\u00e6lde af en uventet str\u00f8mafbrydelse.<\/li>\n\n\n\n<li><strong>M\u00e5nedlig test og belastningstest<\/strong>For at opretholde en h\u00f8j p\u00e5lidelighed udf\u00f8rer vi m\u00e5nedlige tests og belastningstests p\u00e5 vores dieselgeneratorer, UPS-systemer og batterier. Det er en yderligere forsikring om, at vores str\u00f8mforsyningssystem altid er i topform og klar til at h\u00e5ndtere alle udfordringer.<\/li>\n<\/ol>\n\n\n\n<p>Denne omhyggelige str\u00f8mforsyningsinfrastruktur er designet til at give dig en konstant og sikker elforsyning til dine servere og dit udstyr, uanset omst\u00e6ndighederne.<\/p>\n\n\n\n<h2 class=\"wp-block-heading\">Internetforbindelse<\/h2>\n\n\n\n<p>Forbindelsen er redundant, og der er flere uafh\u00e6ngige fiberforbindelser i serverhallen. Sitehotellet bruger to internetforbindelser, Portlane og Broadband2, med en samlet kapacitet p\u00e5 mere end 160 Gigabit\/s.<\/p>\n\n\n\n<p>Sajthotellets&nbsp;<a href=\"https:\/\/www.sajthotellet.com\/da\/egen-server\/\" data-type=\"page\" data-id=\"4098\">drifts- og servertjenester<\/a>.<\/p>","protected":false},"excerpt":{"rendered":"<p>Indbrud Serverhallen har et veludviklet og omfattende sikkerhedssystem. Al adgang logges af indgangssystemet, og derudover er hallen kameraoverv\u00e5get og patruljeres af vagter d\u00f8gnet rundt. Der er tyverialarmer overalt i lokalerne. Kun autoriseret teknisk personale har adgang til datahallen og andre f\u00f8lsomme omr\u00e5der. Et datacenter, der prioriterer klima og b\u00e6redygtighed I nutidens digitaliserede verden er datacentre ... <a title=\"Serverhal\" class=\"read-more\" href=\"https:\/\/www.sajthotellet.com\/da\/serverhall\/\" aria-label=\"Read more about Serverhall\">L\u00e6s Mere<\/a><\/p>","protected":false},"author":1,"featured_media":0,"parent":0,"menu_order":0,"comment_status":"closed","ping_status":"closed","template":"","meta":{"footnotes":""},"class_list":["post-4223","page","type-page","status-publish"],"featured_image_src":null,"featured_image_src_square":null,"_links":{"self":[{"href":"https:\/\/www.sajthotellet.com\/da\/wp-json\/wp\/v2\/pages\/4223","targetHints":{"allow":["GET"]}}],"collection":[{"href":"https:\/\/www.sajthotellet.com\/da\/wp-json\/wp\/v2\/pages"}],"about":[{"href":"https:\/\/www.sajthotellet.com\/da\/wp-json\/wp\/v2\/types\/page"}],"author":[{"embeddable":true,"href":"https:\/\/www.sajthotellet.com\/da\/wp-json\/wp\/v2\/users\/1"}],"replies":[{"embeddable":true,"href":"https:\/\/www.sajthotellet.com\/da\/wp-json\/wp\/v2\/comments?post=4223"}],"version-history":[{"count":5,"href":"https:\/\/www.sajthotellet.com\/da\/wp-json\/wp\/v2\/pages\/4223\/revisions"}],"predecessor-version":[{"id":4653,"href":"https:\/\/www.sajthotellet.com\/da\/wp-json\/wp\/v2\/pages\/4223\/revisions\/4653"}],"wp:attachment":[{"href":"https:\/\/www.sajthotellet.com\/da\/wp-json\/wp\/v2\/media?parent=4223"}],"curies":[{"name":"wp","href":"https:\/\/api.w.org\/{rel}","templated":true}]}}