{"id":4232,"date":"2022-06-27T18:26:46","date_gmt":"2022-06-27T18:26:46","guid":{"rendered":"https:\/\/www.sajthotellet.com\/?page_id=4232"},"modified":"2023-10-24T12:38:33","modified_gmt":"2023-10-24T12:38:33","slug":"dedikeret-server","status":"publish","type":"page","link":"https:\/\/www.sajthotellet.com\/da\/dedikerad-server\/","title":{"rendered":"Dedikeret server"},"content":{"rendered":"<h2 class=\"wp-block-heading\">Hvad er en dedikeret server?<\/h2>\n\n\n\n<p>En dedikeret server bruges kun til din egen hjemmeside eller applikation. Du lejer serveren hos Sajthotellet, men bruger den, som om den var din egen. Den kan bruges til en forretningskritisk hjemmeside eller virksomhedens intranet, men uden behov for en computertekniker p\u00e5 stedet. Serveren er pr\u00e6installeret med Linux eller Windows og klar til brug, n\u00e5r du f\u00e5r adgang til den.<\/p>\n\n\n\n<p>Din server er placeret i Sajthotels&nbsp;<a href=\"https:\/\/www.sajthotellet.com\/da\/serverrum\/\" data-type=\"page\" data-id=\"4223\">Serverrum<\/a>.<\/p>\n\n\n\n<h2 class=\"wp-block-heading\">Fordele ved at have sin egen server<\/h2>\n\n\n\n<p>En dedikeret server giver dig mere frihed end en almindelig webhosting-konto. Det betyder mere sikkerhed, mere plads og b\u00e5ndbredde skr\u00e6ddersyet til dine behov. Du f\u00e5r bedre ydeevne, fordi der ikke er andre kunder at dele processorkraft med.<\/p>\n\n\n\n<h2 class=\"wp-block-heading\">Frihed<\/h2>\n\n\n\n<p>Installer skr\u00e6ddersyede komponenter eller applikationer. Konfigurer og administrer serveren pr\u00e6cis, som du vil. Styr serveren via fjernskrivebord eller ssh, installer et kontrolpanel - mulighederne er uendelige.<\/p>\n\n\n\n<h2 class=\"wp-block-heading\">Hardware<\/h2>\n\n\n\n<p>Webstedet tilbyder kun servere af h\u00f8j kvalitet fra velrenommerede producenter som Dell, HP og SuperMicro. Prisforskellen er marginal, men p\u00e5lideligheden er meget h\u00f8jere. Derudover er standard servicekontrakter altid inkluderet, hvilket garanterer hurtig udskiftning af eventuel defekt hardware direkte p\u00e5 stedet.<\/p>\n\n\n\n<h2 class=\"wp-block-heading\">Overv\u00e5gning<\/h2>\n\n\n\n<p>Selvf\u00f8lgelig kan Sajthotellet tilbyde overv\u00e5gningstjenester, der sender dig en alarm, hvis noget holder op med at fungere p\u00e5 din server. Opdag selv eventuelle problemer, s\u00e5 du kan l\u00f8se dem, f\u00f8r dine kunder bliver p\u00e5virket.<\/p>\n\n\n\n<h2 class=\"wp-block-heading\">Pris<\/h2>\n\n\n\n<p>Sajthotellet tilbyder dedikerede servere fra \u20ac 3.500 pr. m\u00e5ned ekskl. moms. Udviklingen g\u00e5r hurtigt. Vi skr\u00e6ddersyr en pakke til dine behov med den nyeste teknologi og sender dig et tilbud. Du f\u00e5r en bedre server i dag end for en m\u00e5ned siden, s\u00e5 der er ingen eksempler p\u00e5 hardware p\u00e5 vores hjemmeside.<\/p>","protected":false},"excerpt":{"rendered":"<p>Hvad er en dedikeret server? En dedikeret server bruges kun til din egen hjemmeside eller applikation. Du lejer serveren hos Sajthotellet, men bruger den, som om den var din egen. Den kan bruges til en forretningskritisk hjemmeside eller virksomhedens intranet, men uden behov for en computertekniker p\u00e5 stedet. Serveren er pr\u00e6installeret med Linux eller Windows ... <a title=\"Dedikeret server\" class=\"read-more\" href=\"https:\/\/www.sajthotellet.com\/da\/dedikerad-server\/\" aria-label=\"Read more about Dedikerad server\">L\u00e6s Mere<\/a><\/p>","protected":false},"author":1,"featured_media":0,"parent":0,"menu_order":0,"comment_status":"closed","ping_status":"closed","template":"","meta":{"footnotes":""},"class_list":["post-4232","page","type-page","status-publish"],"featured_image_src":null,"featured_image_src_square":null,"_links":{"self":[{"href":"https:\/\/www.sajthotellet.com\/da\/wp-json\/wp\/v2\/pages\/4232","targetHints":{"allow":["GET"]}}],"collection":[{"href":"https:\/\/www.sajthotellet.com\/da\/wp-json\/wp\/v2\/pages"}],"about":[{"href":"https:\/\/www.sajthotellet.com\/da\/wp-json\/wp\/v2\/types\/page"}],"author":[{"embeddable":true,"href":"https:\/\/www.sajthotellet.com\/da\/wp-json\/wp\/v2\/users\/1"}],"replies":[{"embeddable":true,"href":"https:\/\/www.sajthotellet.com\/da\/wp-json\/wp\/v2\/comments?post=4232"}],"version-history":[{"count":5,"href":"https:\/\/www.sajthotellet.com\/da\/wp-json\/wp\/v2\/pages\/4232\/revisions"}],"predecessor-version":[{"id":4651,"href":"https:\/\/www.sajthotellet.com\/da\/wp-json\/wp\/v2\/pages\/4232\/revisions\/4651"}],"wp:attachment":[{"href":"https:\/\/www.sajthotellet.com\/da\/wp-json\/wp\/v2\/media?parent=4232"}],"curies":[{"name":"wp","href":"https:\/\/api.w.org\/{rel}","templated":true}]}}