{"id":4626,"date":"2023-10-12T08:55:46","date_gmt":"2023-10-12T08:55:46","guid":{"rendered":"https:\/\/www.sajthotellet.com\/?page_id=4626"},"modified":"2026-01-20T12:08:41","modified_gmt":"2026-01-20T12:08:41","slug":"kontakt","status":"publish","type":"page","link":"https:\/\/www.sajthotellet.com\/da\/kontakt\/","title":{"rendered":"Kontakt os"},"content":{"rendered":"\n<h2 class=\"wp-block-heading\">Kom i kontakt med oss<\/h2>\n\n\n<div class='fluentform ff-default fluentform_wrapper_1  ff_guten_block ff_guten_block-1 ffs_default_wrap'><form data-form_id=\"1\" id=\"fluentform_1\" class=\"frm-fluent-form fluent_form_1 ff-el-form-top ff_form_instance_1_1 ff-form-loading ff_has_v3_recptcha ffs_default\" data-form_instance=\"ff_form_instance_1_1\" method=\"POST\" data-recptcha_key=\"6LcIZBYqAAAAABXz0CYB9G2M_hHGOFzgE7GUxghO\" ><fieldset  style=\"border: none!important;margin: 0!important;padding: 0!important;background-color: transparent!important;box-shadow: none!important;outline: none!important; min-inline-size: 100%;\">\n                    <legend class=\"ff_screen_reader_title\" style=\"display: block; margin: 0!important;padding: 0!important;height: 0!important;text-indent: -999999px;width: 0!important;overflow:hidden;\">Sajthotellet Kontaktformul\u00e4r<\/legend>        <div\n                style=\"display: none!important; position: absolute!important; transform: translateX(1000%)!important;\"\n                class=\"ff-el-group ff-hpsf-container\"\n        >\n            <div class=\"ff-el-input--label asterisk-right\">\n                <label for=\"ff_1_item_sf\" aria-label=\"Contact\">\n                    Contact                <\/label>\n            <\/div>\n            <div class=\"ff-el-input--content\">\n                <input type=\"text\"\n                       name=\"item_1__fluent_sf\"\n                       class=\"ff-el-form-control\"\n                       id=\"ff_1_item_sf\"\n                \/>\n            <\/div>\n        <\/div>\n        <input type='hidden' name='__fluent_form_embded_post_id' value='4626' \/><input type=\"hidden\" id=\"_fluentform_1_fluentformnonce\" name=\"_fluentform_1_fluentformnonce\" value=\"8051e380a1\" \/><input type=\"hidden\" name=\"_wp_http_referer\" value=\"\/da\/wp-json\/wp\/v2\/pages\/4626\" \/><div data-type=\"name-element\" data-name=\"names\" class=\" ff-field_container ff-name-field-wrapper\" ><div class='ff-t-container'><div class='ff-t-cell '><div class='ff-el-group'><div class=\"ff-el-input--label ff-el-is-required asterisk-right\"><label for='ff_1_names_first_name_' id='label_ff_1_names_first_name_' >F\u00f6rnamn<\/label><\/div><div class='ff-el-input--content'><input type=\"text\" name=\"names[first_name]\" id=\"ff_1_names_first_name_\" class=\"ff-el-form-control\" placeholder=\"F\u00f6rnamn\" aria-invalid=\"false\" aria-required=true><\/div><\/div><\/div><div class='ff-t-cell '><div class='ff-el-group'><div class=\"ff-el-input--label ff-el-is-required asterisk-right\"><label for='ff_1_names_last_name_' id='label_ff_1_names_last_name_' >Efternamn<\/label><\/div><div class='ff-el-input--content'><input type=\"text\" name=\"names[last_name]\" id=\"ff_1_names_last_name_\" class=\"ff-el-form-control\" placeholder=\"Efternamn\" aria-invalid=\"false\" aria-required=true><\/div><\/div><\/div><\/div><\/div><div class='ff-el-group'><div class=\"ff-el-input--label ff-el-is-required asterisk-right\"><label for='ff_1_email' id='label_ff_1_email' aria-label=\"E-post\">E-post<\/label><\/div><div class='ff-el-input--content'><input type=\"email\" name=\"email\" id=\"ff_1_email\" class=\"ff-el-form-control\" placeholder=\"E-postadress\" data-name=\"email\"  aria-invalid=\"false\" aria-required=true><\/div><\/div><div class='ff-el-group'><div class=\"ff-el-input--label asterisk-right\"><label for='ff_1_subject' id='label_ff_1_subject' aria-label=\"\u00c4mne\">\u00c4mne<\/label><\/div><div class='ff-el-input--content'><input type=\"text\" name=\"subject\" class=\"ff-el-form-control\" placeholder=\"\u00c4mne\" data-name=\"subject\" id=\"ff_1_subject\"  aria-invalid=\"false\" aria-required=false><\/div><\/div><div class='ff-el-group'><div class=\"ff-el-input--label ff-el-is-required asterisk-right\"><label for='ff_1_message' id='label_ff_1_message' aria-label=\"Ditt meddelande\">Ditt meddelande<\/label><\/div><div class='ff-el-input--content'><textarea aria-required=\"true\" aria-labelledby=\"label_ff_1_message\" name=\"message\" id=\"ff_1_message\" class=\"ff-el-form-control\" placeholder=\"Skriv ditt meddelande h\u00e4r\" rows=\"4\" cols=\"2\" data-name=\"message\" ><\/textarea><\/div><\/div><div class='ff-el-group ff-text-left ff_submit_btn_wrapper'><button type=\"submit\" class=\"ff-btn ff-btn-submit ff-btn-md ff_btn_style\"  aria-label=\"Skicka\">Skicka<\/button><\/div><\/fieldset><\/form><div id='fluentform_1_errors' class='ff-errors-in-stack ff_form_instance_1_1 ff-form-loading_errors ff_form_instance_1_1_errors'><\/div><\/div>            <script type=\"text\/javascript\">\n                window.fluent_form_ff_form_instance_1_1 = {\"id\":\"1\",\"ajaxUrl\":\"https:\\\/\\\/www.sajthotellet.com\\\/wp-admin\\\/admin-ajax.php\",\"settings\":{\"layout\":{\"labelPlacement\":\"top\",\"helpMessagePlacement\":\"with_label\",\"errorMessagePlacement\":\"inline\",\"cssClassName\":\"\",\"asteriskPlacement\":\"asterisk-right\"},\"restrictions\":{\"denyEmptySubmission\":{\"enabled\":false}}},\"form_instance\":\"ff_form_instance_1_1\",\"form_id_selector\":\"fluentform_1\",\"rules\":{\"names[first_name]\":{\"required\":{\"value\":true,\"message\":\"Detta f\\u00e4lt \\u00e4r obligatoriskt\"}},\"names[middle_name]\":{\"required\":{\"value\":false,\"message\":\"This field is required\"}},\"names[last_name]\":{\"required\":{\"value\":true,\"message\":\"Detta f\\u00e4lt \\u00e4r obligatoriskt\"}},\"email\":{\"required\":{\"value\":true,\"message\":\"Detta f\\u00e4lt \\u00e4r obligatoriskt\"},\"email\":{\"value\":true,\"message\":\"Detta f\\u00e4lt m\\u00e5ste inneh\\u00e5lla en giltig e-postadress\"}},\"subject\":{\"required\":{\"value\":false,\"message\":\"This field is required\"}},\"message\":{\"required\":{\"value\":true,\"message\":\"Detta f\\u00e4lt \\u00e4r obligatoriskt\"}}},\"debounce_time\":300};\n                            <\/script>\n            \n\n\n<div style=\"height:50px\" aria-hidden=\"true\" class=\"wp-block-spacer\"><\/div>\n\n\n<div class=\"gb-grid-wrapper gb-grid-wrapper-4ec7c7c2\">\n<div class=\"gb-grid-column gb-grid-column-6b31faff\"><div class=\"gb-container gb-container-6b31faff\">\n\n<p><strong>Adress<\/strong><br>Box 2007, 135 02 Tyres\u00f6<\/p>\n\n\n\n<p><strong>Telefon<\/strong><br><a href=\"tel:0771319319\">0771-319 319<\/a><\/p>\n\n\n\n<p><strong>Organisationsnummer<\/strong><br>556668-7041<\/p>\n\n<\/div><\/div>\n\n<div class=\"gb-grid-column gb-grid-column-dcdc8a36\"><div class=\"gb-container gb-container-dcdc8a36\">\n\n<p><strong>Support<\/strong><br>Skapa support\u00e4rende via <a href=\"https:\/\/login.sajthotellet.com\">kundpanelen<\/a>.<\/p>\n\n\n\n<p><strong>E-post leverant\u00f6rsfakturor<\/strong><br>faktura[snabel-a]sajthotellet.com<\/p>\n\n\n\n<p><strong>E-post \u00f6vriga fr\u00e5gor<\/strong><br>support[snabel-a]sajthotellet.com<\/p>\n\n<\/div><\/div>\n\n<div class=\"gb-grid-column gb-grid-column-ff437f89\"><div class=\"gb-container gb-container-ff437f89\">\n\n<p><strong>Bankgiro<\/strong><br>807-9006<\/p>\n\n\n\n<p><strong>Bankuppgifter<\/strong><br>Bank: Skandinaviska Enskilda Banken (SEB)<br>Kontohavare: AB Sajthotellet Sverige<br>Kontonummer: 5398-1021401<\/p>\n\n\n\n<p>BIC\/IBAN: ESSESESSXXX \/ SE0850000000053981021401<\/p>\n\n<\/div><\/div>\n<\/div>\n\n\n<p>F\u00f6retaget \u00e4r registrerat f\u00f6r F-skatt.<\/p>\n\n\n\n<p><\/p>\n","protected":false},"excerpt":{"rendered":"<p>Kom i kontakt med os Virksomheden er registreret for F-skat.<\/p>","protected":false},"author":1,"featured_media":0,"parent":0,"menu_order":0,"comment_status":"closed","ping_status":"closed","template":"","meta":{"footnotes":""},"class_list":["post-4626","page","type-page","status-publish"],"featured_image_src":null,"featured_image_src_square":null,"_links":{"self":[{"href":"https:\/\/www.sajthotellet.com\/da\/wp-json\/wp\/v2\/pages\/4626","targetHints":{"allow":["GET"]}}],"collection":[{"href":"https:\/\/www.sajthotellet.com\/da\/wp-json\/wp\/v2\/pages"}],"about":[{"href":"https:\/\/www.sajthotellet.com\/da\/wp-json\/wp\/v2\/types\/page"}],"author":[{"embeddable":true,"href":"https:\/\/www.sajthotellet.com\/da\/wp-json\/wp\/v2\/users\/1"}],"replies":[{"embeddable":true,"href":"https:\/\/www.sajthotellet.com\/da\/wp-json\/wp\/v2\/comments?post=4626"}],"version-history":[{"count":5,"href":"https:\/\/www.sajthotellet.com\/da\/wp-json\/wp\/v2\/pages\/4626\/revisions"}],"predecessor-version":[{"id":4913,"href":"https:\/\/www.sajthotellet.com\/da\/wp-json\/wp\/v2\/pages\/4626\/revisions\/4913"}],"wp:attachment":[{"href":"https:\/\/www.sajthotellet.com\/da\/wp-json\/wp\/v2\/media?parent=4626"}],"curies":[{"name":"wp","href":"https:\/\/api.w.org\/{rel}","templated":true}]}}