{"id":3554,"date":"2020-09-18T14:36:38","date_gmt":"2020-09-18T14:36:38","guid":{"rendered":"https:\/\/gpsites.co\/wired\/?page_id=3554"},"modified":"2026-01-26T13:00:24","modified_gmt":"2026-01-26T13:00:24","slug":"koti","status":"publish","type":"page","link":"https:\/\/www.sajthotellet.com\/fi\/","title":{"rendered":"Sajthotellet - Vakaa ja luotettava webhotelli"},"content":{"rendered":"<div class=\"gb-container gb-container-95f45c80\"><div class=\"gb-inside-container\">\n<div class=\"gb-grid-wrapper gb-grid-wrapper-779b14a4\">\n<div class=\"gb-grid-column gb-grid-column-60c49e70\"><div class=\"gb-container gb-container-60c49e70\"><div class=\"gb-inside-container\">\n\n<h1 class=\"gb-headline gb-headline-29c0d064 gb-headline-text\">Verkkomatkasi alkaa osoitteesta  <mark style=\"background-color:rgba(0, 0, 0, 0)\" class=\"has-inline-color has-contrast-color\">Sajthotellet<\/mark> &#8211; <br>web-is\u00e4nt\u00e4 ilman k\u00e4ynnistysmaksuja ja ilman sitoutumisaikaa. Asiakas aina etusijalla. <\/h1>\n\n<\/div><\/div><\/div>\n<\/div>\n\n\n<div style=\"height:50px\" aria-hidden=\"true\" class=\"wp-block-spacer\"><\/div>\n\n\n<div class=\"gb-container gb-container-12b16fe4\"><div class=\"gb-inside-container\">\n<div class=\"gb-grid-wrapper gb-grid-wrapper-bc0dd261\">\n<div class=\"gb-grid-column gb-grid-column-3abc36d1\"><div class=\"gb-container gb-container-3abc36d1\"><div class=\"gb-inside-container\">\n\n<h4 class=\"gb-headline gb-headline-385d0e1c gb-headline-text\">WEBB START<\/h4>\n\n\n\n<h2 class=\"gb-headline gb-headline-ebc692f3 gb-headline-text\"> 10 GB<\/h2>\n\n\n\n<p class=\"has-text-align-center has-base-3-color has-text-color\" style=\"font-size:15px\"><strong>T\u00e4ydellinen pienemmille WordPress-sivustoille<\/strong>.<br><br>1 verkkosivusto + 1 tietokanta<br>512 Mt RAM-muistia<br>50% 1 ytimen suorittin<br>100 GB liikennett\u00e4<br>5 Gt verkkosivustolle<br>5 Gt s\u00e4hk\u00f6postia varten (1 verkkotunnus)<br>S\u00e4hk\u00f6postiosoitteiden lukum\u00e4\u00e4r\u00e4<br><br>P\u00e4ivitt\u00e4iset varmuuskopiot tallennetaan 14 p\u00e4iv\u00e4n ajan automaattisella palautuksella!<br><br><strong>WordPressin asennus<\/strong> <strong>yhdell\u00e4 napsautuksella!<\/strong><\/p>\n\n\n<div class=\"gb-button-wrapper gb-button-wrapper-d009a6c1\">\n\n<a class=\"gb-button gb-button-a2f5a60a gb-button-text\" href=\"https:\/\/login.sajthotellet.com\/?cmd=cart&amp;action=add&amp;id=345\"><strong>Kom ig\u00e5ng f\u00f6r 67 kr\/m\u00e5n<\/strong><\/a>\n\n<\/div>\n<\/div><\/div><\/div>\n\n<div class=\"gb-grid-column gb-grid-column-fac2fecf\"><div class=\"gb-container gb-container-fac2fecf\"><div class=\"gb-inside-container\">\n\n<h4 class=\"gb-headline gb-headline-8aeaa86c gb-headline-text\">WEBB STANDARD<\/h4>\n\n\n\n<h2 class=\"gb-headline gb-headline-8ed80c44 gb-headline-text\">50 GB<\/h2>\n\n\n\n<p class=\"has-text-align-center has-base-3-color has-text-color\" style=\"font-size:15px\"><strong>Vaativille WordPress-sivustoille, kuten blogeille ja yrityksille.<\/strong>.<br><br>5 verkkosivustoa + 5 tietokantaa<br>1024 Mt RAM-muistia<br>100% 2-ytiminen suorittin<br>300 Gt liikennett\u00e4<br>40 Gt verkkosivustoa varten<br>10 Gt s\u00e4hk\u00f6postia varten (1 verkkotunnus)<br>S\u00e4hk\u00f6postiosoitteiden lukum\u00e4\u00e4r\u00e4<br><br>P\u00e4ivitt\u00e4iset varmuuskopiot tallennetaan 30 p\u00e4iv\u00e4n ajan automaattisella palautuksella!<br><br><strong><strong><strong>WordPressin asennus<\/strong> <strong>yhdell\u00e4 napsautuksella!<\/strong><\/strong><\/strong><\/p>\n\n\n<div class=\"gb-button-wrapper gb-button-wrapper-7fc8d2f3\">\n\n<a class=\"gb-button gb-button-88d4c56d gb-button-text\" href=\"https:\/\/login.sajthotellet.com\/?cmd=cart&amp;action=add&amp;id=344\"><strong><strong>Aloita<\/strong> 111 kr\/m\u00e5n<\/strong><\/a>\n\n<\/div>\n<\/div><\/div><\/div>\n\n<div class=\"gb-grid-column gb-grid-column-d25f0f2e\"><div class=\"gb-container gb-container-d25f0f2e\"><div class=\"gb-inside-container\">\n\n<h4 class=\"gb-headline gb-headline-3e7ce6ce gb-headline-text\">WEB PLUS<\/h4>\n\n\n\n<h2 class=\"gb-headline gb-headline-f4615b43 gb-headline-text\">100 GB<\/h2>\n\n\n\n<p class=\"has-text-align-center has-base-3-color has-text-color\" style=\"font-size:15px\"><strong>Lopullinen valinta verkkokaupoille, jotka vaativat hieman ekstraa!<\/strong><br><br>20 verkkosivustoa + 20 tietokantaa<br>2048 Mt RAM-muistia<br>100% 4 ytimen suoritin<br>3000 GB liikennett\u00e4<br>80 Gt verkkosivustoa varten<br>20 Gt s\u00e4hk\u00f6postille (1 verkkotunnus)<br>S\u00e4hk\u00f6postiosoitteiden lukum\u00e4\u00e4r\u00e4<br><br>P\u00e4ivitt\u00e4iset varmuuskopiot tallennetaan 60 p\u00e4iv\u00e4n ajan automaattisella palautuksella!<br><br><strong><strong><strong>WordPressin asennus<\/strong> <strong>yhdell\u00e4 napsautuksella!<\/strong><\/strong><\/strong><\/p>\n\n\n<div class=\"gb-button-wrapper gb-button-wrapper-4efeb971\">\n\n<a class=\"gb-button gb-button-21faddc9 gb-button-text\" href=\"https:\/\/login.sajthotellet.com\/?cmd=cart&amp;action=add&amp;id=343\"><strong>Kom ig\u00e5ng f\u00f6r 167 kr\/m\u00e5n<\/strong><\/a>\n\n<\/div>\n<\/div><\/div><\/div>\n<\/div>\n<\/div><\/div>\n<\/div><\/div>\n\n<div class=\"gb-container gb-container-4a1ed703\" id=\"divein\"><div class=\"gb-inside-container\">\n\n<h2 class=\"gb-headline gb-headline-f40cb7e9 gb-headline-text\"><strong>Palvelu, saatavuus ja luotettavuus ovat meille ensisijaisia.<\/strong><\/h2>\n\n\n\n<div style=\"height:30px\" aria-hidden=\"true\" class=\"wp-block-spacer\"><\/div>\n\n\n<div class=\"gb-grid-wrapper gb-grid-wrapper-2f58ca26\">\n<div class=\"gb-grid-column gb-grid-column-04258f5f\"><div class=\"gb-container gb-container-04258f5f\"><div class=\"gb-inside-container\">\n\n<figure class=\"wp-block-image size-full image-shadow img\"><img loading=\"lazy\" decoding=\"async\" width=\"800\" height=\"600\" src=\"https:\/\/www.sajthotellet.com\/wp-content\/uploads\/2023\/10\/Sajthotellet_start.webp\" alt=\"Sajthotellet Web hosting\" class=\"wp-image-4787\" srcset=\"https:\/\/www.sajthotellet.com\/wp-content\/uploads\/2023\/10\/Sajthotellet_start.webp 800w, https:\/\/www.sajthotellet.com\/wp-content\/uploads\/2023\/10\/Sajthotellet_start-300x225.webp 300w, https:\/\/www.sajthotellet.com\/wp-content\/uploads\/2023\/10\/Sajthotellet_start-768x576.webp 768w\" sizes=\"auto, (max-width: 800px) 100vw, 800px\" \/><\/figure>\n\n<\/div><\/div><\/div>\n\n<div class=\"gb-grid-column gb-grid-column-e033eea6\"><div class=\"gb-container gb-container-e033eea6\"><div class=\"gb-inside-container\">\n\n<h3 class=\"gb-headline gb-headline-a55f24cd gb-headline-text\">T\u00e4ydellinen web hosting tilej\u00e4 ilman piilotettuja maksuja<\/h3>\n\n\n\n<p>Web-tili Sajthotelletissa sis\u00e4lt\u00e4\u00e4 kaiken, mit\u00e4 tarvitset aloittaaksesi oman verkkosivuston ja s\u00e4hk\u00f6postin k\u00e4yt\u00f6n. Jos tarvitset edistyneempi\u00e4 ratkaisuja, tarjolla on&nbsp;<a href=\"https:\/\/www.sajthotellet.com\/fi\/oheispalvelut\/\" data-type=\"page\" data-id=\"4096\">lis\u00e4palvelut<\/a>.<\/p>\n\n\n\n<p>Kun valitset Sajthotelletin web-is\u00e4nn\u00e4ksi, v\u00e4ltyt k\u00e4ynnistysmaksuilta ja piilokustannuksilta. Kaikki hinnat on ilmoitettu ilman arvonlis\u00e4veroa.<\/p>\n\n\n<div class=\"gb-button-wrapper gb-button-wrapper-20ab8acf\">\n\n<a class=\"gb-button gb-button-9d609767\" href=\"#\"><span class=\"gb-button-text\">Tilaa web hosting alkaen 60 kr\/kk<\/span><span class=\"gb-icon\"><svg xmlns=\"http:\/\/www.w3.org\/2000\/svg\" viewbox=\"0 0 256 512\" width=\"1em\" height=\"1em\" aria-hidden=\"true\"><path d=\"M224.3 273l-136 136c-9.4 9.4-24.6 9.4-33.9 0l-22.6-22.6c-9.4-9.4-9.4-24.6 0-33.9l96.4-96.4-96.4-96.4c-9.4-9.4-9.4-24.6 0-33.9L54.3 103c9.4-9.4 24.6-9.4 33.9 0l136 136c9.5 9.4 9.5 24.6.1 34z\" fill=\"currentColor\"><\/path><\/svg><\/span><\/a>\n\n<\/div>\n<\/div><\/div><\/div>\n<\/div>\n\n\n<div style=\"height:50px\" aria-hidden=\"true\" class=\"wp-block-spacer\"><\/div>\n\n\n<div class=\"gb-container gb-container-f3602b52\"><div class=\"gb-inside-container\">\n<div class=\"gb-grid-wrapper gb-grid-wrapper-956d0b80\">\n<div class=\"gb-grid-column gb-grid-column-e16a4cce\"><div class=\"gb-container gb-container-e16a4cce\"><div class=\"gb-inside-container\">\n\n<h3 class=\"gb-headline gb-headline-38b22e9b gb-headline-text\">Sivuston hotelli antaa sinulle joustavuutta<\/h3>\n\n\n\n<p>Sajthotelin palveluvalikoima on suunniteltu niin, ett\u00e4 sinulla on mahdollisimman paljon valinnanvaraa. Siksi meid\u00e4n <a href=\"https:\/\/www.sajthotellet.com\/fi\/oheispalvelut\/\">lis\u00e4palvelut<\/a>, jotta voit helposti p\u00e4ivitt\u00e4\u00e4 palvelua, kun tarvitset enemm\u00e4n tilaa s\u00e4hk\u00f6postillesi tai verkkosivustollesi.<\/p>\n\n<\/div><\/div><\/div>\n\n<div class=\"gb-grid-column gb-grid-column-56f4fe0e\"><div class=\"gb-container gb-container-56f4fe0e\"><div class=\"gb-inside-container\">\n\n<h3 class=\"gb-headline gb-headline-0a8d21d8 gb-headline-text\">Web hosting vuodesta 2000<\/h3>\n\n\n\n<p>Sajthotellet on toiminut web-is\u00e4nt\u00e4n\u00e4 vuodesta 2000 l\u00e4htien ja sill\u00e4 on tuhansia tyytyv\u00e4isi\u00e4 asiakkaita. Valtaosa suosittelee Sajthotelletia tuttavapiirilleen.<br><br>Lue <a href=\"https:\/\/www.sajthotellet.com\/fi\/sivustohotellista\/\" data-type=\"page\" data-id=\"4106\">lis\u00e4\u00e4 Sajthotelletista<\/a><\/p>\n\n<\/div><\/div><\/div>\n\n<div class=\"gb-grid-column gb-grid-column-9b215d74\"><div class=\"gb-container gb-container-9b215d74\"><div class=\"gb-inside-container\">\n\n<h3 class=\"gb-headline gb-headline-0a5bdcbe gb-headline-text\">Sivuston hotellity\u00f6t<\/h3>\n\n\n\n<p>T\u00e4rkein syy valita Sajthotellet on, ett\u00e4 Sajthotellet on vakaa ja luotettava. Vuosien laadunparannusty\u00f6n j\u00e4lkeen Sajthotellet on eritt\u00e4in vakaa webhotelli, jonka saatavuus on vertaansa vailla.<\/p>\n\n<\/div><\/div><\/div>\n<\/div>\n<\/div><\/div>\n<\/div><\/div>\n\n<div class=\"gb-container gb-container-c28f30a4\"><div class=\"gb-inside-container\">\n\n<h2 class=\"gb-headline gb-headline-e9495de5 gb-headline-text\">L\u00f6yd\u00e4 t\u00e4ydellinen verkkotunnus seuraavaa unelmaprojektiasi varten!<\/h2>\n\n\n\n<form method=\"post\" action=\"https:\/\/login.sajthotellet.com\/?cmd=checkdomain\" target=\"\">\n    <input type=\"hidden\" value=\"checkdomain\" name=\"action\">\n    <input type=\"hidden\" value=\"1\" name=\"singlecheck\">\n    <input type=\"hidden\" value=\"1\" name=\"register\">\n    <input type=\"hidden\" value=\"1\" name=\"domain_cat\">\n    <input value=\"\" name=\"sld\">\n    <select name=\"tld\"><option value=\".se\">.se<\/option>\n        <option value=\".nu\">.nyt<\/option>\n        <option value=\".com\">.com<\/option>\n        <option value=\".eu\">.eu<\/option>\n        <option value=\".info\">.info<\/option>\n        <option value=\".net\">.net<\/option>\n        <option value=\".org\">.org<\/option>\n        <option value=\".pl\">.pl<\/option>\n        <option value=\".dk\">.dk<\/option>\n        <option value=\".it\">.it<\/option>\n        <option value=\".af\">.of<\/option>\n        <option value=\".co\">.co<\/option>\n        <option value=\".asia\">.asia<\/option>\n        <option value=\".fi\">.fi<\/option>\n        <option value=\".hk\">.hk<\/option>\n        <option value=\".li\">.li<\/option>\n        <option value=\".in\">.in<\/option>\n        <option value=\".de\">.de<\/option>\n        <option value=\".cz\">.cz<\/option>\n        <option value=\".ru\">.ru<\/option>\n        <option value=\".ch\">.ch<\/option>\n        <option value=\".es\">.es<\/option>\n        <option value=\".biz\">.biz<\/option>\n        <option value=\".mobi\">.mobi<\/option>\n        <option value=\".me\">.me<\/option>\n        <option value=\".ac\">.ac<\/option>\n        <option value=\".at\">.at<\/option>\n        <option value=\".tv\">.tv<\/option>\n        <option value=\".name\">.name<\/option>\n        <option value=\".us\">.us<\/option>\n        <option value=\".jp\">.jp<\/option>\n        <\/select><br>\n    <input type=\"Submit\" value=\"S\u00d6K\">\n<\/form>\n\n<\/div><\/div>\n\n<div class=\"gb-container gb-container-3794c4e8\" id=\"varfor-sajthotellet\"><div class=\"gb-inside-container\">\n\n<h2 class=\"gb-headline gb-headline-179e0f60 gb-headline-text\">11 syyt\u00e4, miksi sinun pit\u00e4isi valita Sajthotellet web hostiksi<\/h2>\n\n\n\n<p><strong>Sajthotellet loistaa web hosting -alalla. T\u00e4ss\u00e4 on syy, miksi sinun pit\u00e4isi valita meid\u00e4t:<\/strong><\/p>\n\n\n\n<p><strong>Sajthotellet on synonyymi erinomaiselle vakaudelle ja luotettavuudelle. Olemme omistaneet vuosia jatkuvalle laadun parantamiselle, mik\u00e4 tekee Sajthotelletista johtavan web-hosting-palvelun, jonka saatavuus on vertaansa vailla.<\/strong><\/p>\n\n\n<div class=\"gb-container gb-container-662baf29\"><div class=\"gb-inside-container\">\n<div class=\"gb-grid-wrapper gb-grid-wrapper-0d0d7449\">\n<div class=\"gb-grid-column gb-grid-column-cccc60e9\"><div class=\"gb-container gb-container-cccc60e9\"><div class=\"gb-inside-container\">\n\n<h3 class=\"gb-headline gb-headline-6b5c29f3 gb-headline-text\">1.<\/h3>\n\n<\/div><\/div><\/div>\n\n<div class=\"gb-grid-column gb-grid-column-1da241c7\"><div class=\"gb-container gb-container-1da241c7\"><div class=\"gb-inside-container\">\n\n<h3 class=\"wp-block-heading\" style=\"font-size:26px\">Helppok\u00e4ytt\u00f6isyys<\/h3>\n\n\n\n<p>Sajthotellet tarjoaa k\u00e4ytt\u00e4j\u00e4yst\u00e4v\u00e4llisen alustan, jota on helppo k\u00e4ytt\u00e4\u00e4 jopa aloittelijoille web-hostingissa ja web-kehityksess\u00e4. Sinun ei tarvitse olla asiantuntija onnistuaksesi verkkosivustosi tai s\u00e4hk\u00f6postisi kanssa. <\/p>\n\n<\/div><\/div><\/div>\n<\/div>\n\n<div class=\"gb-grid-wrapper gb-grid-wrapper-06b83e47\">\n<div class=\"gb-grid-column gb-grid-column-e48cd546\"><div class=\"gb-container gb-container-e48cd546\"><div class=\"gb-inside-container\">\n\n<h3 class=\"gb-headline gb-headline-989a7fbe gb-headline-text\">2.<\/h3>\n\n<\/div><\/div><\/div>\n\n<div class=\"gb-grid-column gb-grid-column-df131248\"><div class=\"gb-container gb-container-df131248\"><div class=\"gb-inside-container\">\n\n<h3 class=\"wp-block-heading\" style=\"font-size:26px\">Luotettavuus<\/h3>\n\n\n\n<p>Sajthotellet tarjoaa korkean k\u00e4ytett\u00e4vyyden ja luotettavan toiminnan, mik\u00e4 minimoi verkkosivustosi k\u00e4ytt\u00f6katkosten riskin. K\u00e4yt\u00e4mme klusterointiratkaisua minimoidaksemme k\u00e4ytt\u00f6katkosriskin, varmuuskopioimme s\u00e4\u00e4nn\u00f6llisesti kaikki j\u00e4rjestelm\u00e4t ja kaikkien asiakkaiden tilit, ja meill\u00e4 on tarkat menettelyt sen varmistamiseksi, ett\u00e4 palvelusi ovat aina k\u00e4ytett\u00e4viss\u00e4.<\/p>\n\n<\/div><\/div><\/div>\n<\/div>\n\n<div class=\"gb-grid-wrapper gb-grid-wrapper-c93f5be0\">\n<div class=\"gb-grid-column gb-grid-column-c9e20c18\"><div class=\"gb-container gb-container-c9e20c18\"><div class=\"gb-inside-container\">\n\n<h3 class=\"gb-headline gb-headline-f5de8571 gb-headline-text\">3.<\/h3>\n\n<\/div><\/div><\/div>\n\n<div class=\"gb-grid-column gb-grid-column-dc4ffd80\"><div class=\"gb-container gb-container-dc4ffd80\"><div class=\"gb-inside-container\">\n\n<h3 class=\"wp-block-heading\" style=\"font-size:26px\">Suorituskyky<\/h3>\n\n\n\n<p>Sajthotelin optimoitujen palvelimien, sis\u00e4\u00e4nrakennetun v\u00e4limuistitallennuksen ja suurikapasiteettisten verkkojen ansiosta verkkosivustosi latausaika on nopea, mik\u00e4 parantaa k\u00e4ytt\u00e4j\u00e4kokemusta ja hakukoneiden sijoitusta. Voimme my\u00f6s auttaa verkkosivustosi optimoinnissa ja antaa sinulle hyvi\u00e4 neuvoja suorituskyvyn parantamiseksi entisest\u00e4\u00e4n!<\/p>\n\n<\/div><\/div><\/div>\n<\/div>\n\n<div class=\"gb-grid-wrapper gb-grid-wrapper-5d82e142\">\n<div class=\"gb-grid-column gb-grid-column-8d418fa7\"><div class=\"gb-container gb-container-8d418fa7\"><div class=\"gb-inside-container\">\n\n<h3 class=\"gb-headline gb-headline-c2ec491c gb-headline-text\">4.<\/h3>\n\n<\/div><\/div><\/div>\n\n<div class=\"gb-grid-column gb-grid-column-066e2422\"><div class=\"gb-container gb-container-066e2422\"><div class=\"gb-inside-container\">\n\n<h3 class=\"wp-block-heading\" style=\"font-size:26px\">Tuki<\/h3>\n\n\n\n<p>Sajthotellet tarjoaa asiakastukea, jos j\u00e4\u00e4t jumiin tai tarvitset muuta apua. Autamme sinua kaikissa teknisiss\u00e4 ongelmissa tai kysymyksiss\u00e4 sek\u00e4 lipun, puhelimen ett\u00e4 s\u00e4hk\u00f6postin v\u00e4lityksell\u00e4. Olemme t\u00e4\u00e4ll\u00e4 sinua varten!<\/p>\n\n<\/div><\/div><\/div>\n<\/div>\n\n<div class=\"gb-grid-wrapper gb-grid-wrapper-18c06ce1\">\n<div class=\"gb-grid-column gb-grid-column-01169e9d\"><div class=\"gb-container gb-container-01169e9d\"><div class=\"gb-inside-container\">\n\n<h3 class=\"gb-headline gb-headline-bb7979ec gb-headline-text\">5.<\/h3>\n\n<\/div><\/div><\/div>\n\n<div class=\"gb-grid-column gb-grid-column-d1ca3bd9\"><div class=\"gb-container gb-container-d1ca3bd9\"><div class=\"gb-inside-container\">\n\n<h3 class=\"wp-block-heading\" style=\"font-size:26px\">Turvallisuus<\/h3>\n\n\n\n<p>Sajthotelletilla on vankat tietoturvaominaisuudet, jotka suojaavat verkkosivustoasi haittaohjelmilta ja mahdollisilta uhkilta, ja meill\u00e4 on menettelyt turvallisuusuhkien, h\u00e4iri\u00f6iden ja muiden ongelmien varalta. Meid\u00e4n kanssamme olet turvassa - jos jotain tapahtuu, aina on olemassa varmuuskopio, joka voidaan palauttaa!<\/p>\n\n<\/div><\/div><\/div>\n<\/div>\n\n<div class=\"gb-grid-wrapper gb-grid-wrapper-1c496286\">\n<div class=\"gb-grid-column gb-grid-column-379a5b1b\"><div class=\"gb-container gb-container-379a5b1b\"><div class=\"gb-inside-container\">\n\n<h3 class=\"gb-headline gb-headline-35132b46 gb-headline-text\">6.<\/h3>\n\n<\/div><\/div><\/div>\n\n<div class=\"gb-grid-column gb-grid-column-b465e572\"><div class=\"gb-container gb-container-b465e572\"><div class=\"gb-inside-container\">\n\n<h3 class=\"wp-block-heading\" style=\"font-size:26px\">SSL<\/h3>\n\n\n\n<p>Verkkosivustoilla vierailun pit\u00e4isi olla turvallista, ja nyky\u00e4\u00e4n on harvinaista, ettei verkkosivustolla k\u00e4ytet\u00e4 SSL-sertifikaattia. Sajthotellet sis\u00e4lt\u00e4\u00e4 tietysti ilmaiset SSL-varmenteet verkkosivustollesi, mik\u00e4 auttaa turvaamaan verkkosivustosi ja lis\u00e4\u00e4m\u00e4\u00e4n k\u00e4ytt\u00e4jien luottamusta.<\/p>\n\n<\/div><\/div><\/div>\n<\/div>\n\n<div class=\"gb-grid-wrapper gb-grid-wrapper-0a733b7d\">\n<div class=\"gb-grid-column gb-grid-column-803c5d91\"><div class=\"gb-container gb-container-803c5d91\"><div class=\"gb-inside-container\">\n\n<h3 class=\"gb-headline gb-headline-1a690f3f gb-headline-text\">7.<\/h3>\n\n<\/div><\/div><\/div>\n\n<div class=\"gb-grid-column gb-grid-column-f2f588b5\"><div class=\"gb-container gb-container-f2f588b5\"><div class=\"gb-inside-container\">\n\n<h3 class=\"wp-block-heading\" style=\"font-size:26px\">Varmuuskopiointi<\/h3>\n\n\n\n<p>Tietosi ovat turvassa s\u00e4\u00e4nn\u00f6llisill\u00e4 automaattisilla varmuuskopioilla, jotka suojaavat verkkosivustoasi tietojen katoamiselta. Voit helposti palauttaa verkkosivustosi, jos se on palautettava jostain syyst\u00e4, mutta voit aina pyyt\u00e4\u00e4 meilt\u00e4 apua.<\/p>\n\n<\/div><\/div><\/div>\n<\/div>\n\n<div class=\"gb-grid-wrapper gb-grid-wrapper-9d5d4a21\">\n<div class=\"gb-grid-column gb-grid-column-7d2c25ab\"><div class=\"gb-container gb-container-7d2c25ab\"><div class=\"gb-inside-container\">\n\n<h3 class=\"gb-headline gb-headline-dd8919b8 gb-headline-text\">8.<\/h3>\n\n<\/div><\/div><\/div>\n\n<div class=\"gb-grid-column gb-grid-column-16cb6045\"><div class=\"gb-container gb-container-16cb6045\"><div class=\"gb-inside-container\">\n\n<h3 class=\"wp-block-heading\" style=\"font-size:26px\">Monipuolisuus<\/h3>\n\n\n\n<p>Sajthotellet tarjoaa erilaisia hosting-paketteja, kuten jaettua web-hostingia, VPS-hostingia ja dedikoituja palvelimia, joten voit r\u00e4\u00e4t\u00e4l\u00f6id\u00e4 hostingin tarpeidesi mukaan. Sinun ei yksinkertaisesti pit\u00e4isi tarvita toista palveluntarjoajaa - jos tarvitset enemm\u00e4n resursseja tai muita vaihtoehtoja, meill\u00e4 on niit\u00e4!<\/p>\n\n<\/div><\/div><\/div>\n<\/div>\n\n<div class=\"gb-grid-wrapper gb-grid-wrapper-c0d8b84a\">\n<div class=\"gb-grid-column gb-grid-column-ec0c5dc0\"><div class=\"gb-container gb-container-ec0c5dc0\"><div class=\"gb-inside-container\">\n\n<h3 class=\"gb-headline gb-headline-ed51bc5a gb-headline-text\">9.<\/h3>\n\n<\/div><\/div><\/div>\n\n<div class=\"gb-grid-column gb-grid-column-89e4f423\"><div class=\"gb-container gb-container-89e4f423\"><div class=\"gb-inside-container\">\n\n<h3 class=\"wp-block-heading\" style=\"font-size:26px\">Asennus<\/h3>\n\n\n\n<p>Sajthotellet tarjoaa helpon asennuksen suosittuihin verkkoalustoihin, kuten WordPress, Joomla ja Drupal, ja s\u00e4\u00e4st\u00e4\u00e4 aikaa ja vaivaa yhdell\u00e4 napsautuksella asiakaspaneelistamme. Voit valita kymmenist\u00e4 suosituista ratkaisuista verkkosivujen rakentamiseen, CRM-j\u00e4rjestelmiin, verkkokauppoihin ja paljon muuhun, ja olet k\u00e4ytt\u00f6kunnossa muutamassa minuutissa ilman laajoja ennakkotietoja!<\/p>\n\n<\/div><\/div><\/div>\n<\/div>\n\n<div class=\"gb-grid-wrapper gb-grid-wrapper-5fc3cde0\">\n<div class=\"gb-grid-column gb-grid-column-b45fc0ab\"><div class=\"gb-container gb-container-b45fc0ab\"><div class=\"gb-inside-container\">\n\n<h3 class=\"gb-headline gb-headline-e89f70bc gb-headline-text\">10.<\/h3>\n\n<\/div><\/div><\/div>\n\n<div class=\"gb-grid-column gb-grid-column-9c426390\"><div class=\"gb-container gb-container-9c426390\"><div class=\"gb-inside-container\">\n\n<h3 class=\"wp-block-heading\" style=\"font-size:26px\">S\u00e4hk\u00f6posti<\/h3>\n\n\n\n<p>K\u00e4yt\u00e4mme markkinoiden johtavia s\u00e4hk\u00f6postiratkaisuja, joiden avulla saat nopean, tehokkaan ja turvallisen s\u00e4hk\u00f6postipalvelun, ja jos tarpeesi ovat suuremmat, voit tietenkin hankkia kauttamme my\u00f6s Microsoftin Office 365:n. Tarvittaessa autamme sinua my\u00f6s r\u00e4\u00e4t\u00e4l\u00f6ityjen ratkaisujen kanssa.<\/p>\n\n<\/div><\/div><\/div>\n<\/div>\n\n<div class=\"gb-grid-wrapper gb-grid-wrapper-ad936d34\">\n<div class=\"gb-grid-column gb-grid-column-9210c14e\"><div class=\"gb-container gb-container-9210c14e\"><div class=\"gb-inside-container\">\n\n<h3 class=\"gb-headline gb-headline-2b3cb610 gb-headline-text\">11.<\/h3>\n\n<\/div><\/div><\/div>\n\n<div class=\"gb-grid-column gb-grid-column-cd1390ec\"><div class=\"gb-container gb-container-cd1390ec\"><div class=\"gb-inside-container\">\n\n<h3 class=\"wp-block-heading\" style=\"font-size:26px\">Ymp\u00e4rist\u00f6<\/h3>\n\n\n\n<p>Sajthotellet on sitoutunut yhteiseen ymp\u00e4rist\u00f6\u00f6n ja on tietoinen toimintamme ymp\u00e4rist\u00f6vaikutuksista. Ymp\u00e4rist\u00f6vaikutusten v\u00e4hent\u00e4miseksi k\u00e4yt\u00e4mme energiatehokkaita laitteita ja muita kest\u00e4v\u00e4n kehityksen toimenpiteit\u00e4.<\/p>\n\n<\/div><\/div><\/div>\n<\/div>\n<\/div><\/div>\n<\/div><\/div>","protected":false},"excerpt":{"rendered":"<p>Vi s\u00e4tter service, tillg\u00e4nglighet och drifts\u00e4kerhet i f\u00f6rsta rummet. 11 anledningar till varf\u00f6r du ska v\u00e4lja Sajthotellet som ditt webbhotell Sajthotellet excellerar inom webbhotellbranschen. H\u00e4r \u00e4r varf\u00f6r du b\u00f6r v\u00e4lja oss: Sajthotellet \u00e4r synonymt med enast\u00e5ende stabilitet och p\u00e5litlighet. Vi har \u00e4gnat flera \u00e5r \u00e5t kontinuerliga kvalitetsf\u00f6rb\u00e4ttringar, vilket har gjort Sajthotellet till en ledande akt\u00f6r &#8230; <a title=\"Sajthotellet &#8211; Ett stabilt och p\u00e5litligt webbhotell\" class=\"read-more\" href=\"https:\/\/www.sajthotellet.com\/fi\/\" aria-label=\"Lue lis\u00e4\u00e4 aiheesta Sajthotellet &#8211; Ett stabilt och p\u00e5litligt webbhotell\">Lue lis\u00e4\u00e4<\/a><\/p>","protected":false},"author":1,"featured_media":0,"parent":0,"menu_order":0,"comment_status":"closed","ping_status":"closed","template":"","meta":{"footnotes":""},"class_list":["post-3554","page","type-page","status-publish"],"featured_image_src":null,"featured_image_src_square":null,"_links":{"self":[{"href":"https:\/\/www.sajthotellet.com\/fi\/wp-json\/wp\/v2\/pages\/3554","targetHints":{"allow":["GET"]}}],"collection":[{"href":"https:\/\/www.sajthotellet.com\/fi\/wp-json\/wp\/v2\/pages"}],"about":[{"href":"https:\/\/www.sajthotellet.com\/fi\/wp-json\/wp\/v2\/types\/page"}],"author":[{"embeddable":true,"href":"https:\/\/www.sajthotellet.com\/fi\/wp-json\/wp\/v2\/users\/1"}],"replies":[{"embeddable":true,"href":"https:\/\/www.sajthotellet.com\/fi\/wp-json\/wp\/v2\/comments?post=3554"}],"version-history":[{"count":5,"href":"https:\/\/www.sajthotellet.com\/fi\/wp-json\/wp\/v2\/pages\/3554\/revisions"}],"predecessor-version":[{"id":4915,"href":"https:\/\/www.sajthotellet.com\/fi\/wp-json\/wp\/v2\/pages\/3554\/revisions\/4915"}],"wp:attachment":[{"href":"https:\/\/www.sajthotellet.com\/fi\/wp-json\/wp\/v2\/media?parent=3554"}],"curies":[{"name":"wp","href":"https:\/\/api.w.org\/{rel}","templated":true}]}}