{"id":4094,"date":"2022-06-27T14:37:35","date_gmt":"2022-06-27T14:37:35","guid":{"rendered":"https:\/\/www.sajthotellet.com\/?page_id=4094"},"modified":"2024-01-26T10:41:27","modified_gmt":"2024-01-26T10:41:27","slug":"verkkotunnukset","status":"publish","type":"page","link":"https:\/\/www.sajthotellet.com\/fi\/domaner\/","title":{"rendered":"Verkkotunnukset"},"content":{"rendered":"<div class=\"gb-container gb-container-c92d00e8\"><div class=\"gb-inside-container\">\n\n<h2 class=\"wp-block-heading\">Verkkotunnus identiteettisi<\/h2>\n\n\n\n<p>Verkkotunnuksesi ei ole pelkk\u00e4 verkko-osoite, vaan se on digitaalisen identiteettisi ydin. Kun kirjoitat selaimeen www-kirjaimen ja verkkotunnuksen per\u00e4\u00e4n, tavoitteena on, ett\u00e4 k\u00e4vij\u00e4t p\u00e4\u00e4sev\u00e4t verkkosivustollesi v\u00e4litt\u00f6m\u00e4sti. Lis\u00e4ksi verkkotunnusta k\u00e4ytet\u00e4\u00e4n s\u00e4hk\u00f6postiosoitteesi perustana.<\/p>\n\n\n\n<p><strong>Alla voit helposti etsi\u00e4 ja rekister\u00f6id\u00e4 uuden verkkotunnuksen seuraavaa projektiasi varten.<\/strong><\/p>\n\n<\/div><\/div>\n\n<div class=\"gb-container gb-container-c28f30a4\"><div class=\"gb-inside-container\">\n\n<h2 class=\"gb-headline gb-headline-e9495de5 gb-headline-text\">L\u00f6yd\u00e4 t\u00e4ydellinen verkkotunnus verkkoprojektillesi<\/h2>\n\n\n\n<form method=\"post\" action=\"https:\/\/login.sajthotellet.com\/?cmd=checkdomain\" target=\"\">\n    <input type=\"hidden\" value=\"checkdomain\" name=\"action\">\n    <input type=\"hidden\" value=\"1\" name=\"singlecheck\">\n    <input type=\"hidden\" value=\"1\" name=\"register\">\n    <input type=\"hidden\" value=\"1\" name=\"domain_cat\">\n    <input value=\"\" name=\"sld\">\n    <select name=\"tld\"><option value=\".se\">.se<\/option>\n        <option value=\".nu\">.nyt<\/option>\n        <option value=\".com\">.com<\/option>\n        <option value=\".eu\">.eu<\/option>\n        <option value=\".info\">.info<\/option>\n        <option value=\".net\">.net<\/option>\n        <option value=\".org\">.org<\/option>\n        <option value=\".pl\">.pl<\/option>\n        <option value=\".dk\">.dk<\/option>\n        <option value=\".it\">.it<\/option>\n        <option value=\".af\">.of<\/option>\n        <option value=\".co\">.co<\/option>\n        <option value=\".asia\">.asia<\/option>\n        <option value=\".fi\">.fi<\/option>\n        <option value=\".hk\">.hk<\/option>\n        <option value=\".li\">.li<\/option>\n        <option value=\".in\">.in<\/option>\n        <option value=\".de\">.de<\/option>\n        <option value=\".cz\">.cz<\/option>\n        <option value=\".ru\">.ru<\/option>\n        <option value=\".ch\">.ch<\/option>\n        <option value=\".es\">.es<\/option>\n        <option value=\".biz\">.biz<\/option>\n        <option value=\".mobi\">.mobi<\/option>\n        <option value=\".me\">.me<\/option>\n        <option value=\".ac\">.ac<\/option>\n        <option value=\".at\">.at<\/option>\n        <option value=\".tv\">.tv<\/option>\n        <option value=\".name\">.name<\/option>\n        <option value=\".us\">.us<\/option>\n        <option value=\".jp\">.jp<\/option>\n        <\/select><br>\n    <input type=\"Submit\" value=\"S\u00d6K\">\n<\/form>\n\n<\/div><\/div>\n\n<div class=\"gb-container gb-container-ad0057e2\"><div class=\"gb-inside-container\">\n\n<h2 class=\"wp-block-heading\">Maailman verkkotunnukset Sajthotelletissa<\/h2>\n\n\n\n<p>Voit rekister\u00f6id\u00e4 erityyppisi\u00e4 verkkotunnuksia erityistarpeidesi ja tavoitteidesi mukaan. Seuraavassa on yleiskatsaus joihinkin yleisimpiin verkkotunnustyyppeihin, joita voit rekister\u00f6id\u00e4:<\/p>\n\n\n\n<ol class=\"wp-block-list\">\n<li><strong>Yleiset aluetunnukset (gTLD)<\/strong>N\u00e4m\u00e4 ovat yleisimpi\u00e4 verkkotunnuksia, ja niihin kuuluvat esimerkiksi .com, .net, .org ja .info. N\u00e4m\u00e4 ovat eritt\u00e4in suosittuja ja laajalti yritysten k\u00e4yt\u00f6ss\u00e4 kaikkialla maailmassa. Ne antavat yrityksille laajan ja maailmanlaajuisen l\u00e4sn\u00e4olon internetiss\u00e4.<\/li>\n\n\n\n<li><strong>Maakoodin aluetunnukset (ccTLD)<\/strong>: Kullakin maalla on oma aluetason verkkotunnuksensa (esim. .se Ruotsille ja .no Norjalle). Yritykset voivat k\u00e4ytt\u00e4\u00e4 n\u00e4it\u00e4 verkkotunnuksia osoittaakseen paikallista l\u00e4sn\u00e4oloa tai kohdistaa verkkotunnuksen tietyille maantieteellisille markkinoille.<\/li>\n\n\n\n<li><strong>Erikoisaluetunnukset (nTLD)<\/strong>N\u00e4m\u00e4 ovat suhteellisen uusia, ja niihin kuuluvat verkkotunnukset, kuten .app, .blog, .tech ja monet muut. Yritykset voivat k\u00e4ytt\u00e4\u00e4 niit\u00e4 luodakseen erityisi\u00e4 verkko-osoitteita, jotka on r\u00e4\u00e4t\u00e4l\u00f6ity niiden toimialan tai tarkoituksen mukaan. Esimerkiksi teknologiayritys voi k\u00e4ytt\u00e4\u00e4 .tech-tunnusta osoittaakseen selke\u00e4sti, mihin se on keskittynyt.<\/li>\n\n\n\n<li><strong>Hankitut tai premium-verkkotunnukset<\/strong>: Jotkin verkkotunnukset ovat haluttuja, ja niit\u00e4 voi olla saatavilla j\u00e4lkimarkkinoilla korkeampaan hintaan. Yritykset voivat harkita t\u00e4llaisten verkkotunnusten ostamista, jos niill\u00e4 on vahva yhteys niiden br\u00e4ndiin tai liiketoimintaan.<\/li>\n\n\n\n<li><strong>Suojatut verkkotunnukset<\/strong>: Varmistaakseen br\u00e4ndins\u00e4 ja v\u00e4ltt\u00e4\u00e4kseen tavaramerkkien loukkaukset yritykset voivat rekister\u00f6id\u00e4 verkkotunnuksensa erilaisia muunnelmia, mukaan lukien kirjoitusvirheit\u00e4 ja eri yl\u00e4tason verkkotunnuksia, est\u00e4\u00e4kseen muita k\u00e4ytt\u00e4m\u00e4st\u00e4 heid\u00e4n br\u00e4ndi\u00e4\u00e4n hyv\u00e4ksi.<\/li>\n<\/ol>\n\n\n\n<div style=\"height:20px\" aria-hidden=\"true\" class=\"wp-block-spacer\"><\/div>\n\n\n\n<h2 class=\"wp-block-heading\">Hyv\u00e4 verkkotunnus<\/h2>\n\n\n\n<p>Koska verkkotunnus on verkkosivustosi osoite, sen tulisi olla lyhyt ja helposti muistettava. On eduksi, jos oikeinkirjoitus on selv\u00e4, jotta voit v\u00e4litt\u00e4\u00e4 nimen puhelimessa ilman, ett\u00e4 sinun tarvitsee tavata sit\u00e4.<\/p>\n\n\n\n<p><strong>Vaikka on mahdollista rekister\u00f6id\u00e4 verkkotunnuksia, jotka sis\u00e4lt\u00e4v\u00e4t \u00e5-, \u00e4- ja \u00f6-merkkej\u00e4, on eduksi, jos verkkotunnuksesi ei sis\u00e4ll\u00e4 n\u00e4it\u00e4 merkkej\u00e4.<\/strong><\/p>\n\n\n\n<p>Nyky\u00e4\u00e4n on tietysti yleist\u00e4, ett\u00e4 yritykset liitt\u00e4v\u00e4t \".se\" -nimen yrityksens\u00e4 nimen per\u00e4\u00e4n. On kuitenkin viisasta harkita my\u00f6s t\u00e4m\u00e4n t\u00e4ydent\u00e4mist\u00e4 rekister\u00f6im\u00e4ll\u00e4 erityisi\u00e4 tuotenimi\u00e4 tai yleisi\u00e4 sanoja, jotka ovat merkityksellisi\u00e4 yritykselle. Jos yrityksesi esimerkiksi valmistaa tuoleja, voi olla eritt\u00e4in hy\u00f6dyllist\u00e4 rekister\u00f6id\u00e4 verkko-osoite, joka sis\u00e4lt\u00e4\u00e4 jollakin tavalla sanan \"tuolit\", jotta se kertoo suoraan yrityksen painopisteest\u00e4 ja helpottaa potentiaalisia asiakkaita l\u00f6yt\u00e4m\u00e4\u00e4n verkkosivustosi.<\/p>\n\n\n\n<p><\/p>\n\n<\/div><\/div>","protected":false},"excerpt":{"rendered":"<p>Dom\u00e4nnamnet din identitet Ditt dom\u00e4nnamn \u00e4r inte bara en enkel webbadress utan det representerar sj\u00e4lva hj\u00e4rtat av din digitala identitet. N\u00e4r du skriver in &#8221;www&#8221; f\u00f6ljt av ditt dom\u00e4nnamn i webbl\u00e4saren, \u00e4r m\u00e5let att bes\u00f6kare omedelbart n\u00e5r din webbplats. Dessutom anv\u00e4nds dom\u00e4nnamnet som grund f\u00f6r din e-postadress. H\u00e4r nedan kan du enkelt s\u00f6ka efter och &#8230; <a title=\"Verkkotunnukset\" class=\"read-more\" href=\"https:\/\/www.sajthotellet.com\/fi\/domaner\/\" aria-label=\"Lue lis\u00e4\u00e4 aiheesta Dom\u00e4ner\">Lue lis\u00e4\u00e4<\/a><\/p>","protected":false},"author":1,"featured_media":0,"parent":0,"menu_order":0,"comment_status":"closed","ping_status":"closed","template":"","meta":{"footnotes":""},"class_list":["post-4094","page","type-page","status-publish"],"featured_image_src":null,"featured_image_src_square":null,"_links":{"self":[{"href":"https:\/\/www.sajthotellet.com\/fi\/wp-json\/wp\/v2\/pages\/4094","targetHints":{"allow":["GET"]}}],"collection":[{"href":"https:\/\/www.sajthotellet.com\/fi\/wp-json\/wp\/v2\/pages"}],"about":[{"href":"https:\/\/www.sajthotellet.com\/fi\/wp-json\/wp\/v2\/types\/page"}],"author":[{"embeddable":true,"href":"https:\/\/www.sajthotellet.com\/fi\/wp-json\/wp\/v2\/users\/1"}],"replies":[{"embeddable":true,"href":"https:\/\/www.sajthotellet.com\/fi\/wp-json\/wp\/v2\/comments?post=4094"}],"version-history":[{"count":5,"href":"https:\/\/www.sajthotellet.com\/fi\/wp-json\/wp\/v2\/pages\/4094\/revisions"}],"predecessor-version":[{"id":4889,"href":"https:\/\/www.sajthotellet.com\/fi\/wp-json\/wp\/v2\/pages\/4094\/revisions\/4889"}],"wp:attachment":[{"href":"https:\/\/www.sajthotellet.com\/fi\/wp-json\/wp\/v2\/media?parent=4094"}],"curies":[{"name":"wp","href":"https:\/\/api.w.org\/{rel}","templated":true}]}}