{"id":4098,"date":"2022-06-27T14:38:05","date_gmt":"2022-06-27T14:38:05","guid":{"rendered":"https:\/\/www.sajthotellet.com\/?page_id=4098"},"modified":"2023-10-24T12:38:48","modified_gmt":"2023-10-24T12:38:48","slug":"oma-palvelin","status":"publish","type":"page","link":"https:\/\/www.sajthotellet.com\/fi\/egen-server\/","title":{"rendered":"Oma palvelin"},"content":{"rendered":"<h2 class=\"gb-headline gb-headline-ac00a00c gb-headline-text\">Toiminta- ja palvelinpalvelut<\/h2>\n\n\n\n<p>Sivuston is\u00e4nt\u00e4 voi tarjota kolmenlaisia hosting- ja palvelinpalveluja:<\/p>\n\n\n\n<p><\/p>\n\n\n\n<div style=\"height:48px\" aria-hidden=\"true\" class=\"wp-block-spacer\"><\/div>\n\n\n<div class=\"gb-container gb-container-bef3aacc\"><div class=\"gb-inside-container\">\n<div class=\"gb-grid-wrapper gb-grid-wrapper-8a01aac9\">\n<div class=\"gb-grid-column gb-grid-column-a4eb6778\"><div class=\"gb-container gb-container-a4eb6778\"><div class=\"gb-inside-container\">\n\n<h3 class=\"gb-headline gb-headline-5b6ba408 gb-headline-text\">Yhteissijoitus<\/h3>\n\n\n\n<p>Yksinkertaisinta palvelua kutsutaan yhteissijoitukseksi. T\u00e4m\u00e4 tarkoittaa, ett\u00e4 sijoitat palvelimesi meille. Me huolehdimme siit\u00e4, ett\u00e4 palvelin on yhteydess\u00e4 Internetiin ja ett\u00e4 se saa s\u00e4hk\u00f6\u00e4 ja j\u00e4\u00e4hdytyst\u00e4. Omistat ja olet vastuussa sek\u00e4 laitteistosta ett\u00e4 palvelimella toimivasta ohjelmistosta.<\/p>\n\n\n\n<p>Hinta alkaen 1500 kruunua\/kk sis\u00e4lt\u00e4en 1 TB liikennett\u00e4 ja 1U.<\/p>\n\n<\/div><\/div><\/div>\n\n<div class=\"gb-grid-column gb-grid-column-cea500b2\"><div class=\"gb-container gb-container-cea500b2\"><div class=\"gb-inside-container\">\n\n<h3 class=\"wp-block-heading has-global-color-8-color has-text-color\">Kiinte\u00e4 palvelin<\/h3>\n\n\n\n<p>Sajthotellet omistaa omistetun palvelimen ja vuokraa sen sinulle. Me olemme vastuussa laitteiston toiminnasta, ja sin\u00e4 olet vastuussa vain palvelimella toimivasta ohjelmistosta.<\/p>\n\n\n\n<p>Hinta alkaen 3 500 kruunua\/kk sis\u00e4lt\u00e4en 3 TB liikennett\u00e4 ja 24 kuukauden sopimuksen.<\/p>\n\n\n\n<p>Lue lis\u00e4\u00e4&nbsp;<a href=\"https:\/\/www.sajthotellet.com\/fi\/oma-palvelin-2\/\" data-type=\"page\" data-id=\"4232\">Kiinte\u00e4 palvelin<\/a>.<\/p>\n\n<\/div><\/div><\/div>\n\n<div class=\"gb-grid-column gb-grid-column-2ae2cdf5\"><div class=\"gb-container gb-container-2ae2cdf5\"><div class=\"gb-inside-container\">\n\n<h3 class=\"gb-headline gb-headline-a3c114c5 gb-headline-text\">VPS<\/h3>\n\n\n\n<p>VPS eli Virtual Private Server on virtuaalinen palvelin, joka toimii itsen\u00e4isen\u00e4 ja eristettyn\u00e4 kokonaisuutena fyysisen palvelimen sis\u00e4ll\u00e4.<\/p>\n\n\n\n<p>Jos olet kiinnostunut VPS-palvelusta, ota yhteytt\u00e4 ja pyyd\u00e4 tarjous.<\/p>\n\n\n\n<p><a href=\"https:\/\/www.sajthotellet.com\/fi\/ota-yhteytta\/\">Ota yhteytt\u00e4 ja pyyd\u00e4 tarjous<\/a>.<\/p>\n\n<\/div><\/div><\/div>\n<\/div>\n<\/div><\/div>\n\n\n<div style=\"height:48px\" aria-hidden=\"true\" class=\"wp-block-spacer\"><\/div>\n\n\n\n<h2 class=\"wp-block-heading\">Mit\u00e4 datakeskukseemme sis\u00e4ltyy?<\/h2>\n\n\n\n<p>Sajthotellet tarjoaa vain huippuluokan palveluja yhteissijoituksen, dedikoitujen palvelimien ja hallittujen palvelimien alalla. Internet-yhteytemme on redundantti, mik\u00e4 tarkoittaa, ett\u00e4 meill\u00e4 on useita toisistaan riippumattomia Internet-yhteyksi\u00e4 luotettavuuden lis\u00e4\u00e4miseksi. Lis\u00e4ksi meill\u00e4 on kaksoisj\u00e4\u00e4hdytysj\u00e4rjestelm\u00e4t ja taattu s\u00e4hk\u00f6verkon turvallisuus. Keskeytym\u00e4t\u00f6n virtal\u00e4hde (UPS) ja varavoima dieselgeneraattorin muodossa kuuluvat vakiovarusteisiin.<\/p>\n\n\n\n<p>Ilmastointij\u00e4rjestelm\u00e4mme on kalibroitu tarkasti niin, ett\u00e4 se s\u00e4\u00e4telee sek\u00e4 l\u00e4mp\u00f6tilaa ett\u00e4 kosteutta palvelinten toiminnan kannalta optimaalisella tasolla.<\/p>\n\n\n\n<p>Fyysisen turvallisuuden varmistamiseksi p\u00e4\u00e4sy tietokeskukseen on tiukasti s\u00e4\u00e4nnelty. Hallissa ei ole ikkunoita tai muita helppoja sis\u00e4\u00e4nk\u00e4yntej\u00e4. Tilat on varustettu murtoh\u00e4lyttimill\u00e4, joihin kuuluu liiketunnistimia, t\u00e4rin\u00e4ilmaisimia, kameravalvontaa ja ovih\u00e4lyttimi\u00e4. Lis\u00e4ksi vartijat tekev\u00e4t s\u00e4\u00e4nn\u00f6llisi\u00e4 turvakierroksia.<\/p>\n\n\n\n<p>Palvelinsalimme on varustettu Inergen-palonsammutusj\u00e4rjestelm\u00e4ll\u00e4, joka on erityisesti sovitettu datakeskusymp\u00e4rist\u00f6ihin.<\/p>\n\n\n\n<h2 class=\"wp-block-heading\">Kuinka paljon se maksaa?<\/h2>\n\n\n\n<p>Hosting-palvelua tarjotaan vain yrityksille, ja siihen sovelletaan erityisehtoja. Koska vaatimukset ja palvelinten tarjonta vaihtelevat, pyyd\u00e4mme, ett\u00e4&nbsp;<a href=\"https:\/\/www.sajthotellet.com\/fi\/ota-yhteytta\/\">Ota yhteytt\u00e4<\/a>&nbsp;meille r\u00e4\u00e4t\u00e4l\u00f6ity\u00e4 tarjousta varten.<\/p>","protected":false},"excerpt":{"rendered":"<p>Hosting- ja palvelinpalvelut Sajthotellet voi tarjota kolmenlaisia hosting- ja palvelinpalveluja: Mit\u00e4 palvelinkeskuksemme sis\u00e4lt\u00e4\u00e4? Sajthotellet tarjoaa vain huippuluokan palveluja yhteissijoituksen, dedikoitujen palvelimien ja hallinnoitujen palvelimien osalta. Internet-yhteytemme on redundantti, mik\u00e4 tarkoittaa, ett\u00e4 meill\u00e4 on useita toisistaan riippumattomia Internet-yhteyksi\u00e4 luotettavuuden lis\u00e4\u00e4miseksi. Lis\u00e4ksi meill\u00e4 on kaksi j\u00e4\u00e4hdytysj\u00e4rjestelm\u00e4\u00e4 ja taattu s\u00e4hk\u00f6verkon turvallisuus. ... <a title=\"Oma palvelin\" class=\"read-more\" href=\"https:\/\/www.sajthotellet.com\/fi\/egen-server\/\" aria-label=\"Lue lis\u00e4\u00e4 aiheesta Egen server\">Lue lis\u00e4\u00e4<\/a><\/p>","protected":false},"author":1,"featured_media":0,"parent":0,"menu_order":0,"comment_status":"closed","ping_status":"closed","template":"","meta":{"footnotes":""},"class_list":["post-4098","page","type-page","status-publish"],"featured_image_src":null,"featured_image_src_square":null,"_links":{"self":[{"href":"https:\/\/www.sajthotellet.com\/fi\/wp-json\/wp\/v2\/pages\/4098","targetHints":{"allow":["GET"]}}],"collection":[{"href":"https:\/\/www.sajthotellet.com\/fi\/wp-json\/wp\/v2\/pages"}],"about":[{"href":"https:\/\/www.sajthotellet.com\/fi\/wp-json\/wp\/v2\/types\/page"}],"author":[{"embeddable":true,"href":"https:\/\/www.sajthotellet.com\/fi\/wp-json\/wp\/v2\/users\/1"}],"replies":[{"embeddable":true,"href":"https:\/\/www.sajthotellet.com\/fi\/wp-json\/wp\/v2\/comments?post=4098"}],"version-history":[{"count":5,"href":"https:\/\/www.sajthotellet.com\/fi\/wp-json\/wp\/v2\/pages\/4098\/revisions"}],"predecessor-version":[{"id":4649,"href":"https:\/\/www.sajthotellet.com\/fi\/wp-json\/wp\/v2\/pages\/4098\/revisions\/4649"}],"wp:attachment":[{"href":"https:\/\/www.sajthotellet.com\/fi\/wp-json\/wp\/v2\/media?parent=4098"}],"curies":[{"name":"wp","href":"https:\/\/api.w.org\/{rel}","templated":true}]}}