{"id":4104,"date":"2022-06-27T14:38:40","date_gmt":"2022-06-27T14:38:40","guid":{"rendered":"https:\/\/www.sajthotellet.com\/?page_id=4104"},"modified":"2023-10-24T12:46:20","modified_gmt":"2023-10-24T12:46:20","slug":"tuki","status":"publish","type":"page","link":"https:\/\/www.sajthotellet.com\/fi\/support\/","title":{"rendered":"Sajthotellet tuki"},"content":{"rendered":"<h1 class=\"wp-block-heading\">Tuki<\/h1>\n\n\n\n<p>Tuki sis\u00e4ltyy sek\u00e4 <a href=\"https:\/\/login.sajthotellet.com\">tukitapaus (lippu)<\/a> ja puhelimitse, kun ostat web hosting-tilin Sajthotelletista.<\/p>\n\n\n\n<h3 class=\"wp-block-heading\">Webmail<\/h3>\n\n\n\n<p>Voit lukea s\u00e4hk\u00f6postisi verkossa seuraavasti <a href=\"https:\/\/mail.smartemail.se\" target=\"_blank\" rel=\"noopener\">webmailit<\/a>. Kirjaudut sis\u00e4\u00e4n s\u00e4hk\u00f6postiosoitteellasi ja salasanallasi.<\/p>\n\n\n\n<h3 class=\"wp-block-heading\">Palvelimen tiedot saapuvia ja l\u00e4htevi\u00e4 s\u00e4hk\u00f6posteja varten<\/h3>\n\n\n\n<p>S\u00e4hk\u00f6postitilin k\u00e4ytt\u00e4j\u00e4nimi on koko s\u00e4hk\u00f6postiosoite. Salasanan on valinnut s\u00e4hk\u00f6postitilin luonut henkil\u00f6.<\/p>\n\n\n\n<p>Seuraavia tietoja olisi yleens\u00e4 k\u00e4ytett\u00e4v\u00e4 matkapuhelinten, tietokoneiden tai muiden laitteiden s\u00e4hk\u00f6postiohjelmissa (s\u00e4hk\u00f6postiohjelmissa).<\/p>\n\n\n\n<p>S\u00e4hk\u00f6postiohjelmien teht\u00e4v\u00e4t<br>K\u00e4ytt\u00e4j\u00e4tunnus: s\u00e4hk\u00f6postiosoite<br>Salasana: s\u00e4hk\u00f6postiosoitteen salasana<br>Saapuvan postin palvelin (POP\/IMAP): mail.smartemail.se<br>Saapuvan palvelimen portti:<br>POP: 995 SSL:n kanssa, 110 ilman SSL:\u00e4\u00e4.<br>IMAP: 993 SSL:n kanssa, 143 ilman SSL:\u00e4\u00e4.<\/p>\n\n\n\n<p>L\u00e4htev\u00e4n postin palvelin (SMTP): mail.smartemail.se<br>L\u00e4htev\u00e4n palvelimen portti: 465 SSL:n kanssa, anna portti 2500 ilman SSL:\u00e4\u00e4, jos laitteesi ei tue t\u00e4t\u00e4!<br>L\u00e4htev\u00e4n palvelimen portti: 587 (TLS)<\/p>\n\n\n\n<p>HUOM! Verkkosivuston yhteydenottolomakkeissa k\u00e4yt\u00e4 porttia 587, jos portti 465 ei toimi.<\/p>\n\n\n\n<p>L\u00e4htev\u00e4n postin palvelin vaatii tunnistautumisen (k\u00e4ytt\u00e4j\u00e4nimi ja salasana).<\/p>\n\n\n\n<p>Miten t\u00e4m\u00e4 m\u00e4\u00e4ritet\u00e4\u00e4n s\u00e4hk\u00f6postiohjelmassasi, selvi\u00e4\u00e4 laitteesi k\u00e4ytt\u00f6ohjeesta. Olemme julkaisseet joitakin esimerkkej\u00e4 <a href=\"https:\/\/login.sajthotellet.com\/knowledgebase\">tietopohja<\/a>.<\/p>\n\n\n\n<h2 class=\"wp-block-heading\">Puhelintuki<\/h2>\n\n\n\n<p>Jos sinulla on ongelmia kirjautumisessa tai jos et l\u00f6yd\u00e4 etsim\u00e4\u00e4si tietoa, voit ottaa meihin yhteytt\u00e4 puhelimitse: <strong>0771 319 319<\/strong> tai <a href=\"https:\/\/login.sajthotellet.com\">tukitapaus (lippu)<\/a>.<br><br><\/p>\n\n\n\n<h3 class=\"wp-block-heading\">Teamviewer<\/h3>\n\n\n\n<p>Et\u00e4avun helpottamiseksi pyyd\u00e4mme sinua asentamaan Teamviewerin ennen yhteydenottoa tukeen, muuten sinua ohjataan soittamaan uudelleen ohjelmiston asentamisen j\u00e4lkeen. Voit ladata ohjelman t\u00e4\u00e4lt\u00e4:<\/p>\n\n\n\n<a class=\"gb-button gb-button-acda2e4e gb-button-text\" href=\"https:\/\/get.teamviewer.com\/admax\" target=\"_blank\" rel=\"noopener\">Lataa Teamviewer t\u00e4\u00e4lt\u00e4!<\/a>\n\n\n\n<p>* Jos olet konsultti, joka soittaa asiakkaan puolesta, veloitamme asiakkaalta normaalin tuntihinnan, joka on 645 kruunua + alv noin puolelta tunnilta.<\/p>","protected":false},"excerpt":{"rendered":"<p>Tuki Tuki sis\u00e4ltyy sek\u00e4 tukitapausten (lippujen) ett\u00e4 puhelimen kautta, kun olet ostanut web-hosting-tilin Sajthotelletista. Webmail Voit lukea s\u00e4hk\u00f6postisi webiss\u00e4 webmailin kautta. Kirjaudut sis\u00e4\u00e4n s\u00e4hk\u00f6postiosoitteellasi ja salasanallasi. Palvelimen tiedot saapuvia ja l\u00e4htevi\u00e4 s\u00e4hk\u00f6postiviestej\u00e4 varten S\u00e4hk\u00f6postitilin k\u00e4ytt\u00e4j\u00e4tunnus on koko s\u00e4hk\u00f6postiosoite. Salasana on valittu ... <a title=\"Sajthotellet tuki\" class=\"read-more\" href=\"https:\/\/www.sajthotellet.com\/fi\/support\/\" aria-label=\"Lue lis\u00e4\u00e4 aiheesta Sajthotellet Support\">Lue lis\u00e4\u00e4<\/a><\/p>","protected":false},"author":1,"featured_media":0,"parent":0,"menu_order":0,"comment_status":"closed","ping_status":"closed","template":"","meta":{"footnotes":""},"class_list":["post-4104","page","type-page","status-publish"],"featured_image_src":null,"featured_image_src_square":null,"_links":{"self":[{"href":"https:\/\/www.sajthotellet.com\/fi\/wp-json\/wp\/v2\/pages\/4104","targetHints":{"allow":["GET"]}}],"collection":[{"href":"https:\/\/www.sajthotellet.com\/fi\/wp-json\/wp\/v2\/pages"}],"about":[{"href":"https:\/\/www.sajthotellet.com\/fi\/wp-json\/wp\/v2\/types\/page"}],"author":[{"embeddable":true,"href":"https:\/\/www.sajthotellet.com\/fi\/wp-json\/wp\/v2\/users\/1"}],"replies":[{"embeddable":true,"href":"https:\/\/www.sajthotellet.com\/fi\/wp-json\/wp\/v2\/comments?post=4104"}],"version-history":[{"count":5,"href":"https:\/\/www.sajthotellet.com\/fi\/wp-json\/wp\/v2\/pages\/4104\/revisions"}],"predecessor-version":[{"id":4851,"href":"https:\/\/www.sajthotellet.com\/fi\/wp-json\/wp\/v2\/pages\/4104\/revisions\/4851"}],"wp:attachment":[{"href":"https:\/\/www.sajthotellet.com\/fi\/wp-json\/wp\/v2\/media?parent=4104"}],"curies":[{"name":"wp","href":"https:\/\/api.w.org\/{rel}","templated":true}]}}