{"id":4106,"date":"2022-06-27T14:38:53","date_gmt":"2022-06-27T14:38:53","guid":{"rendered":"https:\/\/www.sajthotellet.com\/?page_id=4106"},"modified":"2024-01-09T10:18:41","modified_gmt":"2024-01-09T10:18:41","slug":"sivustohotellista","status":"publish","type":"page","link":"https:\/\/www.sajthotellet.com\/fi\/om-sajthotellet\/","title":{"rendered":"Tietoja Sajthotelletista"},"content":{"rendered":"<h2 class=\"wp-block-heading\">Web hosting vuodesta 2000<\/h2>\n\n\n\n<p>Sajthotelletilla on vankka historia web-hosting-alalla, ja sen kokemus ulottuu vuoteen 2001. P\u00e4\u00e4tavoitteemme on tarjota ensiluokkaista web-hosting-palvelua kilpailukykyisemp\u00e4\u00e4n hintaan kuin alan kilpailijamme. Kooltaan Sajthotellet kuuluu keskiluokkaan, mik\u00e4 tekee meist\u00e4 riitt\u00e4v\u00e4n suuren harjoittaaksemme liiketoimintaamme vakavasti otettavalla tavalla.<\/p>\n\n\n\n<p>Ymm\u00e4rr\u00e4mme, miten t\u00e4rke\u00e4\u00e4 on yll\u00e4pit\u00e4\u00e4 korkea k\u00e4ytett\u00e4vyys ja minimoida h\u00e4iri\u00f6t. Siksi ty\u00f6skentelemme jatkuvasti varmistaaksemme, ett\u00e4 laitteemme ovat luotettavia ja kest\u00e4vi\u00e4.<\/p>\n\n\n\n<p>Jotta voimme pit\u00e4\u00e4 asiakkaamme ajan tasalla toiminnastamme ja mahdollisista h\u00e4iri\u00f6ist\u00e4, olemme luoneet verkkosivuston sajthotellet.driftinformation.se. Sielt\u00e4 l\u00f6yd\u00e4t ajantasaista tietoa k\u00e4ynniss\u00e4 olevista h\u00e4iri\u00f6ist\u00e4, suunnitelluista huoltot\u00f6ist\u00e4 ja keskeytysten historiasta. Varmistaaksemme, ett\u00e4 t\u00e4m\u00e4 verkkosivusto on asiakkaidemme k\u00e4ytett\u00e4viss\u00e4 my\u00f6s suurissa h\u00e4iri\u00f6tilanteissa, se sijaitsee erillisess\u00e4 datakeskuksessa EU:n alueella, joten asiakkaamme saavat aina t\u00e4rkeit\u00e4 toimintatietoja vallitsevista olosuhteista riippumatta.<\/p>\n\n\n\n<h2 class=\"wp-block-heading\"><strong>Fyysinen sijainti ja turvallisuus<\/strong><\/h2>\n\n\n<div class=\"gb-container gb-container-0ea73741\">\n\n<p>Sajthotelletin omistautuminen turvallisuudelle ja toiminnan vakaudelle n\u00e4kyy selv\u00e4sti palvelimen sijainnin valinnassa. Palvelimemme, jotka muodostavat web-hostingin ytimen, sijaitsevat Tukholman V\u00e4stbergassa sijaitsevassa luotettavassa palvelinhallissa. T\u00e4m\u00e4n palvelinhallin omistaa ja sit\u00e4 yll\u00e4pit\u00e4\u00e4 GleSYS AB -yritys.<\/p>\n\n<\/div>\n\n\n<p>Turvallisuus on meille \u00e4\u00e4rimm\u00e4isen t\u00e4rke\u00e4\u00e4, ja palvelinhallissamme on kattava valikoima suojatoimenpiteit\u00e4, joilla varmistetaan asiakkaidemme tietojen eheys ja saatavuus. Toteutetuista turvaj\u00e4rjestelmist\u00e4 mainittakoon mm:<\/p>\n\n\n\n<ol class=\"wp-block-list\">\n<li><strong>H\u00e4lytys<\/strong>: Kehittyneet h\u00e4lytys- ja valvontaj\u00e4rjestelm\u00e4t, jotka pit\u00e4v\u00e4t palvelinhuonetta silm\u00e4ll\u00e4.<\/li>\n\n\n\n<li><strong>Kyla<\/strong>: Tehokas j\u00e4\u00e4hdytys varmistaa, ett\u00e4 palvelimet toimivat optimaalisesti ja v\u00e4ltt\u00e4v\u00e4t ylikuumenemisen.<\/li>\n\n\n\n<li><strong>Kehittynyt sammutusj\u00e4rjestelm\u00e4<\/strong>: Hienostunut sammutusmenetelm\u00e4, jolla hallitaan kaikki paloriskit nopeasti ja tehokkaasti.<\/li>\n\n\n\n<li><strong>Keskeytym\u00e4t\u00f6n virtal\u00e4hde (UPS) ja dieselpolttoaine<\/strong>: Jatkuva virransy\u00f6tt\u00f6 on eritt\u00e4in t\u00e4rke\u00e4\u00e4. Palvelinsalimme on varustettu UPS-j\u00e4rjestelmill\u00e4 ja dieselsy\u00f6t\u00f6ll\u00e4, joilla varmistetaan liiketoiminnan jatkuvuus my\u00f6s s\u00e4hk\u00f6katkoksen sattuessa.<\/li>\n\n\n\n<li><strong>Verkkoinfrastruktuuri<\/strong>: Olemme investoineet luotettavaan ja nopeaan verkkoinfrastruktuuriin varmistaaksemme nopean tiedonsiirron ja saatavuuden.<\/li>\n\n\n\n<li><strong>Murtosuojaus<\/strong>: Fyysiset turvatoimenpiteet ja valvontaj\u00e4rjestelm\u00e4t suojaavat luvattomalta p\u00e4\u00e4sylt\u00e4.<\/li>\n<\/ol>\n\n\n\n<p>Internet-palveluntarjoajamme ovat Portlane ja BredBand2, joiden ydinreitittimet sijaitsevat samassa palvelinsalissa. T\u00e4m\u00e4 mahdollistaa t\u00e4ysin redundantin yhteyden, jossa valokuitu tulee eri suunnista kiinteist\u00f6ss\u00e4. T\u00e4m\u00e4 tarkoittaa, ett\u00e4 meill\u00e4 on useita varareittej\u00e4, joilla varmistetaan jatkuva yhteys web-hostingiin, vaikka jokin verkon osa h\u00e4iriintyisi.<\/p>\n\n\n\n<h2 class=\"wp-block-heading\">Samarbetspartner<\/h2>\n\n\n\n<figure class=\"wp-block-image size-large is-resized\"><a href=\"https:\/\/www.admax.se\" target=\"_blank\" rel=\"noopener\"><img loading=\"lazy\" decoding=\"async\" width=\"1024\" height=\"463\" src=\"https:\/\/www.sajthotellet.com\/wp-content\/uploads\/2024\/01\/photo_2023-04-03_16-33-36-1024x463.jpg\" alt=\"\" class=\"wp-image-4882\" style=\"width:179px;height:auto\" srcset=\"https:\/\/www.sajthotellet.com\/wp-content\/uploads\/2024\/01\/photo_2023-04-03_16-33-36-1024x463.jpg 1024w, https:\/\/www.sajthotellet.com\/wp-content\/uploads\/2024\/01\/photo_2023-04-03_16-33-36-300x136.jpg 300w, https:\/\/www.sajthotellet.com\/wp-content\/uploads\/2024\/01\/photo_2023-04-03_16-33-36-768x347.jpg 768w, https:\/\/www.sajthotellet.com\/wp-content\/uploads\/2024\/01\/photo_2023-04-03_16-33-36-18x8.jpg 18w, https:\/\/www.sajthotellet.com\/wp-content\/uploads\/2024\/01\/photo_2023-04-03_16-33-36.jpg 1280w\" sizes=\"auto, (max-width: 1024px) 100vw, 1024px\" \/><\/a><\/figure>\n\n\n\n<p>Admax Webbhotell \u00e4r en framst\u00e5ende leverant\u00f6r inom dom\u00e4nf\u00f6rs\u00e4ljning och infrastrukturhantering f\u00f6r n\u00e4t och drift. Med fokus p\u00e5 att erbjuda p\u00e5litliga webbl\u00f6sningar till sina kunder erbjuder Admax Webbhotell ett brett spektrum av tj\u00e4nster, inklusive dom\u00e4nnamnshantering och robust infrastruktur f\u00f6r att driva verksamheter online. Genom att kombinera expertis inom hosting, s\u00e4kerhet och skalbarhet str\u00e4var Admax Webbhotell efter att skapa en stabil plattform f\u00f6r sina kunder att v\u00e4xa i och blomstra p\u00e5 n\u00e4tet. Med fokus p\u00e5 kvalitet och personlig serviceanpassning f\u00f6r varje klient, str\u00e4var Admax Webbhotell st\u00e4ndigt efter att leverera \u00f6verl\u00e4gsna webbl\u00f6sningar som \u00f6vertr\u00e4ffar f\u00f6rv\u00e4ntningarna.<\/p>\n\n\n\n<div style=\"height:15px\" aria-hidden=\"true\" class=\"wp-block-spacer\"><\/div>\n\n\n\n<figure class=\"wp-block-image size-full\"><a href=\"https:\/\/webgiant.se\" target=\"_blank\" rel=\"noopener\"><img loading=\"lazy\" decoding=\"async\" width=\"200\" height=\"44\" src=\"https:\/\/www.sajthotellet.com\/wp-content\/uploads\/2024\/01\/webgigant.webp\" alt=\"\" class=\"wp-image-4883\" srcset=\"https:\/\/www.sajthotellet.com\/wp-content\/uploads\/2024\/01\/webgigant.webp 200w, https:\/\/www.sajthotellet.com\/wp-content\/uploads\/2024\/01\/webgigant-18x4.webp 18w\" sizes=\"auto, (max-width: 200px) 100vw, 200px\" \/><\/a><\/figure>\n\n\n\n<p>Webgiant \u00e4r banbrytande n\u00e4r det kommer till att vara en p\u00e5litlig partner f\u00f6r skr\u00e4ddarsydda webbl\u00f6sningar. Deras specialisering str\u00e4cker sig \u00f6ver en m\u00e5ngfald omr\u00e5den fr\u00e5n webbutveckling och design till digital marknadsf\u00f6ring och s\u00f6kmotoroptimering. Genom att s\u00e4tta kundens m\u00e5l och behov i centrum skapar WebGiant dynamiska, responsiva och tekniskt avancerade webbplatser som \u00e4r inte bara anv\u00e4ndarv\u00e4nliga utan \u00e4ven imponerande.<\/p>\n\n\n\n<div style=\"height:15px\" aria-hidden=\"true\" class=\"wp-block-spacer\"><\/div>\n\n\n\n<figure class=\"wp-block-image size-full\"><a href=\"https:\/\/websolution.se\" target=\"_blank\" rel=\"noopener\"><img loading=\"lazy\" decoding=\"async\" width=\"426\" height=\"68\" src=\"https:\/\/www.sajthotellet.com\/wp-content\/uploads\/2024\/01\/websolution-webbyra.png\" alt=\"\" class=\"wp-image-4884\" srcset=\"https:\/\/www.sajthotellet.com\/wp-content\/uploads\/2024\/01\/websolution-webbyra.png 426w, https:\/\/www.sajthotellet.com\/wp-content\/uploads\/2024\/01\/websolution-webbyra-300x48.png 300w, https:\/\/www.sajthotellet.com\/wp-content\/uploads\/2024\/01\/websolution-webbyra-18x3.png 18w\" sizes=\"auto, (max-width: 426px) 100vw, 426px\" \/><\/a><\/figure>\n\n\n\n<p>Websolution \u00e4r inte bara en vanlig digital utvecklingspartner; de \u00e4r m\u00e4stare p\u00e5 att skapa skr\u00e4ddarsydda digitala l\u00f6sningar och teknik som g\u00e5r hand i hand med varje kunds unika behov. Genom att samla ett engagerat g\u00e4ng av kreativa hj\u00e4rnor och strategiska genier, siktar Websolution mot att inte bara skapa anv\u00e4ndarv\u00e4nliga digitala plattformar utan att ocks\u00e5 s\u00e4tta standarden f\u00f6r innovation inom branschen.<\/p>","protected":false},"excerpt":{"rendered":"<p>Web-hosting vuodesta 2000 Sajthotelletilla on vankka historia web-hosting-alalla, ja sen kokemus ulottuu vuoteen 2001. P\u00e4\u00e4tavoitteemme on tarjota ensiluokkaista web-hosting-palvelua kilpailukykyisemp\u00e4\u00e4n hintaan kuin alan kollegamme. Kooltaan Sajthotellet kuuluu keskiluokkaan, mik\u00e4 tekee meist\u00e4 tarpeeksi suuren, jotta voimme harjoittaa liiketoimintaamme ... <a title=\"Tietoja Sajthotelletista\" class=\"read-more\" href=\"https:\/\/www.sajthotellet.com\/fi\/om-sajthotellet\/\" aria-label=\"Lue lis\u00e4\u00e4 aiheesta Om Sajthotellet\">Lue lis\u00e4\u00e4<\/a><\/p>","protected":false},"author":1,"featured_media":0,"parent":0,"menu_order":0,"comment_status":"closed","ping_status":"closed","template":"","meta":{"footnotes":""},"class_list":["post-4106","page","type-page","status-publish"],"featured_image_src":null,"featured_image_src_square":null,"_links":{"self":[{"href":"https:\/\/www.sajthotellet.com\/fi\/wp-json\/wp\/v2\/pages\/4106","targetHints":{"allow":["GET"]}}],"collection":[{"href":"https:\/\/www.sajthotellet.com\/fi\/wp-json\/wp\/v2\/pages"}],"about":[{"href":"https:\/\/www.sajthotellet.com\/fi\/wp-json\/wp\/v2\/types\/page"}],"author":[{"embeddable":true,"href":"https:\/\/www.sajthotellet.com\/fi\/wp-json\/wp\/v2\/users\/1"}],"replies":[{"embeddable":true,"href":"https:\/\/www.sajthotellet.com\/fi\/wp-json\/wp\/v2\/comments?post=4106"}],"version-history":[{"count":5,"href":"https:\/\/www.sajthotellet.com\/fi\/wp-json\/wp\/v2\/pages\/4106\/revisions"}],"predecessor-version":[{"id":4885,"href":"https:\/\/www.sajthotellet.com\/fi\/wp-json\/wp\/v2\/pages\/4106\/revisions\/4885"}],"wp:attachment":[{"href":"https:\/\/www.sajthotellet.com\/fi\/wp-json\/wp\/v2\/media?parent=4106"}],"curies":[{"name":"wp","href":"https:\/\/api.w.org\/{rel}","templated":true}]}}