{"id":4223,"date":"2022-06-27T18:19:04","date_gmt":"2022-06-27T18:19:04","guid":{"rendered":"https:\/\/www.sajthotellet.com\/?page_id=4223"},"modified":"2023-10-24T12:40:16","modified_gmt":"2023-10-24T12:40:16","slug":"palvelinsali","status":"publish","type":"page","link":"https:\/\/www.sajthotellet.com\/fi\/serverhall\/","title":{"rendered":"Palvelinsali"},"content":{"rendered":"<div class=\"gb-container gb-container-09184579\"><div class=\"gb-inside-container\">\n<div class=\"gb-grid-wrapper gb-grid-wrapper-99528aec\">\n<div class=\"gb-grid-column gb-grid-column-1c0a41e3\"><div class=\"gb-container gb-container-1c0a41e3\"><div class=\"gb-inside-container\">\n\n<p class=\"has-medium-font-size\">Kun vuokraat palvelimen Sajthotelletista, laitteet sijoitetaan Tukholman keskustassa V\u00e4stbergassa sijaitsevaan huipputason palvelinhalliin. Hallin omistaa ja sit\u00e4 yll\u00e4pit\u00e4\u00e4 GleSYS AB.<\/p>\n\n<\/div><\/div><\/div>\n\n<div class=\"gb-grid-column gb-grid-column-d321914b\"><div class=\"gb-container gb-container-d321914b\"><div class=\"gb-inside-container\">\n\n<figure class=\"gb-block-image gb-block-image-5d230e96\"><img loading=\"lazy\" decoding=\"async\" width=\"500\" height=\"333\" class=\"gb-image gb-image-5d230e96\" src=\"https:\/\/www.sajthotellet.com\/wp-content\/uploads\/2023\/10\/datahall-sajthotellet.jpg\" alt=\"\" title=\"datakeskuksen sijaintipaikka hotelli\" srcset=\"https:\/\/www.sajthotellet.com\/wp-content\/uploads\/2023\/10\/datahall-sajthotellet.jpg 500w, https:\/\/www.sajthotellet.com\/wp-content\/uploads\/2023\/10\/datahall-sajthotellet-300x200.jpg 300w\" sizes=\"auto, (max-width: 500px) 100vw, 500px\" \/><\/figure>\n\n<\/div><\/div><\/div>\n<\/div>\n<\/div><\/div>\n\n\n<h2 class=\"wp-block-heading\">Murto<\/h2>\n\n\n\n<p>Palvelinsalissa on hyvin kehittynyt ja kattava turvaj\u00e4rjestelm\u00e4. Kaikki sis\u00e4\u00e4np\u00e4\u00e4sy kirjataan kulunvalvontaj\u00e4rjestelm\u00e4\u00e4n; lis\u00e4ksi halli on kameravalvonnassa, ja vartijat partioivat siell\u00e4 ymp\u00e4ri vuorokauden. Murtoh\u00e4lyttimet on sijoitettu kaikkialle tiloihin.<\/p>\n\n\n\n<p>Vain valtuutetulla teknisell\u00e4 henkil\u00f6st\u00f6ll\u00e4 on p\u00e4\u00e4sy tietokeskukseen ja muihin arkaluonteisiin tiloihin.<\/p>\n\n\n\n<h2 class=\"wp-block-heading\">Ilmastoa ja kest\u00e4vyytt\u00e4 painottava datakeskus<\/h2>\n\n\n\n<p>Nykyisess\u00e4 digitalisoituneessa maailmassa datakeskukset muodostavat merkitt\u00e4v\u00e4n osan maailmanlaajuisista p\u00e4\u00e4st\u00f6ist\u00e4, sill\u00e4 niiden osuus maailman vuotuisista hiilidioksidip\u00e4\u00e4st\u00f6ist\u00e4 on jopa 2 prosenttia. Siksi on sek\u00e4 ilahduttavaa ett\u00e4 hy\u00f6dyllist\u00e4, ett\u00e4 voimme kertoa teille tarkemmin uudesta, ilmasto\u00e4lykk\u00e4\u00e4st\u00e4 datakeskuksestamme ja sen ymp\u00e4rist\u00f6vaikutuksia v\u00e4hent\u00e4vist\u00e4 toimenpiteist\u00e4.<\/p>\n\n\n\n<p>Ensinn\u00e4kin datakeskuksemme toimii yksinomaan uusiutuvalla s\u00e4hk\u00f6ll\u00e4, mik\u00e4 tarkoittaa, ett\u00e4 emme ainoastaan v\u00e4henn\u00e4 omaa ilmastovaikutustamme vaan my\u00f6s edist\u00e4mme siirtymist\u00e4 puhtaaseen energiaan. K\u00e4ytt\u00e4m\u00e4ll\u00e4 aurinko-, tuuli- tai vesivoiman kaltaisia energial\u00e4hteit\u00e4 voimme olla varmoja siit\u00e4, ett\u00e4 emme lis\u00e4\u00e4 hiilidioksidip\u00e4\u00e4st\u00f6j\u00e4.<\/p>\n\n\n\n<p>Lis\u00e4ksi ty\u00f6skentelemme aktiivisesti datakeskuksemme tuottaman l\u00e4mm\u00f6n kierr\u00e4tt\u00e4miseksi. Sen sijaan, ett\u00e4 luovuttaisimme t\u00e4m\u00e4n l\u00e4mm\u00f6n ilmakeh\u00e4\u00e4n, voimme k\u00e4ytt\u00e4\u00e4 sit\u00e4 tehokkaasti uudelleen vastaavissa yhteyksiss\u00e4, kuten rakennusten l\u00e4mmityksess\u00e4 tai muissa ymp\u00e4rist\u00f6yst\u00e4v\u00e4llisiss\u00e4 energiatarpeissa.<\/p>\n\n\n\n<p>N\u00e4ill\u00e4 toimilla varmistamme, ett\u00e4 datakeskuksemme t\u00e4ytt\u00e4\u00e4 luotettavan is\u00e4nn\u00f6innin tekniset vaatimukset ja ett\u00e4 v\u00e4henn\u00e4mme aktiivisesti sen ilmastovaikutuksia, mik\u00e4 on t\u00e4rke\u00e4 osa sitoutumistamme kest\u00e4v\u00e4mp\u00e4\u00e4n ja ymp\u00e4rist\u00f6yst\u00e4v\u00e4llisemp\u00e4\u00e4n tulevaisuuteen.<\/p>\n\n\n\n<h2 class=\"wp-block-heading\">Datakeskuksen rakentamisstandardi<\/h2>\n\n\n\n<p>Tietokeskuksemme on ollut kest\u00e4v\u00e4n kehityksen ja tehokkuuden peruspilari jo perustamisvaiheessa. Ensisijainen tavoitteemme oli luoda infrastruktuuri, joka ei ainoastaan vastaa nykyaikaisia vaatimuksia vaan my\u00f6s edist\u00e4\u00e4 aktiivisesti parempaa tulevaisuutta. Joitakin erottuvia ominaisuuksiamme ovat mm:<\/p>\n\n\n\n<ol class=\"wp-block-list\">\n<li><strong>Ylim\u00e4\u00e4r\u00e4isen l\u00e4mm\u00f6n muuttaminen resurssiksi<\/strong>Datakeskuksemme jokainen osa on optimoitu ylim\u00e4\u00e4r\u00e4isen l\u00e4mm\u00f6n talteenottamiseksi ja tarpeettoman energiankulutuksen minimoimiseksi.<\/li>\n\n\n\n<li><strong>Tiukka esteett\u00f6myys Tier-2+:n mukaan<\/strong>Suunnittelumme ja infrastruktuurimme on suunniteltu varmistamaan jatkuva ja luotettava saatavuus.<\/li>\n\n\n\n<li><strong>Huippuluokan turvallisuus<\/strong>: Tietokeskusten kuorisuojauksella on korkein suojausluokitus - luokka 3, mik\u00e4 takaa turvallisen ymp\u00e4rist\u00f6n tiedoillesi.<\/li>\n\n\n\n<li><strong>Ymp\u00e4rist\u00f6yst\u00e4v\u00e4llinen energia<\/strong>: Varavoimaj\u00e4rjestelm\u00e4mme toimii EcoPar\u00ae-ekopolttoaineella, ja UPS- ja j\u00e4\u00e4hdytysj\u00e4rjestelm\u00e4mme noudattavat N+1-standardeja keskeytym\u00e4tt\u00f6m\u00e4n toiminnan varmistamiseksi.<\/li>\n\n\n\n<li><strong>Paloturvallisuus<\/strong>: <strong>:<\/strong> VESDA-laser ja automaattinen sammutusj\u00e4rjestelm\u00e4, jossa sammutusaineena on Novec\u2122 1230.<\/li>\n\n\n\n<li><strong>Suoraan kytketyt h\u00e4lytykset<\/strong>: Palo- ja murtoh\u00e4lyttimemme ovat suoraan yhteydess\u00e4 pelastuspalveluihin ja h\u00e4lytyskeskukseen nopeaa reagointia varten.<\/li>\n\n\n\n<li><strong>Jatkuva yhteys<\/strong>: Tarjoamme erinomaiset yhteydet, sill\u00e4 meill\u00e4 on redundantit verkkoyhteydet useiden verkko-operaattoreiden v\u00e4lill\u00e4, mik\u00e4 takaa keskeytym\u00e4tt\u00f6m\u00e4n yhteyden.<\/li>\n<\/ol>\n\n\n\n<p>T\u00e4m\u00e4 vaikuttava yhdistelm\u00e4 teknologiaa ja kest\u00e4vyytt\u00e4 m\u00e4\u00e4rittelee datakeskuksemme ja sitoutumisemme vastaamaan t\u00e4m\u00e4n p\u00e4iv\u00e4n ja tulevaisuuden vaativimpiin tarpeisiin.<\/p>\n\n\n\n<h2 class=\"wp-block-heading\">Eritt\u00e4in redundantti virtal\u00e4hde<\/h2>\n\n\n\n<p>Palvelinsalissamme on virtal\u00e4hdej\u00e4rjestelm\u00e4, jonka redundanssi- ja turvallisuustaso on vaikuttava. Seuraavassa on joitakin yksityiskohtia, jotka korostavat korkeita standardejamme:<\/p>\n\n\n\n<ol class=\"wp-block-list\">\n<li><strong>Kaksoissy\u00f6tt\u00f6<\/strong>: Palvelinsaliin sy\u00f6tett\u00e4v\u00e4 s\u00e4hk\u00f6 tulee kahdesta eri suunnasta ja on t\u00e4ysin eristetty rakennuksen muusta s\u00e4hk\u00f6verkosta. T\u00e4m\u00e4 kaksoissy\u00f6tt\u00f6j\u00e4rjestelm\u00e4 on redundantti aina palvelinsalin jokaiseen yksitt\u00e4iseen telineeseen asti, ja se tarjoaa sek\u00e4 A- ett\u00e4 B-s\u00e4hk\u00f6\u00e4, joka sy\u00f6tet\u00e4\u00e4n eri turvaj\u00e4rjestelmist\u00e4. T\u00e4m\u00e4 on varotoimenpide, jolla varmistetaan, ett\u00e4 sulakkeen rikkoutuessa virta kulkee keskeytyksett\u00e4. Kukin palvelinteline on mitoitettu 32 ampeerille sulakeryhm\u00e4\u00e4 kohti, eli yhteens\u00e4 64 ampeeria per teline.<\/li>\n\n\n\n<li><strong>UPS (keskeytym\u00e4t\u00f6n virtal\u00e4hde)<\/strong>K\u00e4yt\u00e4mme UPS-j\u00e4rjestelmi\u00e4, jotka suojaavat sek\u00e4 s\u00e4hk\u00f6katkoksilta ett\u00e4 ep\u00e4tasaiselta s\u00e4hk\u00f6n laadulta, mukaan lukien ylij\u00e4nnitteilt\u00e4. S\u00e4hk\u00f6katkoksen sattuessa dieselpohjainen varavoimageneraattori aktivoituu automaattisesti. N\u00e4in varmistetaan, ett\u00e4 laitteesi ovat aina toiminnassa ja ett\u00e4 et menet\u00e4 tietoja odottamattoman s\u00e4hk\u00f6katkoksen sattuessa.<\/li>\n\n\n\n<li><strong>Kuukausittainen testi ja kuormitustesti<\/strong>: Korkean luotettavuuden s\u00e4ilytt\u00e4miseksi suoritamme kuukausittain dieselgeneraattoreiden, UPS-j\u00e4rjestelmien ja akkujen testej\u00e4 ja kuormitustestej\u00e4. T\u00e4m\u00e4 on lis\u00e4vakuutus siit\u00e4, ett\u00e4 s\u00e4hk\u00f6njakeluj\u00e4rjestelm\u00e4mme on aina huippukunnossa ja valmis selviytym\u00e4\u00e4n kaikista haasteista.<\/li>\n<\/ol>\n\n\n\n<p>T\u00e4m\u00e4 huolellinen virtal\u00e4hdeinfrastruktuuri on suunniteltu tarjoamaan palvelimillesi ja laitteillesi jatkuva ja turvallinen s\u00e4hk\u00f6nsy\u00f6tt\u00f6 olosuhteista riippumatta.<\/p>\n\n\n\n<h2 class=\"wp-block-heading\">Internet-yhteys<\/h2>\n\n\n\n<p>Yhteys on redundantti, ja palvelinsalissa on useita toisistaan riippumattomia kuituyhteyksi\u00e4. Sivustohotellissa on k\u00e4yt\u00f6ss\u00e4 kaksi Internet-yhteytt\u00e4, Portlane ja Broadband2, joiden yhteenlaskettu kapasiteetti on yli 160 gigabitti\u00e4\/s.<\/p>\n\n\n\n<p>Sajthotellets&nbsp;<a href=\"https:\/\/www.sajthotellet.com\/fi\/oma-palvelin\/\" data-type=\"page\" data-id=\"4098\">operatiiviset ja palvelinpalvelut<\/a>.<\/p>","protected":false},"excerpt":{"rendered":"<p>Murto Palvelinsalissa on hyvin kehittynyt ja kattava turvaj\u00e4rjestelm\u00e4. Kaikki sis\u00e4\u00e4np\u00e4\u00e4syt kirjataan sis\u00e4\u00e4nk\u00e4yntij\u00e4rjestelm\u00e4\u00e4n; lis\u00e4ksi hallia valvotaan kameroilla ja vartijat partioivat ymp\u00e4ri vuorokauden. Murtoh\u00e4lyttimet on sijoitettu kaikkialle tiloihin. Vain valtuutetulla teknisell\u00e4 henkil\u00f6kunnalla on p\u00e4\u00e4sy konesaliin ja muihin arkaluonteisiin tiloihin. Ilmastoa ja kest\u00e4vyytt\u00e4 painottava konesali Nykyp\u00e4iv\u00e4n digitalisoituneessa maailmassa konesalit ... <a title=\"Palvelinsali\" class=\"read-more\" href=\"https:\/\/www.sajthotellet.com\/fi\/serverhall\/\" aria-label=\"Lue lis\u00e4\u00e4 aiheesta Serverhall\">Lue lis\u00e4\u00e4<\/a><\/p>","protected":false},"author":1,"featured_media":0,"parent":0,"menu_order":0,"comment_status":"closed","ping_status":"closed","template":"","meta":{"footnotes":""},"class_list":["post-4223","page","type-page","status-publish"],"featured_image_src":null,"featured_image_src_square":null,"_links":{"self":[{"href":"https:\/\/www.sajthotellet.com\/fi\/wp-json\/wp\/v2\/pages\/4223","targetHints":{"allow":["GET"]}}],"collection":[{"href":"https:\/\/www.sajthotellet.com\/fi\/wp-json\/wp\/v2\/pages"}],"about":[{"href":"https:\/\/www.sajthotellet.com\/fi\/wp-json\/wp\/v2\/types\/page"}],"author":[{"embeddable":true,"href":"https:\/\/www.sajthotellet.com\/fi\/wp-json\/wp\/v2\/users\/1"}],"replies":[{"embeddable":true,"href":"https:\/\/www.sajthotellet.com\/fi\/wp-json\/wp\/v2\/comments?post=4223"}],"version-history":[{"count":5,"href":"https:\/\/www.sajthotellet.com\/fi\/wp-json\/wp\/v2\/pages\/4223\/revisions"}],"predecessor-version":[{"id":4653,"href":"https:\/\/www.sajthotellet.com\/fi\/wp-json\/wp\/v2\/pages\/4223\/revisions\/4653"}],"wp:attachment":[{"href":"https:\/\/www.sajthotellet.com\/fi\/wp-json\/wp\/v2\/media?parent=4223"}],"curies":[{"name":"wp","href":"https:\/\/api.w.org\/{rel}","templated":true}]}}