{"id":3554,"date":"2020-09-18T14:36:38","date_gmt":"2020-09-18T14:36:38","guid":{"rendered":"https:\/\/gpsites.co\/wired\/?page_id=3554"},"modified":"2026-01-26T13:00:24","modified_gmt":"2026-01-26T13:00:24","slug":"home","status":"publish","type":"page","link":"https:\/\/www.sajthotellet.com\/nb\/","title":{"rendered":"Sajthotellet &#8211; Ett stabilt och p\u00e5litligt webbhotell"},"content":{"rendered":"<div class=\"gb-container gb-container-95f45c80\"><div class=\"gb-inside-container\">\n<div class=\"gb-grid-wrapper gb-grid-wrapper-779b14a4\">\n<div class=\"gb-grid-column gb-grid-column-60c49e70\"><div class=\"gb-container gb-container-60c49e70\"><div class=\"gb-inside-container\">\n\n<h1 class=\"gb-headline gb-headline-29c0d064 gb-headline-text\">Din reise p\u00e5 nettet starter p\u00e5  <mark style=\"background-color:rgba(0, 0, 0, 0)\" class=\"has-inline-color has-contrast-color\">Sajthotellet<\/mark> &#8211; <br>et webhotell uten oppstartsgebyr og bindingstid. Alltid med kunden i fokus. <\/h1>\n\n<\/div><\/div><\/div>\n<\/div>\n\n\n<div style=\"height:50px\" aria-hidden=\"true\" class=\"wp-block-spacer\"><\/div>\n\n\n<div class=\"gb-container gb-container-12b16fe4\"><div class=\"gb-inside-container\">\n<div class=\"gb-grid-wrapper gb-grid-wrapper-bc0dd261\">\n<div class=\"gb-grid-column gb-grid-column-3abc36d1\"><div class=\"gb-container gb-container-3abc36d1\"><div class=\"gb-inside-container\">\n\n<h4 class=\"gb-headline gb-headline-385d0e1c gb-headline-text\">WEBB START<\/h4>\n\n\n\n<h2 class=\"gb-headline gb-headline-ebc692f3 gb-headline-text\"> 10 GB<\/h2>\n\n\n\n<p class=\"has-text-align-center has-base-3-color has-text-color\" style=\"font-size:15px\"><strong>Perfekt for mindre WordPress-nettsteder<\/strong>.<br><br>1 nettsted + 1 database<br>512 MB RAM<br>50% CPU med 1 kjerne<br>100 GB trafikk<br>5 GB for nettsted<br>5 GB for e-post (1 domene)<br>Obgr. antall e-postadresser<br><br>Daglige sikkerhetskopier lagres i 14 dager med automatisk gjenoppretting!<br><br><strong>Installasjon av WordPress<\/strong> <strong>med ett klikk!<\/strong><\/p>\n\n\n<div class=\"gb-button-wrapper gb-button-wrapper-d009a6c1\">\n\n<a class=\"gb-button gb-button-a2f5a60a gb-button-text\" href=\"https:\/\/login.sajthotellet.com\/?cmd=cart&amp;action=add&amp;id=345\"><strong>Kom ig\u00e5ng f\u00f6r 67 kr\/m\u00e5n<\/strong><\/a>\n\n<\/div>\n<\/div><\/div><\/div>\n\n<div class=\"gb-grid-column gb-grid-column-fac2fecf\"><div class=\"gb-container gb-container-fac2fecf\"><div class=\"gb-inside-container\">\n\n<h4 class=\"gb-headline gb-headline-8aeaa86c gb-headline-text\">WEBB STANDARD<\/h4>\n\n\n\n<h2 class=\"gb-headline gb-headline-8ed80c44 gb-headline-text\">50 GB<\/h2>\n\n\n\n<p class=\"has-text-align-center has-base-3-color has-text-color\" style=\"font-size:15px\"><strong>For krevende WordPress-nettsteder som blogger og bedrifter.<\/strong>.<br><br>5 nettsteder + 5 databaser<br>1024 MB RAM<br>100% CPU med 2 kjerner<br>300 GB trafikk<br>40 GB for nettsted<br>10 GB for e-post (1 domene)<br>Obgr. antall e-postadresser<br><br>Daglige sikkerhetskopier lagres i 30 dager med automatisk gjenoppretting!<br><br><strong><strong><strong>Installasjon av WordPress<\/strong> <strong>med ett klikk!<\/strong><\/strong><\/strong><\/p>\n\n\n<div class=\"gb-button-wrapper gb-button-wrapper-7fc8d2f3\">\n\n<a class=\"gb-button gb-button-88d4c56d gb-button-text\" href=\"https:\/\/login.sajthotellet.com\/?cmd=cart&amp;action=add&amp;id=344\"><strong><strong>Kom i gang for<\/strong> 111 kr\/m\u00e5n<\/strong><\/a>\n\n<\/div>\n<\/div><\/div><\/div>\n\n<div class=\"gb-grid-column gb-grid-column-d25f0f2e\"><div class=\"gb-container gb-container-d25f0f2e\"><div class=\"gb-inside-container\">\n\n<h4 class=\"gb-headline gb-headline-3e7ce6ce gb-headline-text\">WEB PLUS<\/h4>\n\n\n\n<h2 class=\"gb-headline gb-headline-f4615b43 gb-headline-text\">100 GB<\/h2>\n\n\n\n<p class=\"has-text-align-center has-base-3-color has-text-color\" style=\"font-size:15px\"><strong>Det ultimate valget for nettbutikker som krever det lille ekstra!<\/strong><br><br>20 nettsteder + 20 databaser<br>2048 MB RAM<br>100% CPU med 4 kjerner<br>3000 GB trafikk<br>80 GB for nettsted<br>20 GB for e-post (1 domene)<br>Obgr. antall e-postadresser<br><br>Daglige sikkerhetskopier lagres i 60 dager med automatisk gjenoppretting!<br><br><strong><strong><strong>Installasjon av WordPress<\/strong> <strong>med ett klikk!<\/strong><\/strong><\/strong><\/p>\n\n\n<div class=\"gb-button-wrapper gb-button-wrapper-4efeb971\">\n\n<a class=\"gb-button gb-button-21faddc9 gb-button-text\" href=\"https:\/\/login.sajthotellet.com\/?cmd=cart&amp;action=add&amp;id=343\"><strong>Kom ig\u00e5ng f\u00f6r 167 kr\/m\u00e5n<\/strong><\/a>\n\n<\/div>\n<\/div><\/div><\/div>\n<\/div>\n<\/div><\/div>\n<\/div><\/div>\n\n<div class=\"gb-container gb-container-4a1ed703\" id=\"divein\"><div class=\"gb-inside-container\">\n\n<h2 class=\"gb-headline gb-headline-f40cb7e9 gb-headline-text\"><strong>Vi prioriterer service, tilgjengelighet og p\u00e5litelighet.<\/strong><\/h2>\n\n\n\n<div style=\"height:30px\" aria-hidden=\"true\" class=\"wp-block-spacer\"><\/div>\n\n\n<div class=\"gb-grid-wrapper gb-grid-wrapper-2f58ca26\">\n<div class=\"gb-grid-column gb-grid-column-04258f5f\"><div class=\"gb-container gb-container-04258f5f\"><div class=\"gb-inside-container\">\n\n<figure class=\"wp-block-image size-full image-shadow img\"><img loading=\"lazy\" decoding=\"async\" width=\"800\" height=\"600\" src=\"https:\/\/www.sajthotellet.com\/wp-content\/uploads\/2023\/10\/Sajthotellet_start.webp\" alt=\"Sajthotellet Webhotell\" class=\"wp-image-4787\" srcset=\"https:\/\/www.sajthotellet.com\/wp-content\/uploads\/2023\/10\/Sajthotellet_start.webp 800w, https:\/\/www.sajthotellet.com\/wp-content\/uploads\/2023\/10\/Sajthotellet_start-300x225.webp 300w, https:\/\/www.sajthotellet.com\/wp-content\/uploads\/2023\/10\/Sajthotellet_start-768x576.webp 768w\" sizes=\"auto, (max-width: 800px) 100vw, 800px\" \/><\/figure>\n\n<\/div><\/div><\/div>\n\n<div class=\"gb-grid-column gb-grid-column-e033eea6\"><div class=\"gb-container gb-container-e033eea6\"><div class=\"gb-inside-container\">\n\n<h3 class=\"gb-headline gb-headline-a55f24cd gb-headline-text\">Komplette webhotellkontoer uten skjulte avgifter<\/h3>\n\n\n\n<p>En webkonto hos Sajthotellet inneholder alt du trenger for \u00e5 komme i gang med egen nettside og e-post. Hvis du trenger mer avanserte l\u00f8sninger, finnes det&nbsp;<a href=\"https:\/\/www.sajthotellet.com\/nb\/hjelpetjenester\/\" data-type=\"page\" data-id=\"4096\">tilleggstjenester<\/a>.<\/p>\n\n\n\n<p>N\u00e5r du velger Sajthotellet som webhotell, slipper du oppstartsgebyrer og skjulte kostnader. Alle priser er oppgitt ekskl. mva.<\/p>\n\n\n<div class=\"gb-button-wrapper gb-button-wrapper-20ab8acf\">\n\n<a class=\"gb-button gb-button-9d609767\" href=\"#\"><span class=\"gb-button-text\">Bestill webhotell fra 60 kr\/m\u00e5ned<\/span><span class=\"gb-icon\"><svg xmlns=\"http:\/\/www.w3.org\/2000\/svg\" viewbox=\"0 0 256 512\" width=\"1em\" height=\"1em\" aria-hidden=\"true\"><path d=\"M224.3 273l-136 136c-9.4 9.4-24.6 9.4-33.9 0l-22.6-22.6c-9.4-9.4-9.4-24.6 0-33.9l96.4-96.4-96.4-96.4c-9.4-9.4-9.4-24.6 0-33.9L54.3 103c9.4-9.4 24.6-9.4 33.9 0l136 136c9.5 9.4 9.5 24.6.1 34z\" fill=\"currentColor\"><\/path><\/svg><\/span><\/a>\n\n<\/div>\n<\/div><\/div><\/div>\n<\/div>\n\n\n<div style=\"height:50px\" aria-hidden=\"true\" class=\"wp-block-spacer\"><\/div>\n\n\n<div class=\"gb-container gb-container-f3602b52\"><div class=\"gb-inside-container\">\n<div class=\"gb-grid-wrapper gb-grid-wrapper-956d0b80\">\n<div class=\"gb-grid-column gb-grid-column-e16a4cce\"><div class=\"gb-container gb-container-e16a4cce\"><div class=\"gb-inside-container\">\n\n<h3 class=\"gb-headline gb-headline-38b22e9b gb-headline-text\">Nettstedshotellet gir deg fleksibilitet<\/h3>\n\n\n\n<p>Sajthotels utvalg av tjenester er utformet for \u00e5 gi deg s\u00e5 mange valgmuligheter som mulig. Det er derfor v\u00e5re <a href=\"https:\/\/www.sajthotellet.com\/nb\/hjelpetjenester\/\">tilleggstjenester<\/a>slik at du enkelt kan oppgradere tjenesten n\u00e5r du trenger mer plass til e-posten eller nettstedet ditt.<\/p>\n\n<\/div><\/div><\/div>\n\n<div class=\"gb-grid-column gb-grid-column-56f4fe0e\"><div class=\"gb-container gb-container-56f4fe0e\"><div class=\"gb-inside-container\">\n\n<h3 class=\"gb-headline gb-headline-0a8d21d8 gb-headline-text\">Webhotell siden 2000<\/h3>\n\n\n\n<p>Sajthotellet har v\u00e6rt webhotell siden 2000 med tusenvis av forn\u00f8yde kunder. De aller fleste pleier \u00e5 anbefale Sajthotellet til sin omgangskrets.<br><br>Les <a href=\"https:\/\/www.sajthotellet.com\/nb\/om-hotellet-pa-stedet\/\" data-type=\"page\" data-id=\"4106\">mer om Sajthotellet<\/a><\/p>\n\n<\/div><\/div><\/div>\n\n<div class=\"gb-grid-column gb-grid-column-9b215d74\"><div class=\"gb-container gb-container-9b215d74\"><div class=\"gb-inside-container\">\n\n<h3 class=\"gb-headline gb-headline-0a5bdcbe gb-headline-text\">Nettstedshotellet fungerer<\/h3>\n\n\n\n<p>Den viktigste grunnen til \u00e5 velge Sajthotellet er at Sajthotellet er stabilt og p\u00e5litelig. Etter mange \u00e5rs arbeid med kvalitetsforbedringer er Sajthotellet et sv\u00e6rt stabilt webhotell med uovertruffen tilgjengelighet.<\/p>\n\n<\/div><\/div><\/div>\n<\/div>\n<\/div><\/div>\n<\/div><\/div>\n\n<div class=\"gb-container gb-container-c28f30a4\"><div class=\"gb-inside-container\">\n\n<h2 class=\"gb-headline gb-headline-e9495de5 gb-headline-text\">Finn det perfekte domenenavnet for ditt neste dr\u00f8mmeprosjekt!<\/h2>\n\n\n\n<form method=\"post\" action=\"https:\/\/login.sajthotellet.com\/?cmd=checkdomain\" target=\"\">\n    <input type=\"hidden\" value=\"checkdomain\" name=\"action\">\n    <input type=\"hidden\" value=\"1\" name=\"singlecheck\">\n    <input type=\"hidden\" value=\"1\" name=\"register\">\n    <input type=\"hidden\" value=\"1\" name=\"domain_cat\">\n    <input value=\"\" name=\"sld\">\n    <select name=\"tld\"><option value=\".se\">.se<\/option>\n        <option value=\".nu\">.n\u00e5<\/option>\n        <option value=\".com\">.com<\/option>\n        <option value=\".eu\">.eu<\/option>\n        <option value=\".info\">.info<\/option>\n        <option value=\".net\">.net<\/option>\n        <option value=\".org\">.org<\/option>\n        <option value=\".pl\">.pl<\/option>\n        <option value=\".dk\">.dk<\/option>\n        <option value=\".it\">.it<\/option>\n        <option value=\".af\">.av<\/option>\n        <option value=\".co\">.co<\/option>\n        <option value=\".asia\">.asia<\/option>\n        <option value=\".fi\">.fi<\/option>\n        <option value=\".hk\">.hk<\/option>\n        <option value=\".li\">.li<\/option>\n        <option value=\".in\">.in<\/option>\n        <option value=\".de\">.de<\/option>\n        <option value=\".cz\">.cz<\/option>\n        <option value=\".ru\">.ru<\/option>\n        <option value=\".ch\">.ch<\/option>\n        <option value=\".es\">.es<\/option>\n        <option value=\".biz\">.biz<\/option>\n        <option value=\".mobi\">.mobi<\/option>\n        <option value=\".me\">.me<\/option>\n        <option value=\".ac\">.ac<\/option>\n        <option value=\".at\">.at<\/option>\n        <option value=\".tv\">.tv<\/option>\n        <option value=\".name\">.navn<\/option>\n        <option value=\".us\">.us<\/option>\n        <option value=\".jp\">.jp<\/option>\n        <\/select><br>\n    <input type=\"Submit\" value=\"S\u00d6K\">\n<\/form>\n\n<\/div><\/div>\n\n<div class=\"gb-container gb-container-3794c4e8\" id=\"varfor-sajthotellet\"><div class=\"gb-inside-container\">\n\n<h2 class=\"gb-headline gb-headline-179e0f60 gb-headline-text\">11 grunner til at du b\u00f8r velge Sajthotellet som ditt webhotell<\/h2>\n\n\n\n<p><strong>Sajthotellet utmerker seg i webhotellbransjen. Her er hvorfor du b\u00f8r velge oss:<\/strong><\/p>\n\n\n\n<p><strong>Sajthotellet er synonymt med enest\u00e5ende stabilitet og p\u00e5litelighet. Vi har brukt mange \u00e5r p\u00e5 kontinuerlige kvalitetsforbedringer, noe som har gjort Sajthotellet til et ledende webhotell med usl\u00e5elig tilgjengelighet.<\/strong><\/p>\n\n\n<div class=\"gb-container gb-container-662baf29\"><div class=\"gb-inside-container\">\n<div class=\"gb-grid-wrapper gb-grid-wrapper-0d0d7449\">\n<div class=\"gb-grid-column gb-grid-column-cccc60e9\"><div class=\"gb-container gb-container-cccc60e9\"><div class=\"gb-inside-container\">\n\n<h3 class=\"gb-headline gb-headline-6b5c29f3 gb-headline-text\">1.<\/h3>\n\n<\/div><\/div><\/div>\n\n<div class=\"gb-grid-column gb-grid-column-1da241c7\"><div class=\"gb-container gb-container-1da241c7\"><div class=\"gb-inside-container\">\n\n<h3 class=\"wp-block-heading\" style=\"font-size:26px\">Brukervennlighet<\/h3>\n\n\n\n<p>Sajthotellet tilbyr en brukervennlig plattform som er enkel \u00e5 bruke, selv for nybegynnere innen webhotell og webutvikling. Du trenger ikke \u00e5 v\u00e6re ekspert for \u00e5 lykkes med nettstedet eller e-posten din. <\/p>\n\n<\/div><\/div><\/div>\n<\/div>\n\n<div class=\"gb-grid-wrapper gb-grid-wrapper-06b83e47\">\n<div class=\"gb-grid-column gb-grid-column-e48cd546\"><div class=\"gb-container gb-container-e48cd546\"><div class=\"gb-inside-container\">\n\n<h3 class=\"gb-headline gb-headline-989a7fbe gb-headline-text\">2.<\/h3>\n\n<\/div><\/div><\/div>\n\n<div class=\"gb-grid-column gb-grid-column-df131248\"><div class=\"gb-container gb-container-df131248\"><div class=\"gb-inside-container\">\n\n<h3 class=\"wp-block-heading\" style=\"font-size:26px\">P\u00e5litelighet<\/h3>\n\n\n\n<p>Sajthotellet tilbyr h\u00f8y tilgjengelighet og p\u00e5litelig drift, noe som minimerer risikoen for nedetid for nettstedet ditt. Vi bruker en klyngel\u00f8sning for \u00e5 minimere risikoen for nedetid, vi tar regelmessig sikkerhetskopi av alle systemer og alle kundekontoer, og vi har omfattende rutiner for \u00e5 sikre at tjenestene dine alltid er tilgjengelige.<\/p>\n\n<\/div><\/div><\/div>\n<\/div>\n\n<div class=\"gb-grid-wrapper gb-grid-wrapper-c93f5be0\">\n<div class=\"gb-grid-column gb-grid-column-c9e20c18\"><div class=\"gb-container gb-container-c9e20c18\"><div class=\"gb-inside-container\">\n\n<h3 class=\"gb-headline gb-headline-f5de8571 gb-headline-text\">3.<\/h3>\n\n<\/div><\/div><\/div>\n\n<div class=\"gb-grid-column gb-grid-column-dc4ffd80\"><div class=\"gb-container gb-container-dc4ffd80\"><div class=\"gb-inside-container\">\n\n<h3 class=\"wp-block-heading\" style=\"font-size:26px\">Ytelse<\/h3>\n\n\n\n<p>Med Sajthotels optimaliserte servere, innebygd hurtigbufring og h\u00f8ykapasitetsnettverk f\u00e5r nettstedet ditt raske lastetider, noe som forbedrer brukeropplevelsen og rangeringen i s\u00f8kemotorene. Vi kan ogs\u00e5 hjelpe deg med \u00e5 optimalisere nettstedet ditt og gi deg gode r\u00e5d for \u00e5 \u00f8ke ytelsen ytterligere!<\/p>\n\n<\/div><\/div><\/div>\n<\/div>\n\n<div class=\"gb-grid-wrapper gb-grid-wrapper-5d82e142\">\n<div class=\"gb-grid-column gb-grid-column-8d418fa7\"><div class=\"gb-container gb-container-8d418fa7\"><div class=\"gb-inside-container\">\n\n<h3 class=\"gb-headline gb-headline-c2ec491c gb-headline-text\">4.<\/h3>\n\n<\/div><\/div><\/div>\n\n<div class=\"gb-grid-column gb-grid-column-066e2422\"><div class=\"gb-container gb-container-066e2422\"><div class=\"gb-inside-container\">\n\n<h3 class=\"wp-block-heading\" style=\"font-size:26px\">St\u00f8tte<\/h3>\n\n\n\n<p>Sajthotellet tilbyr kundesupport hvis du kj\u00f8rer deg fast eller trenger annen hjelp. Via b\u00e5de billett, telefon og e-post kan vi hjelpe deg med alle tekniske problemer eller sp\u00f8rsm\u00e5l. Vi er her for deg!<\/p>\n\n<\/div><\/div><\/div>\n<\/div>\n\n<div class=\"gb-grid-wrapper gb-grid-wrapper-18c06ce1\">\n<div class=\"gb-grid-column gb-grid-column-01169e9d\"><div class=\"gb-container gb-container-01169e9d\"><div class=\"gb-inside-container\">\n\n<h3 class=\"gb-headline gb-headline-bb7979ec gb-headline-text\">5.<\/h3>\n\n<\/div><\/div><\/div>\n\n<div class=\"gb-grid-column gb-grid-column-d1ca3bd9\"><div class=\"gb-container gb-container-d1ca3bd9\"><div class=\"gb-inside-container\">\n\n<h3 class=\"wp-block-heading\" style=\"font-size:26px\">Sikkerhet<\/h3>\n\n\n\n<p>Sajthotellet har robuste sikkerhetsfunksjoner som beskytter nettstedet ditt mot skadelig programvare og potensielle trusler, og vi har rutiner for \u00e5 h\u00e5ndtere sikkerhetstrusler, driftsforstyrrelser og andre problemer. Hos oss er du trygg - hvis noe skulle skje, finnes det alltid en sikkerhetskopi som kan gjenopprettes!<\/p>\n\n<\/div><\/div><\/div>\n<\/div>\n\n<div class=\"gb-grid-wrapper gb-grid-wrapper-1c496286\">\n<div class=\"gb-grid-column gb-grid-column-379a5b1b\"><div class=\"gb-container gb-container-379a5b1b\"><div class=\"gb-inside-container\">\n\n<h3 class=\"gb-headline gb-headline-35132b46 gb-headline-text\">6.<\/h3>\n\n<\/div><\/div><\/div>\n\n<div class=\"gb-grid-column gb-grid-column-b465e572\"><div class=\"gb-container gb-container-b465e572\"><div class=\"gb-inside-container\">\n\n<h3 class=\"wp-block-heading\" style=\"font-size:26px\">SSL<\/h3>\n\n\n\n<p>Det skal v\u00e6re trygt \u00e5 bes\u00f8ke nettsteder, og i dag er det sjelden man ikke bruker et SSL-sertifikat p\u00e5 en nettside. Sajthotellet inkluderer selvf\u00f8lgelig gratis SSL-sertifikater for nettstedet ditt, noe som bidrar til \u00e5 sikre nettstedet ditt og \u00f8ke brukernes tillit.<\/p>\n\n<\/div><\/div><\/div>\n<\/div>\n\n<div class=\"gb-grid-wrapper gb-grid-wrapper-0a733b7d\">\n<div class=\"gb-grid-column gb-grid-column-803c5d91\"><div class=\"gb-container gb-container-803c5d91\"><div class=\"gb-inside-container\">\n\n<h3 class=\"gb-headline gb-headline-1a690f3f gb-headline-text\">7.<\/h3>\n\n<\/div><\/div><\/div>\n\n<div class=\"gb-grid-column gb-grid-column-f2f588b5\"><div class=\"gb-container gb-container-f2f588b5\"><div class=\"gb-inside-container\">\n\n<h3 class=\"wp-block-heading\" style=\"font-size:26px\">Sikkerhetskopiering<\/h3>\n\n\n\n<p>Dataene dine er trygge med regelmessige automatiske sikkerhetskopier som beskytter nettstedet ditt mot tap av data. Du kan enkelt gjenopprette nettstedet ditt hvis det av en eller annen grunn m\u00e5 gjenopprettes, men du kan alltid be oss om hjelp.<\/p>\n\n<\/div><\/div><\/div>\n<\/div>\n\n<div class=\"gb-grid-wrapper gb-grid-wrapper-9d5d4a21\">\n<div class=\"gb-grid-column gb-grid-column-7d2c25ab\"><div class=\"gb-container gb-container-7d2c25ab\"><div class=\"gb-inside-container\">\n\n<h3 class=\"gb-headline gb-headline-dd8919b8 gb-headline-text\">8.<\/h3>\n\n<\/div><\/div><\/div>\n\n<div class=\"gb-grid-column gb-grid-column-16cb6045\"><div class=\"gb-container gb-container-16cb6045\"><div class=\"gb-inside-container\">\n\n<h3 class=\"wp-block-heading\" style=\"font-size:26px\">Allsidighet<\/h3>\n\n\n\n<p>Sajthotellet tilbyr ulike hostingplaner, inkludert delt hosting, VPS-hosting og dedikerte servere, slik at du kan tilpasse hostingen etter dine behov. Du b\u00f8r rett og slett ikke trenge en annen leverand\u00f8r - hvis du trenger flere ressurser eller andre alternativer, har vi det!<\/p>\n\n<\/div><\/div><\/div>\n<\/div>\n\n<div class=\"gb-grid-wrapper gb-grid-wrapper-c0d8b84a\">\n<div class=\"gb-grid-column gb-grid-column-ec0c5dc0\"><div class=\"gb-container gb-container-ec0c5dc0\"><div class=\"gb-inside-container\">\n\n<h3 class=\"gb-headline gb-headline-ed51bc5a gb-headline-text\">9.<\/h3>\n\n<\/div><\/div><\/div>\n\n<div class=\"gb-grid-column gb-grid-column-89e4f423\"><div class=\"gb-container gb-container-89e4f423\"><div class=\"gb-inside-container\">\n\n<h3 class=\"wp-block-heading\" style=\"font-size:26px\">Installasjon<\/h3>\n\n\n\n<p>Sajthotellet tilbyr enkel installasjon av popul\u00e6re webplattformer som WordPress, Joomla og Drupal, slik at du sparer tid og krefter med bare ett klikk fra v\u00e5rt kundepanel. Du kan velge mellom dusinvis av popul\u00e6re l\u00f8sninger innen nettstedsbygging, CRM-systemer, nettbutikker og mye mer og v\u00e6re i gang med en l\u00f8sning i l\u00f8pet av f\u00e5 minutter, uten omfattende forkunnskaper!<\/p>\n\n<\/div><\/div><\/div>\n<\/div>\n\n<div class=\"gb-grid-wrapper gb-grid-wrapper-5fc3cde0\">\n<div class=\"gb-grid-column gb-grid-column-b45fc0ab\"><div class=\"gb-container gb-container-b45fc0ab\"><div class=\"gb-inside-container\">\n\n<h3 class=\"gb-headline gb-headline-e89f70bc gb-headline-text\">10.<\/h3>\n\n<\/div><\/div><\/div>\n\n<div class=\"gb-grid-column gb-grid-column-9c426390\"><div class=\"gb-container gb-container-9c426390\"><div class=\"gb-inside-container\">\n\n<h3 class=\"wp-block-heading\" style=\"font-size:26px\">E-post<\/h3>\n\n\n\n<p>Vi bruker markedsledende e-postl\u00f8sninger for \u00e5 gi deg en rask, effektiv og sikker e-posttjeneste, og har du st\u00f8rre behov, kan du selvf\u00f8lgelig ogs\u00e5 f\u00e5 Microsofts Office 365 gjennom oss. Vi hjelper deg ogs\u00e5 med skreddersydde l\u00f8sninger hvis du har behov for det.<\/p>\n\n<\/div><\/div><\/div>\n<\/div>\n\n<div class=\"gb-grid-wrapper gb-grid-wrapper-ad936d34\">\n<div class=\"gb-grid-column gb-grid-column-9210c14e\"><div class=\"gb-container gb-container-9210c14e\"><div class=\"gb-inside-container\">\n\n<h3 class=\"gb-headline gb-headline-2b3cb610 gb-headline-text\">11.<\/h3>\n\n<\/div><\/div><\/div>\n\n<div class=\"gb-grid-column gb-grid-column-cd1390ec\"><div class=\"gb-container gb-container-cd1390ec\"><div class=\"gb-inside-container\">\n\n<h3 class=\"wp-block-heading\" style=\"font-size:26px\">Milj\u00f8<\/h3>\n\n\n\n<p>Sajthotellet er opptatt av v\u00e5rt felles milj\u00f8 og er bevisst p\u00e5 milj\u00f8p\u00e5virkningen fra v\u00e5r virksomhet. For \u00e5 redusere milj\u00f8p\u00e5virkningen bruker vi energieffektivt utstyr og andre b\u00e6rekraftstiltak.<\/p>\n\n<\/div><\/div><\/div>\n<\/div>\n<\/div><\/div>\n<\/div><\/div>","protected":false},"excerpt":{"rendered":"<p>Vi s\u00e4tter service, tillg\u00e4nglighet och drifts\u00e4kerhet i f\u00f6rsta rummet. 11 anledningar till varf\u00f6r du ska v\u00e4lja Sajthotellet som ditt webbhotell Sajthotellet excellerar inom webbhotellbranschen. H\u00e4r \u00e4r varf\u00f6r du b\u00f6r v\u00e4lja oss: Sajthotellet \u00e4r synonymt med enast\u00e5ende stabilitet och p\u00e5litlighet. Vi har \u00e4gnat flera \u00e5r \u00e5t kontinuerliga kvalitetsf\u00f6rb\u00e4ttringar, vilket har gjort Sajthotellet till en ledande akt\u00f6r &#8230; <a title=\"Sajthotellet &#8211; Ett stabilt och p\u00e5litligt webbhotell\" class=\"read-more\" href=\"https:\/\/www.sajthotellet.com\/nb\/\" aria-label=\"Read more about Sajthotellet &#8211; Ett stabilt och p\u00e5litligt webbhotell\">Les mer<\/a><\/p>","protected":false},"author":1,"featured_media":0,"parent":0,"menu_order":0,"comment_status":"closed","ping_status":"closed","template":"","meta":{"footnotes":""},"class_list":["post-3554","page","type-page","status-publish"],"featured_image_src":null,"featured_image_src_square":null,"_links":{"self":[{"href":"https:\/\/www.sajthotellet.com\/nb\/wp-json\/wp\/v2\/pages\/3554","targetHints":{"allow":["GET"]}}],"collection":[{"href":"https:\/\/www.sajthotellet.com\/nb\/wp-json\/wp\/v2\/pages"}],"about":[{"href":"https:\/\/www.sajthotellet.com\/nb\/wp-json\/wp\/v2\/types\/page"}],"author":[{"embeddable":true,"href":"https:\/\/www.sajthotellet.com\/nb\/wp-json\/wp\/v2\/users\/1"}],"replies":[{"embeddable":true,"href":"https:\/\/www.sajthotellet.com\/nb\/wp-json\/wp\/v2\/comments?post=3554"}],"version-history":[{"count":5,"href":"https:\/\/www.sajthotellet.com\/nb\/wp-json\/wp\/v2\/pages\/3554\/revisions"}],"predecessor-version":[{"id":4915,"href":"https:\/\/www.sajthotellet.com\/nb\/wp-json\/wp\/v2\/pages\/3554\/revisions\/4915"}],"wp:attachment":[{"href":"https:\/\/www.sajthotellet.com\/nb\/wp-json\/wp\/v2\/media?parent=3554"}],"curies":[{"name":"wp","href":"https:\/\/api.w.org\/{rel}","templated":true}]}}