{"id":4102,"date":"2022-06-27T14:38:30","date_gmt":"2022-06-27T14:38:30","guid":{"rendered":"https:\/\/www.sajthotellet.com\/?page_id=4102"},"modified":"2025-09-22T13:06:14","modified_gmt":"2025-09-22T13:06:14","slug":"betingelser","status":"publish","type":"page","link":"https:\/\/www.sajthotellet.com\/nb\/villkor\/","title":{"rendered":"Vilk\u00e5r og betingelser Sajthotellet"},"content":{"rendered":"<p><strong>Generelle kontraktsvilk\u00e5r<\/strong><\/p>\n\n\n\n<p>Disse vilk\u00e5rene gjelder for avtaler som inng\u00e5s mellom deg (kunde\/klient) og AB Sajthotellet Sverige (556668-7041), heretter kalt Sajthotellet. Disse vilk\u00e5rene gjelder fra 2023-10-16.<\/p>\n\n\n\n<p>Ved \u00e5 benytte Sajthotellets webhotelltjenester, eller andre tjenester levert av Sajthotellet, samtykker kunden til \u00e5 v\u00e6re bundet av disse bruksvilk\u00e5rene (\"Generelle vilk\u00e5r\") for tjenesteavtalen (heretter ogs\u00e5 kalt \"abonnementet\") mellom deg som kunde og Sajthotellet. Tjenesten eies og kontrolleres av AB Sajthotellet Sverige. Disse bruksvilk\u00e5rene p\u00e5virker dine juridiske rettigheter og forpliktelser. Hvis du ikke godtar \u00e5 v\u00e6re bundet av disse bruksvilk\u00e5rene, b\u00f8r du ikke bruke tjenestene v\u00e5re og avslutte abonnementet.<\/p>\n\n\n\n<p><strong>1. Generelt<\/strong><\/p>\n\n\n\n<ol class=\"wp-block-list\">\n<li>Disse vilk\u00e5rene regulerer forholdet mellom kunden og AB Sajthotellet Sverige og, der det er aktuelt, Sajthotellets underleverand\u00f8rer eller partnere, n\u00e5r det gjelder abonnement p\u00e5 webhotell, domenetjenester og servertjenester og relaterte tilleggstjenester.<\/li>\n\n\n\n<li>En kunde kan v\u00e6re en fysisk person eller en juridisk person. For \u00e5 inng\u00e5 avtalen m\u00e5 den fysiske personen v\u00e6re myndig, og den juridiske personen m\u00e5 ha fullmakt til \u00e5 inng\u00e5 avtalen p\u00e5 vegne av den juridiske personen.<\/li>\n\n\n\n<li>Avtalen mellom partene kan ikke utvides av kunden til en annen part med mindre det er inng\u00e5tt en avtale mellom Sajthotellet og kunden. For domenenavn og andre tjenester har Sajthotellet rett til \u00e5 velge underleverand\u00f8r og skifte leverand\u00f8r n\u00e5r Sajthotellet finner det hensiktsmessig (i v\u00e5r personvernerkl\u00e6ring finnes en fullstendig liste over hvilke underleverand\u00f8rer Sajthotellet benytter). Sajthotellet har ogs\u00e5 rett til \u00e5 overf\u00f8re alle avtaler til eksisterende samarbeidspartnere eller andre i tilfeller der Sajthotellet finner det hensiktsmessig for \u00e5 opprettholde en velfungerende tjeneste eller av andre grunner.<\/li>\n\n\n\n<li>Sajthotellet leverer tjenester s\u00e5 snart det er teknisk mulig (ved bestilling via kundepanelet normalt umiddelbart, ellers normalt innen 24 timer) og fysiske produkter innen fem (5) virkedager.<\/li>\n<\/ol>\n\n\n\n<p><strong>2. abonnementer p\u00e5 web, servere og domenenavn<\/strong><\/p>\n\n\n\n<ol class=\"wp-block-list\">\n<li>Hvilke tjenester som inng\u00e5r i nettabonnementet hos Sajthotellet fremg\u00e5r av separat ordrebekreftelse\/faktura\/tjenesteavtale eller via abonnementsoversikten i kundepanelet.<\/li>\n\n\n\n<li>Fri support p\u00e5 abonnemang under abonnemangstiden ing\u00e5r via e-post, chatt, \u00e4rendehanteringssystem (ticket) och telefon. Sajthotellets kundtj\u00e4nst n\u00e5s per telefon 0771-319 319 under kontorstid (vardagar 09.00-17.00). Vidare finns p\u00e5 Sajthotellets kundpanel (https:\/\/login.sajthotellet.com) utf\u00f6rlig beskrivning av hur funktioner p\u00e5 webbhotellet skall hanteras.<\/li>\n\n\n\n<li>Gratis support er begrenset til det som kan anses som normalt omfang, som omfatter de delene av tjenesten som direkte kan p\u00e5virkes av Sajthotellet, men ikke direkte sp\u00f8rsm\u00e5l om hvordan programmering eller lignende skal tilpasses omgivelsene, med mindre det dreier seg om en tilpasning som er unik for Sajthotellet.<\/li>\n\n\n\n<li>Support er tidsbegrenset for privatabonnementer til maksimalt 1 time per \u00e5r og abonnement og for bedriftsabonnementer til maksimalt 2 timer per \u00e5r og abonnement, med mindre annet er spesifikt avtalt for tjenesten. Hvis det er behov for support utover ovennevnte tidsbegrensning, debiteres gjeldende timepris med en minimumskostnad p\u00e5 en halv time (gjeldende timepris er 1290 SEK ekskl. mva.).<\/li>\n\n\n\n<li>For \u00e5 gj\u00f8re det enklere for kunden \u00f8nsker Sajthotellet i mange tilfeller ikke \u00e5 sette grenser for enkelte tjenester, i disse tilfellene er ubegrenset angitt som et begrep. Sajthotellets definisjon av ubegrenset er at tjenestene tilbys innenfor rimelige grenser for hva programvare og maskinvare kan h\u00e5ndtere. Sajthotellet forbeholder seg retten til \u00e5 bestemme grensene for hva som er rimelig i hvert enkelt tilfelle.<\/li>\n\n\n\n<li>N\u00e5r kunden \u00f8nsker \u00e5 flytte et domene, nettsted eller annen tjeneste fra et annet webhotell eller annen leverand\u00f8r til Sajthotellet, er Sajthotellet behjelpelig med dette. Flytting kan imidlertid aldri garanteres, og ved mer omfattende flyttinger kan Sajthotellet ta betalt for arbeidet etter avtale med kunden. I tilfeller der Sajthotellet ikke klarer \u00e5 overf\u00f8re domenet, er ansvaret for overf\u00f8ringen kundens og Sajthotellet kan ikke holdes ansvarlig for dette.<\/li>\n<\/ol>\n\n\n\n<p><strong>3. kontraktsperiode, oppsigelse osv.<\/strong><\/p>\n\n\n\n<ol class=\"wp-block-list\">\n<li>Kontraktens varighet er normalt \u00e5rlig og p\u00e5 ubestemt tid, avhengig av hva som ble avtalt ved inng\u00e5elsen av servicekontrakten.<\/li>\n\n\n\n<li>Tjenesteavtalen kan sies opp n\u00e5r som helst og gjelder fra neste avtaleperiode. Oppsigelse medf\u00f8rer ikke rett til refusjon av innbetalt avgift med mindre annet er avtalt. Dersom det er utstedt faktura for en tjeneste som kunden ikke lenger \u00f8nsker \u00e5 ha, m\u00e5 kunden umiddelbart ta kontakt med Sajthotellet for kreditering og utstedelse av ny faktura for de tjenestene kunden \u00f8nsker \u00e5 beholde. Hvis fakturaen er betalt, kan ingen av postene p\u00e5 fakturaen krediteres eller refunderes i ettertid. Hvis en tjeneste er avbestilt, kan kunden etter eget \u00f8nske f\u00e5 tjenesten stengt f\u00f8r periodens utl\u00f8p, ellers blir den stengt n\u00e5r tjenesten utl\u00f8per.<\/li>\n\n\n\n<li>Refusjon av innbetalt avgift skjer kun i tilfeller der avbestillingen skyldes alvorlige driftsforstyrrelser som Sajthotellet eller dets underleverand\u00f8r er ansvarlig for. Ved driftsforstyrrelser refunderes avgiften tilsvarende varigheten av driftsforstyrrelsen i forhold til innbetalt avgift.<\/li>\n\n\n\n<li>Kundene kan n\u00e5r som helst si opp abonnementet sitt, og oppsigelsen kan gj\u00f8res enten ved \u00e5 si opp tjenesten i kundepanelet, sende e-post eller postlegge oppsigelsen. For enkelte tjenester kan det gjelde spesielle oppsigelsesvilk\u00e5r, og dette fremg\u00e5r av egne vilk\u00e5r som godkjennes i forbindelse med bestillingen.<\/li>\n\n\n\n<li>Sajthotellet har rett til \u00e5 heve avtalen dersom kunden har brutt noen av punktene i avtalen. Oppsigelsen skal skje skriftlig per brev eller e-post. Oppsigelse anses \u00e5 ha funnet sted tre (3) virkedager etter at brevet er lagt til postbehandling eller to (2) virkedager etter at e-post er sendt. Ved grovt misbruk av kontoen kan oppsigelse skje umiddelbart, og skriftlig varsel sendes samtidig med oppsigelsen.<\/li>\n<\/ol>\n\n\n\n<p><strong>4. betaling, gebyrer osv.<\/strong><\/p>\n\n\n\n<ol class=\"wp-block-list\">\n<li>Avgifter faktureres forskuddsvis med mindre annet er avtalt. Bestilte tjenester aktiveres n\u00e5r Sajthotellet har mottatt full betaling (merk at betaling via bankoverf\u00f8ring tar 1-2 virkedager, og ved forlengelse av abonnement b\u00f8r slik betaling skje i god tid for \u00e5 unng\u00e5 avbrudd i tjenesten). Det er mulig \u00e5 betale med kort via Sajthotellets nettside.<\/li>\n\n\n\n<li>En kunde som ikke betaler, vil bli suspendert fra abonnementet, men ikke f\u00f8r en betalingsp\u00e5minnelse er sendt p\u00e5 e-post og vist i kundepanelet. V\u00e6r oppmerksom p\u00e5 at manglende betaling vil f\u00f8re til avbrudd i tjenesten (som automatisk kobles fra den siste dagen i avtaleperioden). Hvis det er utest\u00e5ende fakturaer for en tjeneste, kan dette p\u00e5virke andre tjenester som ogs\u00e5 kan bli avbrutt i p\u00e5vente av betaling.<\/li>\n\n\n\n<li>Sajthotellet forbeholder seg retten til \u00e5 justere avgiften for en tjeneste. Avgiftsendringer kan kun tre i kraft i forbindelse med en ny avtaleperiode.<\/li>\n\n\n\n<li>Domener som registreres av Sajthotellet p\u00e5 vegne av en kunde, registreres med s\u00f8keren som eier. Domener registrert av Sajthotellet faktureres fortsatt av Sajthotellet, med unntak av de domener hvor domeneregisterets regelverk ikke tillater dette.<\/li>\n\n\n\n<li>Kunder som \u00f8nsker \u00e5 overf\u00f8re et domene til et annet webhotell eller av andre grunner \u00f8nsker \u00e5 administrere domenet helt selv, har rett til \u00e5 gj\u00f8re dette n\u00e5r som helst. Gebyrer som belastes av det respektive domeneregisteret ved eierskifte, og andre kostnader som oppst\u00e5r i forbindelse med overdragelsen eller eierskiftet, betales av kunden. Gebyret for domenet h\u00e5ndteres av Sajthotellet inntil domenet har skiftet eier eller blitt overdratt.<\/li>\n\n\n\n<li>Hvis betaling skjer etter forfallsdatoen p\u00e5 fakturaen, kan domenenavnet utl\u00f8pe. S\u00e5 snart betaling er foretatt, registreres eller fornyes domenet av Sajthotellet. I noen tilfeller krever toppdomeneregisteret en forh\u00f8yet avgift, og for at Sajthotellet skal kunne gjennomf\u00f8re en fornyelse i disse tilfellene, m\u00e5 ogs\u00e5 denne forh\u00f8yede avgiften betales til Sajthotellet av kunden. For \u00e5 unng\u00e5 disse ekstrakostnadene b\u00f8r betaling alltid skje i tide. Kostnaden for disse avgiftene fremg\u00e5r av prislisten for domenenavn. Alle domenenavn som betales etter forfall risikerer \u00e5 bli avregistrert. Hvis dette skjer, er Sajthotellet ikke ansvarlig.<\/li>\n\n\n\n<li>Betaling kan skje til bankgiro eller bankkonto som angitt p\u00e5 fakturaen. Betaling kan ogs\u00e5 gj\u00f8res via Payson og PayPal i kundepanelet.<\/li>\n\n\n\n<li>Ved manglende betaling vil utstedte fakturaer normalt bli kreditert, og alle tjenester vil bli kansellert (med mindre annet er avtalt). Ved oppsigelse p\u00e5 grunn av manglende betaling slettes kundens data (nettsider, domenenavn, e-post osv.) innen to uker etter tjenestens forfallsdato. Det er ikke mulig \u00e5 gjenopprette slettede data.<\/li>\n<\/ol>\n\n\n\n<p><strong>5. overf\u00f8ring av kontrakter og domener<\/strong><\/p>\n\n\n\n<ol class=\"wp-block-list\">\n<li>Kunden kan overdra avtalen med Sajthotels samtykke. Overdragelsen og samtykket m\u00e5 v\u00e6re skriftlig.<\/li>\n\n\n\n<li>Kunder som \u00f8nsker \u00e5 overf\u00f8re domenenavn som de har gjennom Sajthotellet, m\u00e5 sende opplysninger om den nye eieren ved \u00e5 opprette en supportsak. Sajthotellet utarbeider deretter et skjema som skal signeres av n\u00e5v\u00e6rende eier. Kostnader for selve eierskiftet kan tilkomme avhengig av toppdomenet.<\/li>\n<\/ol>\n\n\n\n<p><strong>6. Nettstedsvertens ansvar<\/strong><\/p>\n\n\n\n<ol class=\"wp-block-list\">\n<li>Sajthotellet eller dets underleverand\u00f8rer ut\u00f8ver ingen kontroll over informasjon eller materiale som befinner seg p\u00e5 Sajthotellets eller underleverand\u00f8rens servere, se dog \u00a7\u00a7 6.3 og 8.2. Av driftsmessige \u00e5rsaker forbeholder Sajthotellet seg retten til, i forbindelse med unders\u00f8kelse av feil, funksjonsfeil eller for \u00e5 sikre levering av tjenesten, \u00e5 unders\u00f8ke og f\u00e5 tilgang til all informasjon lagret p\u00e5 Sajthotellets system som kan v\u00e6re av betydning for en vellykket unders\u00f8kelse. Sajthotellet er ikke ansvarlig for direkte eller indirekte skader og \u00f8konomiske tap som skyldes feil, forsinkelser, mangler, avbrudd, manglende levering av data, manglende tilgjengelighet eller lignende omstendigheter eller hendelser som ikke er under Sajthotellets direkte kontroll.  Sajthotellet er heller ikke erstatningsansvarlig dersom noen gj\u00f8r inngrep i Sajthotellets eller dets underleverand\u00f8rers eller samarbeidspartneres dataressurser og skaffer seg tilgang til, \u00f8delegger eller forvrenger informasjon, med mindre annet f\u00f8lger av svensk lov.<\/li>\n\n\n\n<li>Sajthotellet sletter aldri kundens opplysninger. Vi forbeholder oss imidlertid retten til \u00e5 flytte opplysninger til andre datamedier av systemtekniske \u00e5rsaker. Ved oppsigelse av en avtale slettes alle opplysninger p\u00e5 kundens konto to uker (14 dager) etter oppsigelsen eller etter avtaleperiodens utl\u00f8p.<\/li>\n\n\n\n<li>&nbsp;Sajthotellet behandler all kundeinformasjon konfidensielt, dette for \u00e5 beskytte kundens integritet. Sajthotellet garanterer at ingen opplysninger i kunders filomr\u00e5der eller e-postkontoer utleveres til uvedkommende eller gj\u00f8res tilgjengelig for uvedkommende, jf. dog \u00a7 6.1 annet ledd. Sajthotellet kan bli p\u00e5lagt av en autorisert politimyndighet \u00e5 utlevere slike opplysninger til relevante myndigheter. Ved mistanke om kriminalitet mot kunden kan Sajthotellet utlevere opplysninger eller frivillig melde fra til etterforskningsmyndigheten uten at Sajthotellet har bedt om slike opplysninger.<\/li>\n\n\n\n<li>Sajthotellet garanterer en tilgjengelighet for tjenester som inng\u00e5r i hvert abonnement p\u00e5 minst 99% beregnet p\u00e5 m\u00e5nedsbasis.  Ordin\u00e6r planlagt service foreg\u00e5r normalt om natten (kl. 23.00-06.00) og er ikke grunnlag for beregning av tilgjengelighet med mindre denne servicetiden ikke overstiger totalt 10 timer per m\u00e5ned. Akutte sikkerhetsoppdateringer, som krever umiddelbar handling, er heller ikke grunnlag for beregning av tilgjengelighet. Kriminelle angrep p\u00e5 Sajthotellets eller v\u00e5re leverand\u00f8rers systemer, som medf\u00f8rer driftsforstyrrelser, er heller ikke grunnlag for beregning av tilgjengelighet. Hvis garantiperioden overskrides, forlenges det l\u00f8pende abonnementet med \u00e9n m\u00e5ned uten kostnad som kompensasjon. Hvis garantiperioden overskrides slik at tilgjengeligheten faller under 95%, har kunden rett til \u00e5 motta kompensasjon i form av en kostnadsfri forlengelse av abonnementet med to m\u00e5neder. Hvis garantiperioden overskrides slik at tilgjengeligheten faller under 90%, har kunden rett til kompensasjon i form av en tre m\u00e5neders forlengelse av abonnementet. Krav om kompensasjon i henhold til dette avtalepunktet m\u00e5 v\u00e6re Sajthotellet i hende senest to uker (14 dager) etter at retten til \u00e5 p\u00e5berope seg avtalepunktet har oppst\u00e5tt.<\/li>\n<\/ol>\n\n\n\n<p><strong>7. Kundens ansvar<\/strong><\/p>\n\n\n\n<ol class=\"wp-block-list\">\n<li>Kunden forplikter seg til \u00e5 f\u00f8lge svensk lovgivning, dette gjelder ogs\u00e5 for tilknyttede objekter som strider mot denne. Kunden skal ogs\u00e5 overholde andre forskrifter som kan v\u00e6re en forutsetning for \u00e5 utnytte hele eller deler av trafikkmulighetene p\u00e5 Internett.<\/li>\n\n\n\n<li>Kunden forplikter seg til ikke \u00e5 gj\u00f8re uautorisert bruk av dataressursene som er koblet til Internett som helhet, eller av Sajthotellet eller dets underleverand\u00f8rer eller partnere.<\/li>\n\n\n\n<li>Kunden er ansvarlig for alle handlinger han\/hun utf\u00f8rer via sin(e) konto(er) i form av korrespondanse, spam etc. Spam anses som misbruk av kontoen og kan f\u00f8re til oppsigelse.<\/li>\n\n\n\n<li>Kunden er ogs\u00e5 ansvarlig for all informasjon de publiserer p\u00e5 sine nettsider eller p\u00e5 annen m\u00e5te gj\u00f8r tilgjengelig gjennom sitt abonnement hos Sajthotellet.<\/li>\n\n\n\n<li>Kunden har ikke anledning til \u00e5 selge, leie ut eller gi bort plass til egne kunder innenfor rammen av sin harddiskplass uten tillatelse fra Sajthotellet.  Dette gjelder b\u00e5de kunder med eget domene og kunder under et av Sajthotellets domener. Det samme gjelder andre tjenester, herunder e-postadresser, som leveres etter avtale med Sajthotellet. Med egne kunder menes alle som ikke er ansatt i en bedrift, familie eller lignende. Sajthotellet har forhandlerkontoer som egner seg godt til dette form\u00e5let, og disse krever ingen spesiell autorisasjon for videresalg.<\/li>\n<\/ol>\n\n\n\n<p><strong>8. brukerpolitikk<\/strong><\/p>\n\n\n\n<ol class=\"wp-block-list\">\n<li>Sajthotellet er opptatt av sitt gode omd\u00f8mme og avviser derfor enhver useri\u00f8s bruk av Internett. Sajthotellet forbeholder seg derfor retten til fritt \u00e5 vurdere f\u00f8lgende regler.<\/li>\n\n\n\n<li>Sajthotellet har rett til \u00e5 foreta kontroll av informasjonen p\u00e5 v\u00e5re kunders lagringsplass ved mistanke om at kunden bryter avtalen. Dersom en bruker bryter avtalen, forbeholder vi oss retten til \u00e5 blokkere den informasjonen som anses som upassende, og dersom bruddet er alvorlig, kan kunden helt eller delvis suspenderes fra videre bruk, uten rett til tilbakebetaling av avgifter betalt til Sajthotellet.<\/li>\n\n\n\n<li>Et webabonnement gj\u00f8r det mulig for kunden \u00e5 publisere og levere materiale p\u00e5 Internett via http- eller ftp-teknologi.<\/li>\n\n\n\n<li>Nettstedsverten m\u00e5 alltid ha en direkte avtale med eieren av domenenavnet som nettsidene publiseres under (unntak kan gj\u00f8res, og ved forhandleravtaler m\u00e5 det foreligge en direkte avtale mellom forhandleren og sluttkunden). Det skal tydelig fremg\u00e5 av de publiserte nettsidene hvem som er ansvarlig for publiseringen av sidene.<\/li>\n\n\n\n<li>Kunden kan delegere driften av webdesign, oppdatering og annet arbeid med abonnementet til en annen person eller organisasjon. Dette begrenser ikke kundens ansvar.<\/li>\n<\/ol>\n\n\n\n<p><strong>9. Avstandsavtaler<\/strong><\/p>\n\n\n\n<ol class=\"wp-block-list\">\n<li>I henhold til lov (2000:274) om forbrukerbeskyttelse ved avtaler om fjernsalg og boligsalg er det en angrefrist p\u00e5 14 dager. En ordre om \u00e5 registrere et domene eller aktivere et webhotell er \u00e5 betrakte som levering av en tjeneste. Ytelsen begynner \u00e5 l\u00f8pe innen angrefristen (14 dager) som er angitt i ovennevnte lov, og som kunden samtykker til ved bestilling av domenet og webhotelltjenesten. Konsekvensen av samtykket er at det ikke foreligger noen angrerett, jf. ovennevnte lov \u00a7 14 p. 1.<\/li>\n<\/ol>\n\n\n\n<p><strong>10. retningslinjer for personvern og databeskyttelse (GDPR)<\/strong><\/p>\n\n\n\n<ol class=\"wp-block-list\">\n<li>Som en integrert del av alle avtaler gjelder Sajthotellets personvernerkl\u00e6ring. Den angir hvordan Sajthotellet h\u00e5ndterer personopplysninger og kundens rettigheter som f\u00f8lge av svensk lov og GDPR.<\/li>\n\n\n\n<li>Kunden er ansvarlig for personopplysninger som han eller hun h\u00e5ndterer gjennom bruk av ressurser som Sajthotellet stiller til r\u00e5dighet. N\u00e5r det er behov for en personuppgiftsbitr\u00e4desavtal, foreligger en slik avtale som en integrert del av denne avtalen, og kunden forplikter seg til \u00e5 akseptere utformingen av denne. Dersom det er behov for en spesialtilpasset personvernavtale, skal kunden kontakte Sajthotellet for \u00e5 utarbeide en slik avtale sammen med Sajthotellet, og dersom det oppst\u00e5r en kostnad for opprettelsen av en slik avtale, skal kostnaden betales av kunden.<\/li>\n<\/ol>\n\n\n\n<p><strong>11. Force majeure<\/strong><\/p>\n\n\n\n<ol class=\"wp-block-list\">\n<li>Sajthotellet skal v\u00e6re fritatt for erstatning og andre sanksjoner dersom avtalens oppfyllelse hindres eller vanskeliggj\u00f8res av noen omstendighet - som f.eks. krig, myndighetsinngrep, uroligheter, innskrenkninger i energiforsyningen, forstyrrelser p\u00e5 arbeidsmarkedet, forbud, restriksjoner, manglende tillatelser, ulykker, ugunstige transport- eller v\u00e6rforhold eller manglende leveranser fra underleverand\u00f8rer - som Sajthotellet ikke med rimelighet kunne forutse ved avtalens inng\u00e5else og hvis f\u00f8lger Sajthotellet ikke kunne unng\u00e5 eller overvinne.<\/li>\n<\/ol>\n\n\n\n<p><strong>12. tvist<\/strong><\/p>\n\n\n\n<ol class=\"wp-block-list\">\n<li>Tvister om tolkningen eller anvendelsen av denne avtalen skal avgj\u00f8res av svenske domstoler i henhold til svensk lov, fortrinnsvis Stockholms tingsr\u00e4tt.<\/li>\n<\/ol>","protected":false},"excerpt":{"rendered":"<p>Generelle vilk\u00e5r for avtaler Disse vilk\u00e5rene gjelder for avtaler som inng\u00e5s mellom deg (kunde\/kunde) og AB Sajthotellet Sverige (556668-7041), heretter kalt Sajthotellet. Disse vilk\u00e5rene gjelder fra 2023-10-16. Ved \u00e5 benytte Sajthotellets webhotelltjenester, eller andre tjenester levert av Sajthotellet, samtykker kunden til \u00e5 v\u00e6re bundet av disse bruksvilk\u00e5rene (\"Alminnelige vilk\u00e5r\") for tjenesteavtalen (heretter ogs\u00e5 kalt \"abonnementet\") mellom deg og Sajthotellet... <a title=\"Vilk\u00e5r og betingelser Sajthotellet\" class=\"read-more\" href=\"https:\/\/www.sajthotellet.com\/nb\/villkor\/\" aria-label=\"Read more about Villkor Sajthotellet\">Les mer<\/a><\/p>","protected":false},"author":1,"featured_media":0,"parent":0,"menu_order":0,"comment_status":"closed","ping_status":"closed","template":"","meta":{"footnotes":""},"class_list":["post-4102","page","type-page","status-publish"],"featured_image_src":null,"featured_image_src_square":null,"_links":{"self":[{"href":"https:\/\/www.sajthotellet.com\/nb\/wp-json\/wp\/v2\/pages\/4102","targetHints":{"allow":["GET"]}}],"collection":[{"href":"https:\/\/www.sajthotellet.com\/nb\/wp-json\/wp\/v2\/pages"}],"about":[{"href":"https:\/\/www.sajthotellet.com\/nb\/wp-json\/wp\/v2\/types\/page"}],"author":[{"embeddable":true,"href":"https:\/\/www.sajthotellet.com\/nb\/wp-json\/wp\/v2\/users\/1"}],"replies":[{"embeddable":true,"href":"https:\/\/www.sajthotellet.com\/nb\/wp-json\/wp\/v2\/comments?post=4102"}],"version-history":[{"count":5,"href":"https:\/\/www.sajthotellet.com\/nb\/wp-json\/wp\/v2\/pages\/4102\/revisions"}],"predecessor-version":[{"id":4910,"href":"https:\/\/www.sajthotellet.com\/nb\/wp-json\/wp\/v2\/pages\/4102\/revisions\/4910"}],"wp:attachment":[{"href":"https:\/\/www.sajthotellet.com\/nb\/wp-json\/wp\/v2\/media?parent=4102"}],"curies":[{"name":"wp","href":"https:\/\/api.w.org\/{rel}","templated":true}]}}