{"id":4106,"date":"2022-06-27T14:38:53","date_gmt":"2022-06-27T14:38:53","guid":{"rendered":"https:\/\/www.sajthotellet.com\/?page_id=4106"},"modified":"2024-01-09T10:18:41","modified_gmt":"2024-01-09T10:18:41","slug":"om-hotellet-pa-stedet","status":"publish","type":"page","link":"https:\/\/www.sajthotellet.com\/nb\/om-sajthotellet\/","title":{"rendered":"Om Sajthotellet"},"content":{"rendered":"<h2 class=\"wp-block-heading\">Webhotell siden 2000<\/h2>\n\n\n\n<p>Sajthotellet har en solid historie i webhotellbransjen, med erfaring helt tilbake til 2001. V\u00e5rt hovedm\u00e5l er \u00e5 tilby f\u00f8rsteklasses webhotelltjenester til en mer konkurransedyktig pris enn v\u00e5re konkurrenter i bransjen. St\u00f8rrelsesmessig befinner Sajthotellet seg i mellomklassen, noe som gj\u00f8r oss store nok til \u00e5 drive virksomheten v\u00e5r p\u00e5 en seri\u00f8s m\u00e5te.<\/p>\n\n\n\n<p>Vi forst\u00e5r hvor viktig det er \u00e5 opprettholde h\u00f8y tilgjengelighet og minimere avbrudd. Derfor jobber vi kontinuerlig med \u00e5 sikre at utstyret v\u00e5rt er p\u00e5litelig og robust.<\/p>\n\n\n\n<p>For \u00e5 holde kundene v\u00e5re informert om driften og eventuelle driftsforstyrrelser har vi opprettet nettstedet sajthotellet.driftinformation.se. Der finner du oppdatert informasjon om p\u00e5g\u00e5ende driftsforstyrrelser, planlagt vedlikehold og avbruddshistorikk. For \u00e5 sikre at denne nettsiden er tilgjengelig for kundene v\u00e5re ogs\u00e5 ved st\u00f8rre problemer, er den plassert i et eget datasenter innenfor EU, slik at kundene v\u00e5re alltid har tilgang til viktig driftsinformasjon, uansett omstendigheter.<\/p>\n\n\n\n<h2 class=\"wp-block-heading\"><strong>Fysisk plassering og sikkerhet<\/strong><\/h2>\n\n\n<div class=\"gb-container gb-container-0ea73741\">\n\n<p>Sajthotellets fokus p\u00e5 sikkerhet og driftsstabilitet gjenspeiles tydelig i valget av serverlokasjon. Serverne v\u00e5re, som utgj\u00f8r kjernen i webhotellet, er plassert i den p\u00e5litelige serverhallen i V\u00e4stberga i Stockholm. Serverhallen eies og drives av selskapet GleSYS AB.<\/p>\n\n<\/div>\n\n\n<p>Sikkerhet er sv\u00e6rt viktig for oss, og serverhallen v\u00e5r er utstyrt med et omfattende utvalg av beskyttelsestiltak for \u00e5 sikre integriteten og tilgjengeligheten til v\u00e5re kunders data. Blant de implementerte sikkerhetssystemene finner vi blant annet<\/p>\n\n\n\n<ol class=\"wp-block-list\">\n<li><strong>Alarm<\/strong>Avanserte alarm- og overv\u00e5kningssystemer som holder \u00f8ye med serverrommet.<\/li>\n\n\n\n<li><strong>Kyla<\/strong>Effektiv kj\u00f8ling for \u00e5 sikre at serverne v\u00e5re fungerer optimalt og unng\u00e5r overoppheting.<\/li>\n\n\n\n<li><strong>Avansert slokkesystem<\/strong>En sofistikert slokkemetode for \u00e5 h\u00e5ndtere enhver brannrisiko p\u00e5 en rask og effektiv m\u00e5te.<\/li>\n\n\n\n<li><strong>Avbruddsfri str\u00f8mforsyning (UPS) og diesel<\/strong>Kontinuerlig str\u00f8mforsyning er av st\u00f8rste betydning. Serverhallen v\u00e5r er utstyrt med UPS-systemer og dieselforsyning for \u00e5 sikre driftskontinuitet selv ved str\u00f8mbrudd.<\/li>\n\n\n\n<li><strong>Nettverksinfrastruktur<\/strong>Vi har investert i en p\u00e5litelig og rask nettverksinfrastruktur for \u00e5 sikre rask dataoverf\u00f8ring og tilgjengelighet.<\/li>\n\n\n\n<li><strong>Beskyttelse mot innbrudd<\/strong>: Fysiske sikkerhetstiltak og overv\u00e5kningssystemer for \u00e5 beskytte mot uautorisert tilgang.<\/li>\n<\/ol>\n\n\n\n<p>Internettleverand\u00f8rene v\u00e5re er Portlane og BredBand2, og ruterne deres er plassert i samme serverhall. Dette muliggj\u00f8r en fullstendig redundant tilkobling med fiberoptikk som kommer inn fra forskjellige retninger i eiendommen. Det betyr at vi har flere backup-ruter for \u00e5 sikre konstant tilkobling til webhotellet v\u00e5rt, selv om en del av nettverket skulle bli forstyrret.<\/p>\n\n\n\n<h2 class=\"wp-block-heading\">Samarbetspartner<\/h2>\n\n\n\n<figure class=\"wp-block-image size-large is-resized\"><a href=\"https:\/\/www.admax.se\" target=\"_blank\" rel=\"noopener\"><img loading=\"lazy\" decoding=\"async\" width=\"1024\" height=\"463\" src=\"https:\/\/www.sajthotellet.com\/wp-content\/uploads\/2024\/01\/photo_2023-04-03_16-33-36-1024x463.jpg\" alt=\"\" class=\"wp-image-4882\" style=\"width:179px;height:auto\" srcset=\"https:\/\/www.sajthotellet.com\/wp-content\/uploads\/2024\/01\/photo_2023-04-03_16-33-36-1024x463.jpg 1024w, https:\/\/www.sajthotellet.com\/wp-content\/uploads\/2024\/01\/photo_2023-04-03_16-33-36-300x136.jpg 300w, https:\/\/www.sajthotellet.com\/wp-content\/uploads\/2024\/01\/photo_2023-04-03_16-33-36-768x347.jpg 768w, https:\/\/www.sajthotellet.com\/wp-content\/uploads\/2024\/01\/photo_2023-04-03_16-33-36-18x8.jpg 18w, https:\/\/www.sajthotellet.com\/wp-content\/uploads\/2024\/01\/photo_2023-04-03_16-33-36.jpg 1280w\" sizes=\"auto, (max-width: 1024px) 100vw, 1024px\" \/><\/a><\/figure>\n\n\n\n<p>Admax Webbhotell \u00e4r en framst\u00e5ende leverant\u00f6r inom dom\u00e4nf\u00f6rs\u00e4ljning och infrastrukturhantering f\u00f6r n\u00e4t och drift. Med fokus p\u00e5 att erbjuda p\u00e5litliga webbl\u00f6sningar till sina kunder erbjuder Admax Webbhotell ett brett spektrum av tj\u00e4nster, inklusive dom\u00e4nnamnshantering och robust infrastruktur f\u00f6r att driva verksamheter online. Genom att kombinera expertis inom hosting, s\u00e4kerhet och skalbarhet str\u00e4var Admax Webbhotell efter att skapa en stabil plattform f\u00f6r sina kunder att v\u00e4xa i och blomstra p\u00e5 n\u00e4tet. Med fokus p\u00e5 kvalitet och personlig serviceanpassning f\u00f6r varje klient, str\u00e4var Admax Webbhotell st\u00e4ndigt efter att leverera \u00f6verl\u00e4gsna webbl\u00f6sningar som \u00f6vertr\u00e4ffar f\u00f6rv\u00e4ntningarna.<\/p>\n\n\n\n<div style=\"height:15px\" aria-hidden=\"true\" class=\"wp-block-spacer\"><\/div>\n\n\n\n<figure class=\"wp-block-image size-full\"><a href=\"https:\/\/webgiant.se\" target=\"_blank\" rel=\"noopener\"><img loading=\"lazy\" decoding=\"async\" width=\"200\" height=\"44\" src=\"https:\/\/www.sajthotellet.com\/wp-content\/uploads\/2024\/01\/webgigant.webp\" alt=\"\" class=\"wp-image-4883\" srcset=\"https:\/\/www.sajthotellet.com\/wp-content\/uploads\/2024\/01\/webgigant.webp 200w, https:\/\/www.sajthotellet.com\/wp-content\/uploads\/2024\/01\/webgigant-18x4.webp 18w\" sizes=\"auto, (max-width: 200px) 100vw, 200px\" \/><\/a><\/figure>\n\n\n\n<p>Webgiant \u00e4r banbrytande n\u00e4r det kommer till att vara en p\u00e5litlig partner f\u00f6r skr\u00e4ddarsydda webbl\u00f6sningar. Deras specialisering str\u00e4cker sig \u00f6ver en m\u00e5ngfald omr\u00e5den fr\u00e5n webbutveckling och design till digital marknadsf\u00f6ring och s\u00f6kmotoroptimering. Genom att s\u00e4tta kundens m\u00e5l och behov i centrum skapar WebGiant dynamiska, responsiva och tekniskt avancerade webbplatser som \u00e4r inte bara anv\u00e4ndarv\u00e4nliga utan \u00e4ven imponerande.<\/p>\n\n\n\n<div style=\"height:15px\" aria-hidden=\"true\" class=\"wp-block-spacer\"><\/div>\n\n\n\n<figure class=\"wp-block-image size-full\"><a href=\"https:\/\/websolution.se\" target=\"_blank\" rel=\"noopener\"><img loading=\"lazy\" decoding=\"async\" width=\"426\" height=\"68\" src=\"https:\/\/www.sajthotellet.com\/wp-content\/uploads\/2024\/01\/websolution-webbyra.png\" alt=\"\" class=\"wp-image-4884\" srcset=\"https:\/\/www.sajthotellet.com\/wp-content\/uploads\/2024\/01\/websolution-webbyra.png 426w, https:\/\/www.sajthotellet.com\/wp-content\/uploads\/2024\/01\/websolution-webbyra-300x48.png 300w, https:\/\/www.sajthotellet.com\/wp-content\/uploads\/2024\/01\/websolution-webbyra-18x3.png 18w\" sizes=\"auto, (max-width: 426px) 100vw, 426px\" \/><\/a><\/figure>\n\n\n\n<p>Websolution \u00e4r inte bara en vanlig digital utvecklingspartner; de \u00e4r m\u00e4stare p\u00e5 att skapa skr\u00e4ddarsydda digitala l\u00f6sningar och teknik som g\u00e5r hand i hand med varje kunds unika behov. Genom att samla ett engagerat g\u00e4ng av kreativa hj\u00e4rnor och strategiska genier, siktar Websolution mot att inte bara skapa anv\u00e4ndarv\u00e4nliga digitala plattformar utan att ocks\u00e5 s\u00e4tta standarden f\u00f6r innovation inom branschen.<\/p>","protected":false},"excerpt":{"rendered":"<p>Webhotell siden 2000 Sajthotellet har en solid historie i webhotellbransjen, med erfaring helt tilbake til 2001. V\u00e5rt hovedm\u00e5l er \u00e5 tilby en f\u00f8rsteklasses webhotelltjeneste til en mer konkurransedyktig pris enn v\u00e5re bransjekolleger. St\u00f8rrelsesmessig befinner Sajthotellet seg i mellomklassen, noe som gj\u00f8r oss store nok til \u00e5 drive v\u00e5r virksomhet p\u00e5 en ... <a title=\"Om Sajthotellet\" class=\"read-more\" href=\"https:\/\/www.sajthotellet.com\/nb\/om-sajthotellet\/\" aria-label=\"Read more about Om Sajthotellet\">Les mer<\/a><\/p>","protected":false},"author":1,"featured_media":0,"parent":0,"menu_order":0,"comment_status":"closed","ping_status":"closed","template":"","meta":{"footnotes":""},"class_list":["post-4106","page","type-page","status-publish"],"featured_image_src":null,"featured_image_src_square":null,"_links":{"self":[{"href":"https:\/\/www.sajthotellet.com\/nb\/wp-json\/wp\/v2\/pages\/4106","targetHints":{"allow":["GET"]}}],"collection":[{"href":"https:\/\/www.sajthotellet.com\/nb\/wp-json\/wp\/v2\/pages"}],"about":[{"href":"https:\/\/www.sajthotellet.com\/nb\/wp-json\/wp\/v2\/types\/page"}],"author":[{"embeddable":true,"href":"https:\/\/www.sajthotellet.com\/nb\/wp-json\/wp\/v2\/users\/1"}],"replies":[{"embeddable":true,"href":"https:\/\/www.sajthotellet.com\/nb\/wp-json\/wp\/v2\/comments?post=4106"}],"version-history":[{"count":5,"href":"https:\/\/www.sajthotellet.com\/nb\/wp-json\/wp\/v2\/pages\/4106\/revisions"}],"predecessor-version":[{"id":4885,"href":"https:\/\/www.sajthotellet.com\/nb\/wp-json\/wp\/v2\/pages\/4106\/revisions\/4885"}],"wp:attachment":[{"href":"https:\/\/www.sajthotellet.com\/nb\/wp-json\/wp\/v2\/media?parent=4106"}],"curies":[{"name":"wp","href":"https:\/\/api.w.org\/{rel}","templated":true}]}}