{"id":4223,"date":"2022-06-27T18:19:04","date_gmt":"2022-06-27T18:19:04","guid":{"rendered":"https:\/\/www.sajthotellet.com\/?page_id=4223"},"modified":"2023-10-24T12:40:16","modified_gmt":"2023-10-24T12:40:16","slug":"serverhall","status":"publish","type":"page","link":"https:\/\/www.sajthotellet.com\/nb\/serverhall\/","title":{"rendered":"Serverhall"},"content":{"rendered":"<div class=\"gb-container gb-container-09184579\"><div class=\"gb-inside-container\">\n<div class=\"gb-grid-wrapper gb-grid-wrapper-99528aec\">\n<div class=\"gb-grid-column gb-grid-column-1c0a41e3\"><div class=\"gb-container gb-container-1c0a41e3\"><div class=\"gb-inside-container\">\n\n<p class=\"has-medium-font-size\">N\u00e5r du leier en server hos Sajthotellet, plasseres utstyret i en toppmoderne serverhall i V\u00e4stberga, sentralt i Stockholm. Hallen eies og drives av GleSYS AB.<\/p>\n\n<\/div><\/div><\/div>\n\n<div class=\"gb-grid-column gb-grid-column-d321914b\"><div class=\"gb-container gb-container-d321914b\"><div class=\"gb-inside-container\">\n\n<figure class=\"gb-block-image gb-block-image-5d230e96\"><img loading=\"lazy\" decoding=\"async\" width=\"500\" height=\"333\" class=\"gb-image gb-image-5d230e96\" src=\"https:\/\/www.sajthotellet.com\/wp-content\/uploads\/2023\/10\/datahall-sajthotellet.jpg\" alt=\"\" title=\"hotell p\u00e5 datasenteromr\u00e5det\" srcset=\"https:\/\/www.sajthotellet.com\/wp-content\/uploads\/2023\/10\/datahall-sajthotellet.jpg 500w, https:\/\/www.sajthotellet.com\/wp-content\/uploads\/2023\/10\/datahall-sajthotellet-300x200.jpg 300w\" sizes=\"auto, (max-width: 500px) 100vw, 500px\" \/><\/figure>\n\n<\/div><\/div><\/div>\n<\/div>\n<\/div><\/div>\n\n\n<h2 class=\"wp-block-heading\">Innbrudd<\/h2>\n\n\n\n<p>Serverhallen har et velutviklet og omfattende sikkerhetssystem. All adgang logges av adgangskontrollsystemet, i tillegg er hallen kameraoverv\u00e5ket og patruljeres av vakter d\u00f8gnet rundt. Innbruddsalarmer er plassert i hele lokalet.<\/p>\n\n\n\n<p>Kun autorisert teknisk personale har tilgang til datasenteret og andre sensitive omr\u00e5der.<\/p>\n\n\n\n<h2 class=\"wp-block-heading\">Et datasenter som prioriterer klima og b\u00e6rekraft<\/h2>\n\n\n\n<p>I dagens digitaliserte verden utgj\u00f8r datasentre en betydelig del av de globale utslippene, og st\u00e5r for s\u00e5 mye som 2 % av verdens \u00e5rlige karbondioksidutslipp. Det er derfor b\u00e5de gledelig og nyttig \u00e5 kunne fortelle deg mer detaljert om v\u00e5rt nye, klimasmarte datasenter og tiltakene for \u00e5 redusere milj\u00f8p\u00e5virkningen.<\/p>\n\n\n\n<p>For det f\u00f8rste drives datasenteret v\u00e5rt utelukkende av fornybar elektrisitet, noe som betyr at vi ikke bare reduserer v\u00e5r egen klimap\u00e5virkning, men ogs\u00e5 bidrar til overgangen til ren energi. Ved \u00e5 bruke energikilder som sol-, vind- og vannkraft kan vi v\u00e6re sikre p\u00e5 at vi ikke bidrar til \u00f8kte CO2-utslipp.<\/p>\n\n\n\n<p>I tillegg jobber vi aktivt med \u00e5 gjenvinne varmen som genereres av datasenteret v\u00e5rt. I stedet for \u00e5 slippe denne varmen ut i atmosf\u00e6ren, kan vi effektivt gjenbruke den i andre sammenhenger, for eksempel til oppvarming av bygninger eller andre milj\u00f8vennlige energibehov.<\/p>\n\n\n\n<p>Gjennom dette arbeidet sikrer vi at datasenteret v\u00e5rt ikke bare oppfyller de tekniske kravene til p\u00e5litelig hosting, men ogs\u00e5 at vi aktivt reduserer klimap\u00e5virkningen, noe som er en viktig del av v\u00e5rt engasjement for en mer b\u00e6rekraftig og milj\u00f8vennlig fremtid.<\/p>\n\n\n\n<h2 class=\"wp-block-heading\">Konstruksjonsstandard for datasentre<\/h2>\n\n\n\n<p>Datasenteret v\u00e5rt har v\u00e6rt en b\u00e6rebjelke for b\u00e6rekraft og effektivitet siden det ble opprettet. V\u00e5rt prim\u00e6re m\u00e5l var \u00e5 skape en infrastruktur som ikke bare oppfyller moderne krav, men som ogs\u00e5 aktivt bidrar til en bedre fremtid. Noen av de mest fremtredende funksjonene v\u00e5re er<\/p>\n\n\n\n<ol class=\"wp-block-list\">\n<li><strong>Gj\u00f8r overskuddsvarme til en ressurs<\/strong>Alle deler av datasenteret v\u00e5rt er optimalisert for \u00e5 gjenvinne overskuddsvarme og minimere un\u00f8dvendig energiforbruk.<\/li>\n\n\n\n<li><strong>Streng tilgjengelighet i henhold til Tier-2+<\/strong>V\u00e5r design og infrastruktur er utformet for \u00e5 sikre konstant og p\u00e5litelig tilgjengelighet.<\/li>\n\n\n\n<li><strong>Sikkerhet i toppklasse<\/strong>: Datasentrenes skallbeskyttelse har den h\u00f8yeste beskyttelsesklassifiseringen - klasse 3, noe som sikrer et trygt milj\u00f8 for dataene dine.<\/li>\n\n\n\n<li><strong>Milj\u00f8vennlig energi<\/strong>: Reservestr\u00f8msystemet v\u00e5rt drives av EcoPar\u00ae, og UPS- og kj\u00f8lesystemene v\u00e5re f\u00f8lger N+1-standarden for uavbrutt drift.<\/li>\n\n\n\n<li><strong>Brannsikkerhet<\/strong>: <strong>:<\/strong> VESDA-laser og automatisk slokkesystem med Novec\u2122 1230 som slokkemedium<\/li>\n\n\n\n<li><strong>Direkte tilkoblede alarmer<\/strong>V\u00e5re brann- og innbruddsalarmer er direkte koblet til n\u00f8detatene og alarmsentralen for rask respons.<\/li>\n\n\n\n<li><strong>Konstant tilkobling<\/strong>: Vi tilbyr et enest\u00e5ende konnektivitetsniv\u00e5 med redundante nettverkstilkoblinger p\u00e5 tvers av flere nettverksoperat\u00f8rer, noe som sikrer uavbrutt konnektivitet.<\/li>\n<\/ol>\n\n\n\n<p>Denne imponerende kombinasjonen av teknologi og b\u00e6rekraft definerer datasenteret v\u00e5rt og v\u00e5r forpliktelse til \u00e5 oppfylle de mest krevende behovene b\u00e5de i dag og i morgen.<\/p>\n\n\n\n<h2 class=\"wp-block-heading\">Sv\u00e6rt redundant str\u00f8mforsyning<\/h2>\n\n\n\n<p>Serverhallen v\u00e5r har et str\u00f8mforsyningssystem med et imponerende niv\u00e5 av redundans og sikkerhet. Her er noen detaljer som understreker v\u00e5r h\u00f8ye standard:<\/p>\n\n\n\n<ol class=\"wp-block-list\">\n<li><strong>Dobbel f\u00f4ring<\/strong>Str\u00f8mforsyningen til serverhallen kommer fra to separate retninger og er fullstendig isolert fra resten av bygningens str\u00f8mforsyning. Dette doble forsyningssystemet er redundant helt frem til hvert enkelt rack i serverhallen, og gir b\u00e5de A- og B-str\u00f8m fra forskjellige sikkerhetssystemer. Dette er et sikkerhetstiltak for \u00e5 sikre at str\u00f8mmen fortsetter \u00e5 flyte uavbrutt hvis en sikring g\u00e5r. Hvert serverrack er dimensjonert for 32 ampere per sikringsgruppe, totalt 64 ampere per rack.<\/li>\n\n\n\n<li><strong>UPS (avbruddsfri str\u00f8mforsyning)<\/strong>Vi bruker UPS-systemer som beskytter mot b\u00e5de str\u00f8mbrudd og ujevn str\u00f8mkvalitet, inkludert overspenning. I tilfelle str\u00f8mbrudd aktiveres en dieselbasert n\u00f8dstr\u00f8msgenerator automatisk. Dette sikrer at utstyret ditt alltid er oppe og g\u00e5r, og at du ikke mister data i tilfelle et uventet str\u00f8mbrudd.<\/li>\n\n\n\n<li><strong>M\u00e5nedlig test og belastningstest<\/strong>For \u00e5 opprettholde h\u00f8y p\u00e5litelighet gjennomf\u00f8rer vi m\u00e5nedlige tester og belastningstester av dieselgeneratorene, UPS-systemene og batteriene v\u00e5re. Dette er en ytterligere garanti for at str\u00f8mforsyningssystemet v\u00e5rt alltid er i topp stand og klart til \u00e5 h\u00e5ndtere alle utfordringer.<\/li>\n<\/ol>\n\n\n\n<p>Denne gjennomtenkte str\u00f8mforsyningsinfrastrukturen er utviklet for \u00e5 gi deg en konstant og sikker str\u00f8mforsyning til servere og utstyr, uansett omstendigheter.<\/p>\n\n\n\n<h2 class=\"wp-block-heading\">Internett-tilkobling<\/h2>\n\n\n\n<p>Tilkoblingen er redundant, og det er flere uavhengige fiberforbindelser i serverhallen. Nettstedshotellet bruker to internettforbindelser, Portlane og Broadband2, med en samlet kapasitet p\u00e5 mer enn 160 Gigabit\/s.<\/p>\n\n\n\n<p>Sajthotellets&nbsp;<a href=\"https:\/\/www.sajthotellet.com\/nb\/egen-server\/\" data-type=\"page\" data-id=\"4098\">drifts- og servertjenester<\/a>.<\/p>","protected":false},"excerpt":{"rendered":"<p>Innbrudd Serverhallen har et velutviklet og omfattende sikkerhetssystem. All adgang logges av adgangssystemet, i tillegg overv\u00e5kes hallen av kameraer og patruljeres av vakter d\u00f8gnet rundt. Innbruddsalarmer er plassert rundt om i lokalene. Kun autorisert teknisk personale har tilgang til datahallen og andre sensitive omr\u00e5der. Et datasenter som prioriterer klima og b\u00e6rekraft I dagens digitaliserte verden er datasentre en viktig del av ... <a title=\"Serverhall\" class=\"read-more\" href=\"https:\/\/www.sajthotellet.com\/nb\/serverhall\/\" aria-label=\"Read more about Serverhall\">Les mer<\/a><\/p>","protected":false},"author":1,"featured_media":0,"parent":0,"menu_order":0,"comment_status":"closed","ping_status":"closed","template":"","meta":{"footnotes":""},"class_list":["post-4223","page","type-page","status-publish"],"featured_image_src":null,"featured_image_src_square":null,"_links":{"self":[{"href":"https:\/\/www.sajthotellet.com\/nb\/wp-json\/wp\/v2\/pages\/4223","targetHints":{"allow":["GET"]}}],"collection":[{"href":"https:\/\/www.sajthotellet.com\/nb\/wp-json\/wp\/v2\/pages"}],"about":[{"href":"https:\/\/www.sajthotellet.com\/nb\/wp-json\/wp\/v2\/types\/page"}],"author":[{"embeddable":true,"href":"https:\/\/www.sajthotellet.com\/nb\/wp-json\/wp\/v2\/users\/1"}],"replies":[{"embeddable":true,"href":"https:\/\/www.sajthotellet.com\/nb\/wp-json\/wp\/v2\/comments?post=4223"}],"version-history":[{"count":5,"href":"https:\/\/www.sajthotellet.com\/nb\/wp-json\/wp\/v2\/pages\/4223\/revisions"}],"predecessor-version":[{"id":4653,"href":"https:\/\/www.sajthotellet.com\/nb\/wp-json\/wp\/v2\/pages\/4223\/revisions\/4653"}],"wp:attachment":[{"href":"https:\/\/www.sajthotellet.com\/nb\/wp-json\/wp\/v2\/media?parent=4223"}],"curies":[{"name":"wp","href":"https:\/\/api.w.org\/{rel}","templated":true}]}}