{"id":4232,"date":"2022-06-27T18:26:46","date_gmt":"2022-06-27T18:26:46","guid":{"rendered":"https:\/\/www.sajthotellet.com\/?page_id=4232"},"modified":"2023-10-24T12:38:33","modified_gmt":"2023-10-24T12:38:33","slug":"dedikert-server","status":"publish","type":"page","link":"https:\/\/www.sajthotellet.com\/nb\/dedikerad-server\/","title":{"rendered":"Dedikert server"},"content":{"rendered":"<h2 class=\"wp-block-heading\">Hva er en dedikert server?<\/h2>\n\n\n\n<p>En dedikert server brukes kun til din egen nettside eller applikasjon. Du leier serveren av Sajthotellet, men bruker den som om den var din egen. Den kan brukes til et forretningskritisk nettsted eller bedriftens intranett, men uten behov for en datatekniker p\u00e5 stedet. Serveren er forh\u00e5ndsinstallert med Linux eller Windows og klar til bruk n\u00e5r du f\u00e5r tilgang til den.<\/p>\n\n\n\n<p>Serveren din er plassert i Sajthotel's&nbsp;<a href=\"https:\/\/www.sajthotellet.com\/nb\/serverhall\/\" data-type=\"page\" data-id=\"4223\">Serverhall<\/a>.<\/p>\n\n\n\n<h2 class=\"wp-block-heading\">Fordeler med \u00e5 ha egen server<\/h2>\n\n\n\n<p>En dedikert server gir deg st\u00f8rre frihet enn et vanlig webhotell. Det betyr st\u00f8rre sikkerhet, mer plass og b\u00e5ndbredde tilpasset dine behov. Du f\u00e5r bedre ytelse fordi det ikke er noen andre kunder \u00e5 dele prosessorkraft med.<\/p>\n\n\n\n<h2 class=\"wp-block-heading\">Frihet<\/h2>\n\n\n\n<p>Installer tilpassede komponenter eller applikasjoner. Konfigurer og administrer serveren akkurat slik du \u00f8nsker. Kontroller serveren via eksternt skrivebord eller ssh, installer et kontrollpanel - mulighetene er uendelige.<\/p>\n\n\n\n<h2 class=\"wp-block-heading\">Maskinvare<\/h2>\n\n\n\n<p>Nettstedet tilbyr kun servere av h\u00f8y kvalitet fra anerkjente produsenter som Dell, HP og SuperMicro. Prisforskjellen er marginal, men p\u00e5liteligheten er mye h\u00f8yere. I tillegg er standard servicekontrakter alltid inkludert, noe som garanterer rask utskifting av eventuell defekt maskinvare direkte p\u00e5 stedet.<\/p>\n\n\n\n<h2 class=\"wp-block-heading\">Overv\u00e5king<\/h2>\n\n\n\n<p>Sajthotellet kan selvf\u00f8lgelig tilby overv\u00e5kningstjenester som sender deg en alarm hvis noe slutter \u00e5 fungere p\u00e5 serveren din. Oppdag eventuelle problemer selv, slik at du kan l\u00f8se dem f\u00f8r kundene dine blir ber\u00f8rt.<\/p>\n\n\n\n<h2 class=\"wp-block-heading\">Pris<\/h2>\n\n\n\n<p>Sajthotellet tilbyr dedikerte servere fra \u20ac 3 500 per m\u00e5ned ekskl. mva. Utviklingen g\u00e5r raskt. Vi skreddersyr en pakke etter dine behov med den nyeste teknologien og sender deg et tilbud. Du f\u00e5r en bedre server i dag enn for en m\u00e5ned siden, s\u00e5 det finnes ingen eksempler p\u00e5 maskinvare p\u00e5 nettsiden v\u00e5r.<\/p>","protected":false},"excerpt":{"rendered":"<p>Hva er en dedikert server? En dedikert server brukes kun til din egen nettside eller applikasjon. Du leier serveren av Sajthotellet, men bruker den som om den var din egen. Den kan brukes til et forretningskritisk nettsted eller bedriftens intranett, men uten behov for en datatekniker p\u00e5 stedet. Serveren er forh\u00e5ndsinstallert med Linux eller Windows ... <a title=\"Dedikert server\" class=\"read-more\" href=\"https:\/\/www.sajthotellet.com\/nb\/dedikerad-server\/\" aria-label=\"Read more about Dedikerad server\">Les mer<\/a><\/p>","protected":false},"author":1,"featured_media":0,"parent":0,"menu_order":0,"comment_status":"closed","ping_status":"closed","template":"","meta":{"footnotes":""},"class_list":["post-4232","page","type-page","status-publish"],"featured_image_src":null,"featured_image_src_square":null,"_links":{"self":[{"href":"https:\/\/www.sajthotellet.com\/nb\/wp-json\/wp\/v2\/pages\/4232","targetHints":{"allow":["GET"]}}],"collection":[{"href":"https:\/\/www.sajthotellet.com\/nb\/wp-json\/wp\/v2\/pages"}],"about":[{"href":"https:\/\/www.sajthotellet.com\/nb\/wp-json\/wp\/v2\/types\/page"}],"author":[{"embeddable":true,"href":"https:\/\/www.sajthotellet.com\/nb\/wp-json\/wp\/v2\/users\/1"}],"replies":[{"embeddable":true,"href":"https:\/\/www.sajthotellet.com\/nb\/wp-json\/wp\/v2\/comments?post=4232"}],"version-history":[{"count":5,"href":"https:\/\/www.sajthotellet.com\/nb\/wp-json\/wp\/v2\/pages\/4232\/revisions"}],"predecessor-version":[{"id":4651,"href":"https:\/\/www.sajthotellet.com\/nb\/wp-json\/wp\/v2\/pages\/4232\/revisions\/4651"}],"wp:attachment":[{"href":"https:\/\/www.sajthotellet.com\/nb\/wp-json\/wp\/v2\/media?parent=4232"}],"curies":[{"name":"wp","href":"https:\/\/api.w.org\/{rel}","templated":true}]}}